{"id":12046,"date":"2018-08-16T08:38:15","date_gmt":"2018-08-16T08:38:15","guid":{"rendered":"https:\/\/aludiecasting.com\/?page_id=12046"},"modified":"2024-03-09T04:57:50","modified_gmt":"2024-03-09T04:57:50","slug":"liti-hliniku-do-pisku","status":"publish","type":"page","link":"https:\/\/aludiecasting.com\/cs\/liti-hliniku-do-pisku\/","title":{"rendered":"lit\u00ed hlin\u00edku do p\u00edsku"},"content":{"rendered":"<p>Vid\u011bli jste n\u011bkdy velk\u00fd kov ze \u017eeleza, bronzu, mosazi nebo hlin\u00edku, kter\u00fd m\u00e1 uprost\u0159ed vyobrazen\u00e9 vzory? V\u0161imli jste si dutiny ze d\u0159eva nebo kovu? Pokud odpov\u00edte ano, mysl\u00edm, \u017ee jste ji\u017e pochopili, co je to odl\u00e9v\u00e1n\u00ed. P\u00edskov\u00fd odlitek je odlitek vyroben\u00fd tak, \u017ee se ze sm\u011bsi p\u00edsku vytvo\u0159\u00ed forma a do dutiny ve form\u011b se nalije roztaven\u00fd tekut\u00fd kov. Po ochlazen\u00ed roztaven\u00fd kov ztuhne. Nakonec by se p\u00edskov\u00fd odlitek z\u00edskal pr\u00e1v\u011b odd\u011blen\u00fd od formy. toto odl\u00e9v\u00e1n\u00ed do p\u00edsku se li\u0161\u00ed od lit\u00ed pod tlakem hlin\u00edku. Obecn\u011b \u0159e\u010deno, <strong><a href=\"https:\/\/aludiecasting.com\/cs\/liti-hliniku-do-pisku\/\">Odl\u00e9v\u00e1n\u00ed hlin\u00edku do p\u00edsku<\/a><\/strong>\u00a0se vyr\u00e1b\u00ed takto.<\/p>\r\n<h1>Co je lit\u00ed hlin\u00edku do p\u00edsku<\/h1>\r\n\r\n\r\n\r\n<p>Odl\u00e9v\u00e1n\u00ed hlin\u00edku do p\u00edsku je proces v\u00fdroby hlin\u00edkov\u00fdch d\u00edl\u016f lit\u00edm roztaven\u00e9ho hlin\u00edku do p\u00edskov\u00e9 formy. Jedn\u00e1 se o univerz\u00e1ln\u00ed a n\u00e1kladov\u011b efektivn\u00ed metodu v\u00fdroby \u0161irok\u00e9 \u0161k\u00e1ly hlin\u00edkov\u00fdch d\u00edl\u016f, od jednoduch\u00fdch tvar\u016f a\u017e po slo\u017eit\u00e9 geometrie. V tomto \u010dl\u00e1nku se budeme zab\u00fdvat v\u00fdhodami lit\u00ed hlin\u00edku do p\u00edsku, procesem vytv\u00e1\u0159en\u00ed p\u00edskov\u00fdch forem a faktory, kter\u00e9 je t\u0159eba zv\u00e1\u017eit p\u0159i v\u00fdb\u011bru dodavatele lit\u00ed hlin\u00edku do p\u00edsku.<\/p>\r\n\r\n\r\n\r\n<figure class=\"wp-block-image aligncenter size-full\"><a href=\"https:\/\/aludiecasting.com\/wp-content\/uploads\/2018\/10\/Sand-Casting-Manufacturer.jpg\"><img loading=\"lazy\" decoding=\"async\" width=\"847\" height=\"480\" class=\"wp-image-12875\" src=\"https:\/\/aludiecasting.com\/wp-content\/uploads\/2018\/10\/Sand-Casting-Manufacturer.jpg\" alt=\"V\u00fdrobce p\u00edskov\u00fdch odlitk\u016f\" title=\"\" srcset=\"https:\/\/aludiecasting.com\/wp-content\/uploads\/2018\/10\/Sand-Casting-Manufacturer.jpg 847w, https:\/\/aludiecasting.com\/wp-content\/uploads\/2018\/10\/Sand-Casting-Manufacturer-300x170.jpg 300w, https:\/\/aludiecasting.com\/wp-content\/uploads\/2018\/10\/Sand-Casting-Manufacturer-768x435.jpg 768w\" sizes=\"(max-width: 847px) 100vw, 847px\" \/><\/a>\r\n<figcaption class=\"wp-element-caption\">lit\u00ed hlin\u00edku do p\u00edsku<\/figcaption>\r\n<\/figure>\r\n\r\n\r\n\r\n<h2 class=\"wp-block-heading\">V\u00fdhody lit\u00ed hlin\u00edku do p\u00edsku<\/h2>\r\n<p><strong><em>Odl\u00e9v\u00e1n\u00ed hlin\u00edku do p\u00edsku<\/em><\/strong> nab\u00edz\u00ed n\u011bkolik v\u00fdhod ve srovn\u00e1n\u00ed s <strong><em><a href=\"https:\/\/aludiecasting.com\/cs\/tlakove-liti-hliniku\/\">tlakov\u00e9 lit\u00ed hlin\u00edku<\/a><\/em><\/strong> a odl\u00e9v\u00e1n\u00ed do trval\u00fdch forem. Mezi v\u00fdhody lit\u00ed hlin\u00edku do p\u00edsku pat\u0159\u00ed:<\/p>\r\n<p>D\u00edky sv\u00e9 pru\u017enosti je hlin\u00edkov\u00e9 lit\u00ed do p\u00edsku skv\u011bl\u00e9. Pevn\u00fd a lehk\u00fd hlin\u00edk lze tvarovat mnoha zp\u016fsoby. Lze z n\u011bj vyrobit cokoli od mikroskopick\u00fdch sou\u010d\u00e1stek a\u017e po masivn\u00ed konstrukce. Proto\u017ee hlin\u00edk dob\u0159e vede teplo, po odlit\u00ed rychle chladne. To urychluje tvorbu projektu a zkracuje dobu realizace.<\/p>\r\n<p>Dal\u0161\u00ed v\u00fdhodou lit\u00ed hlin\u00edku do p\u00edsku je jeho cenov\u00e1 dostupnost. Ocel a \u017eelezo stoj\u00ed v\u00edce ne\u017e hlin\u00edk. To p\u0159itahuje firmy, kter\u00e9 se sna\u017e\u00ed u\u0161et\u0159it n\u00e1klady, ani\u017e by ob\u011btovaly kvalitu. Pro lit\u00ed hlin\u00edku do p\u00edsku jsou zapot\u0159eb\u00ed mal\u00e9 n\u00e1stroje a za\u0159\u00edzen\u00ed, co\u017e sni\u017euje v\u00fdrobn\u00ed n\u00e1klady.<\/p>\r\n<p>Odl\u00e9v\u00e1n\u00ed hlin\u00edku do p\u00edsku je drah\u00e9, ale poskytuje dobr\u00fd lesk povrchu a p\u0159esnost dimenzov\u00e1n\u00ed. Odl\u00e9v\u00e1n\u00ed do p\u00edsku vytv\u00e1\u0159\u00ed slo\u017eit\u00e9 tvary a geometrie. To zaji\u0161\u0165uje standardn\u00ed v\u00fdrobky podle projektu. Odl\u00e9v\u00e1n\u00ed hlin\u00edku do p\u00edsku vytv\u00e1\u0159\u00ed hladk\u00e9 v\u00fdrobky bez nutnosti obr\u00e1b\u011bn\u00ed nebo dokon\u010dov\u00e1n\u00ed.<\/p>\r\n<p>Odl\u00e9v\u00e1n\u00ed hlin\u00edku do p\u00edsku je \u0161etrn\u00e9 k \u017eivotn\u00edmu prost\u0159ed\u00ed. V\u00edce ne\u017e 90% kovu je recyklovateln\u00fdch. D\u00edky tomu je taven\u00ed star\u00e9ho kovu a jeho op\u011btovn\u00e9 odl\u00e9v\u00e1n\u00ed jednoduch\u00e9, co\u017e sni\u017euje mno\u017estv\u00ed odpadu a chr\u00e1n\u00ed zdroje. P\u0159i lit\u00ed hlin\u00edku do p\u00edsku se pou\u017e\u00edv\u00e1 recyklovateln\u00fd p\u00edsek, co\u017e pom\u00e1h\u00e1 \u017eivotn\u00edmu prost\u0159ed\u00ed. <br \/><br \/><\/p>\r\n<h3>Nev\u00fdhody lit\u00ed hlin\u00edku do p\u00edsku<\/h3>\r\n<p>Odl\u00e9v\u00e1n\u00ed hlin\u00edku do p\u00edsku m\u00e1 mnoho v\u00fdhod, ale m\u00e1 tak\u00e9 n\u011bkter\u00e9 nev\u00fdhody, kter\u00e9 jsou uvedeny n\u00ed\u017ee:<\/p>\r\n<p>Odl\u00e9v\u00e1n\u00ed hlin\u00edku do p\u00edsku m\u00e1 \u0161patnou povrchovou \u00fapravu, proto\u017ee forma je vyrobena z p\u00edsku, ve srovn\u00e1n\u00ed s gravita\u010dn\u00edm lit\u00edm a jin\u00fdmi procesy lit\u00ed pod tlakem je povrch lit\u00ed do p\u00edsku velmi drsn\u00fd.<\/p>\r\n<p>Tlakov\u00e9 lit\u00ed a investi\u010dn\u00ed lit\u00ed umo\u017e\u0148uj\u00ed v\u00edce mo\u017enost\u00ed konstrukce hlin\u00edkov\u00fdch odlitk\u016f z p\u00edsku. Odl\u00e9v\u00e1n\u00ed do p\u00edsku je nejvhodn\u011bj\u0161\u00ed pro z\u00e1kladn\u00ed vzory, proto\u017ee p\u00edskov\u00e9 formy mohou n\u00e9st pouze tolik detail\u016f. Pro pr\u016fmysl slo\u017eit\u00fdch d\u00edl\u016f jich nemus\u00ed b\u00fdt dostatek.<\/p>\r\n<p>Odl\u00e9v\u00e1n\u00ed hlin\u00edku do p\u00edsku m\u00e1 ni\u017e\u0161\u00ed p\u0159esnost rozm\u011br\u016f a povrchov\u00e9 \u00fapravy ne\u017e jin\u00e9 techniky odl\u00e9v\u00e1n\u00ed. P\u00edskov\u00e9 formy vytv\u00e1\u0159ej\u00ed hrub\u00e9 povrchy a rozm\u011bry, a proto mohou vy\u017eadovat dal\u0161\u00ed obr\u00e1b\u011bn\u00ed nebo dokon\u010dovac\u00ed pr\u00e1ce, aby bylo dosa\u017eeno po\u017eadovan\u00e9ho v\u00fdsledku. To m\u016f\u017ee sn\u00ed\u017eit v\u00fdkon, zv\u00fd\u0161it n\u00e1klady a znehodnotit d\u00edly.<\/p>\r\n<p>Odl\u00e9v\u00e1n\u00ed hlin\u00edku do p\u00edsku trv\u00e1 dlouho, zejm\u00e9na u v\u011bt\u0161\u00edch nebo slo\u017eit\u011bj\u0161\u00edch p\u0159edm\u011bt\u016f. P\u0159\u00edprava p\u00edskov\u00e9 formy, lit\u00ed roztaven\u00e9ho kovu a chlazen\u00ed a kalen\u00ed p\u0159edm\u011btu m\u016f\u017ee v\u00fdrobu zdr\u017eet. To m\u016f\u017ee m\u00edt dopad na podniky s kr\u00e1tk\u00fdmi term\u00edny nebo rychl\u00fdm obratem.<\/p>\r\n<h3>V\u00fdzvy p\u0159i lit\u00ed hlin\u00edku do p\u00edsku<\/h3>\r\n<p>Mezi probl\u00e9my p\u0159i lit\u00ed hlin\u00edku do p\u00edsku mohou pat\u0159it r\u016fzn\u00e9 faktory, kter\u00e9 ovliv\u0148uj\u00ed kvalitu a \u00fa\u010dinnost procesu lit\u00ed. N\u011bkter\u00e9 b\u011b\u017en\u00e9 probl\u00e9my jsou uvedeny n\u00ed\u017ee:<\/p>\r\n<p><strong>P\u00f3rovitost:<\/strong> Por\u00e9zn\u00ed hlin\u00edkov\u00e9 odlitky z p\u00edsku obsahuj\u00ed mikroskopick\u00e9 vzduchov\u00e9 kapsy nebo mezery uvnit\u0159. P\u00f3rovitost m\u016f\u017ee vzniknout u p\u00edskov\u00e9 formy se \u0161patn\u00fdm odv\u011btr\u00e1v\u00e1n\u00edm.<\/p>\r\n<p><strong>Povrchov\u00e9 vady<\/strong>: Vzhledem k tomu, \u017ee forma je vyrobena z p\u00edsku, tak povrch bude v\u017edy probl\u00e9mem, na kter\u00fd je t\u0159eba myslet, \u0161patn\u00e1 povrchov\u00e1 \u00faprava je kl\u00ed\u010dovou vlastnost\u00ed p\u00edskov\u00fdch odlitk\u016f.<\/p>\r\n<p><strong>Rozm\u011brov\u00e1 p\u0159esnost:<\/strong> P\u0159esnost p\u0159i lit\u00ed hlin\u00edku do p\u00edsku je obt\u00ed\u017en\u00e1. Chlazen\u00ed a tuhnut\u00ed roztaven\u00e9ho hlin\u00edku m\u016f\u017ee zp\u016fsobit smr\u0161t\u011bn\u00ed a deformaci odlitku, p\u00edskov\u00e1 forma tak\u00e9 nem\u016f\u017ee splnit p\u0159\u00edsnou toleranci.<\/p>\r\n\r\n\r\n\r\n<h3 class=\"wp-block-heading\">Co je hlin\u00edkov\u00e1 forma na lit\u00ed do p\u00edsku<\/h3>\r\n\r\n\r\n\r\n<p>Jako do\u010dasn\u00e1 forma se k v\u00fdrob\u011b kovov\u00fdch sou\u010d\u00e1st\u00ed technikou lit\u00ed do p\u00edsku pou\u017e\u00edv\u00e1 hlin\u00edkov\u00e1 forma na odl\u00e9v\u00e1n\u00ed do p\u00edsku. Formy se vyr\u00e1b\u011bj\u00ed tak, \u017ee se p\u00edskov\u00e9 lo\u017ee napln\u00ed kolem vzoru, kter\u00fd je replikou d\u00edlu, kter\u00fd se m\u00e1 odl\u00edt. Mezi b\u011b\u017en\u00e9 materi\u00e1ly pou\u017e\u00edvan\u00e9 k v\u00fdrob\u011b p\u0159edlohy pat\u0159\u00ed d\u0159evo, plast a kov. Po vytvo\u0159en\u00ed p\u00edskov\u00e9 formy se forma rozd\u011bl\u00ed na polovinu a vnit\u0159ek formy se napln\u00ed roztaven\u00fdm hlin\u00edkem. Odl\u00e9v\u00e1n\u00ed hlin\u00edku je dokon\u010deno, kdy\u017e se po ochlazen\u00ed a ztuhnut\u00ed kov p\u0159izp\u016fsob\u00ed obrys\u016fm formy. Po dokon\u010den\u00ed odl\u00e9v\u00e1n\u00ed se p\u00edskov\u00e1 forma bu\u010f zlikviduje, nebo se p\u0159em\u011bn\u00ed na nov\u00fd materi\u00e1l. <\/p>\r\n\r\n\r\n\r\n<h2 class=\"wp-block-heading\">Proces vytv\u00e1\u0159en\u00ed hlin\u00edkov\u00fdch p\u00edskov\u00fdch forem<\/h2>\r\n\r\n\r\n\r\n<p>Proces v\u00fdroby p\u00edskov\u00e9 formy pro lit\u00ed hlin\u00edku do p\u00edsku zahrnuje n\u011bkolik krok\u016f, v\u010detn\u011b v\u00fdroby vzoru, formov\u00e1n\u00ed a lit\u00ed.<\/p>\r\n\r\n\r\n\r\n<p>Z\u00e1kladn\u00edm krokem je um\u00edst\u011bn\u00ed vzoru do p\u00edsku a vytvo\u0159en\u00ed formy. Je t\u0159eba zm\u00ednit, \u017ee forma m\u00e1 dv\u011b \u010d\u00e1sti rozd\u011blen\u00e9 d\u011bl\u00edc\u00ed \u010d\u00e1rou. Horn\u00ed polovina je kope\u010dek a spodn\u00ed polovina je vlek. A jak v\u00edte, existuj\u00ed 2 hlavn\u00ed druhy p\u00edsku. Jeden se naz\u00fdv\u00e1 \"zelen\u00fd p\u00edsek\" a druh\u00fd je \"vzduchov\u00e1 souprava\". P\u0159edchoz\u00ed je sm\u011bs k\u0159emi\u010dit\u00e9ho p\u00edsku a ten druh\u00fd je such\u00fd p\u00edsek s jin\u00fdm materi\u00e1lem prost\u0159ednictv\u00edm vytvrzuj\u00edc\u00edho lepidla.<\/p>\r\n\r\n\r\n\r\n<p>Pot\u00e9 vyjm\u011bte vzor a p\u0159elijte roztaven\u00fd kov do formy. K odstran\u011bn\u00ed vzoru m\u016f\u017eete pou\u017e\u00edt vibra\u010dn\u00ed a mechanickou metodu. A odd\u011bl\u00ed se od tahu. V r\u00e1mci mechanick\u00fdch metod se p\u00edskov\u00e1 sm\u011bs sestav\u00ed do dutiny formy. Podle r\u016fzn\u00fdch typ\u016f p\u00edsku se li\u0161\u00ed zm\u011bna, ke kter\u00e9 b\u011bhem tohoto procesu do\u0161lo. A\u0165 u\u017e je to jakkoli, je zapot\u0159eb\u00ed stoupa\u010dka, kter\u00e1 zadr\u017euje p\u0159ebyte\u010dn\u00fd roztaven\u00fd materi\u00e1l, aby se zabr\u00e1nilo vzniku d\u011br v hlavn\u00edm odlitku.<\/p>\r\n\r\n\r\n\r\n<p>Pot\u00e9 nechte kov vychladnout. V tomto okam\u017eiku jsou kapaliny ztuhl\u00e9. Je \u010das odlomit formu a odlitek vyjmout. Je pravda, \u017ee p\u0159i odstra\u0148ov\u00e1n\u00ed se forma zni\u010d\u00ed. Samotnou formu v\u0161ak lze znovu pou\u017e\u00edt k v\u00fdrob\u011b nov\u00e9\u00a0<strong><a href=\"https:\/\/aludiecasting.com\/cs\/liti-hliniku-do-pisku\/\">formy na odl\u00e9v\u00e1n\u00ed do p\u00edsku<\/a>.<\/strong>\u00a0A pokud chcete z\u00edskat propracovan\u011bj\u0161\u00ed odlitek, je t\u0159eba povrchy vyle\u0161tit.<\/p>\r\n\r\n\r\n\r\n<h3 class=\"wp-block-heading\">Faktory, kter\u00e9 je t\u0159eba zv\u00e1\u017eit p\u0159i v\u00fdb\u011bru dodavatele hlin\u00edkov\u00fdch odlitk\u016f do p\u00edsku<\/h3>\r\n\r\n\r\n\r\n<p>P\u0159i v\u00fdb\u011bru dodavatele odlitk\u016f z kovov\u00e9ho p\u00edsku pro v\u00fdrobu je t\u0159eba myslet na \u0159adu v\u011bc\u00ed. Pomoc\u00ed lit\u00ed hlin\u00edku do p\u00edsku se vyr\u00e1b\u00ed mnoho slo\u017eit\u00fdch d\u00edl\u016f a v\u00fdb\u011br spr\u00e1vn\u00e9ho dodavatele m\u016f\u017ee zm\u011bnit kvalitu i cenu. V tomto p\u0159\u00edsp\u011bvku na blogu budeme hovo\u0159it o faktorech, kter\u00e9 se pod\u00edlej\u00ed na v\u00fdb\u011bru zdroje pro odl\u00e9v\u00e1n\u00ed hlin\u00edku do p\u00edsku. <br \/><br \/>P\u0159i hled\u00e1n\u00ed dodavatele odlitk\u016f z hlin\u00edku do p\u00edsku jsou velmi d\u016fle\u017eit\u00e9 zku\u0161enosti a dovednosti. Najd\u011bte si spole\u010dnost, kter\u00e1 vyr\u00e1b\u00ed vysoce kvalitn\u00ed kovov\u00e9 odlitky pro mnoho r\u016fzn\u00fdch typ\u016f podnik\u016f. Dodavatel\u00e9 s velk\u00fdmi zku\u0161enostmi mohou vyr\u00e1b\u011bt d\u00edly s p\u0159\u00edsn\u00fdmi specifikacemi a slo\u017eit\u00fdmi konstrukcemi. <br \/><br \/>D\u016fle\u017eit\u00e1 je tak\u00e9 schopnost dodavatele vyr\u00e1b\u011bt. Ujist\u011bte se, \u017ee poskytovatel slu\u017eeb m\u00e1 n\u00e1stroje a materi\u00e1ly, kter\u00e9 pot\u0159ebujete k odl\u00e9v\u00e1n\u00ed. Uvede velikost a typ sv\u00e9 formy a schopnost dodr\u017eet v\u00fdrobn\u00ed term\u00edny. Dal\u0161\u00ed v\u011bc\u00ed, kterou byste m\u011bli ud\u011blat, je pod\u00edvat se na kontrolu kvality a certifikace dodavatele. Najd\u011bte si zdroj, kter\u00fd je dr\u017eitelem certifik\u00e1tu ISO 9001, abyste m\u011bli jistotu, \u017ee v\u00e1mi zakoupen\u00e9 d\u00edly spl\u0148uj\u00ed nejvy\u0161\u0161\u00ed standardy kvality a konzistence. <br \/><br \/>P\u0159i v\u00fdb\u011bru dodavatele odlitk\u016f z hlin\u00edku do p\u00edsku byste m\u011bli tak\u00e9 myslet na to, kolik stoj\u00ed. D\u016fle\u017eit\u00e9 je nejen naj\u00edt dodavatele s konkurenceschopn\u00fdmi cenami, ale i jeho celkov\u00e1 hodnota. Doba dod\u00e1n\u00ed, kontrola kvality a z\u00e1kaznick\u00fd servis, to v\u0161e jsou v\u011bci, na kter\u00e9 mysl\u00edme. N\u00e1kup od levn\u00fdch dodavatel\u016f, kte\u0159\u00ed \u0161et\u0159\u00ed na kvalit\u011b nebo spolehlivosti, by v\u00e1s mohl v dlouhodob\u00e9m horizontu st\u00e1t v\u00edce. Najd\u011bte si dodavatele, jeho\u017e pom\u011br ceny a hodnoty je p\u0159im\u011b\u0159en\u00fd, a vyhn\u011bte se t\u011bm, jejich\u017e ceny jsou p\u0159\u00edli\u0161 vysok\u00e9. <br \/><br \/>P\u0159i v\u00fdb\u011bru dodavatele odlitk\u016f z hlin\u00edku do p\u00edsku je tak\u00e9 velmi d\u016fle\u017eit\u00e1 komunikace a dorozum\u00edv\u00e1n\u00ed. Najd\u011bte si dodavatele, kter\u00fd reaguje rychle, se kter\u00fdm se snadno spoj\u00edte a kter\u00fd v\u00e1m chce pomoci zjistit, co pro odl\u00e9v\u00e1n\u00ed pot\u0159ebujete. Takov\u00fd, kter\u00fd je ochoten v\u00e1m pomoci s n\u00e1vrhem i v\u00fdrobou, v\u00e1m m\u016f\u017ee zajistit ty spr\u00e1vn\u00e9 d\u00edly. <\/p>\r\n\r\n\r\n\r\n<p>N\u00e1kup d\u00edl\u016f pro odl\u00e9v\u00e1n\u00ed do p\u00edsku od\u00a0<a href=\"https:\/\/aludiecasting.com\/cs\/liti-hliniku-do-pisku\/\"><em><strong>Odl\u00e9v\u00e1n\u00ed do p\u00edsku \u010c\u00edna<\/strong><\/em><\/a>\u00a0bude nejlep\u0161\u00ed volbou pro v\u00e1\u0161 trh, rychl\u00e1 dodac\u00ed lh\u016fta, vysok\u00e1 ot\u00e1zka, odpov\u00eddaj\u00edc\u00ed, v\u0161e v jedn\u00e9 slu\u017eb\u011b bychom v\u00e1m mohli nab\u00eddnout, po\u0161lete n\u00e1m e-mail z\u00edskat cenu.<\/p>\r\n<p>Spole\u010dnost GC PRECISION MOLD CO.LTD, poskytuje kompletn\u00ed \u0159e\u0161en\u00ed pro tlakov\u00e9 lit\u00ed, v\u010detn\u011b vysokotlak\u00e9ho lit\u00ed, gravita\u010dn\u00edho lit\u00ed, lit\u00ed do p\u00edsku atd., se postar\u00e1 o v\u00e1\u0161 projekt s ve\u0161kerou odpov\u011bdnost\u00ed od n\u00e1vrhu a\u017e po dod\u00e1n\u00ed. N\u00e1\u0161 sortiment zahrnuje\u00a0<a href=\"https:\/\/aludiecasting.com\/cs\/tlakove-liti-hliniku\/\">Tlakov\u00e9 lit\u00ed hlin\u00edku<\/a>,\u00a0<a href=\"https:\/\/aludiecasting.com\/cs\/gravitacni-liti-hliniku-3\/\"><strong>gravita\u010dn\u00ed lit\u00ed hlin\u00edku<\/strong><\/a>, CNC obr\u00e1b\u011bn\u00ed,\u00a0<a href=\"https:\/\/www.thediecasting.com\/magnesium-die-casting\/\" target=\"_blank\" rel=\"noopener\">tlakov\u00e9 lit\u00ed ho\u0159\u010d\u00edku<\/a>,\u00a0<a href=\"https:\/\/aludiecasting.com\/cs\/vakuove-liti-zinku-pod-tlakem\/\">tlakov\u00e9 lit\u00ed zinku<\/a>, kovov\u00e9 lisovan\u00e9 komponenty, soustru\u017een\u00ed, komponenty elektrick\u00fdch stroj\u016f, komponenty palivov\u00fdch \u010derpadel, pouzdra pouli\u010dn\u00edho osv\u011btlen\u00ed, v\u00fdrobky s chladi\u010dem atd.<\/p>\r\n<p>Na\u0161e v\u00fdrobn\u00ed kapacita pro hlin\u00edk od 10 gm do 30 kg pro r\u016fzn\u00e1 pr\u016fmyslov\u00e1 odv\u011btv\u00ed, zejm\u00e9na pro gravita\u010dn\u00ed lit\u00ed hlin\u00edku, vyu\u017e\u00edv\u00e1me nejmodern\u011bj\u0161\u00ed proces lit\u00ed a sekund\u00e1rn\u00ed obr\u00e1b\u011bn\u00ed. Nab\u00edz\u00edme p\u0159idan\u00e9 slu\u017eby, jako je pr\u00e1\u0161kov\u00e9 lakov\u00e1n\u00ed, eloxov\u00e1n\u00ed, lakov\u00e1n\u00ed a mont\u00e1\u017e.<\/p>\r\n<p>GC MOLD m\u00e1 pomoc\u00ed nejmodern\u011bj\u0161\u00ed technologie, jsme byli v\u00fdrobu a dod\u00e1vky vysoce kvalitn\u00ed hlin\u00edkov\u00e9 gravita\u010dn\u00ed die Casting v\u00fdrobk\u016f do sv\u011bta, m\u00e1me 6 tlakov\u00e9 lit\u00ed stroje s kapacitou v rozmez\u00ed od 60 tun do 1000 tun na v\u00fdrobu die casting komponenty, pokud hled\u00e1te pro jak\u00fdkoli\u00a0<strong>tlakov\u00e9 lit\u00ed hlin\u00edku nebo gravita\u010dn\u00ed lit\u00ed hlin\u00edku<\/strong>, m\u016f\u017eete n\u00e1m zaslat sv\u016fj po\u017eadavek na cenovou nab\u00eddku, do 24 hodin v\u00e1m nab\u00eddneme nejlep\u0161\u00ed cenu.<\/p>\r\n\r\n<p>&nbsp;<\/p>\r\n\r\n<figure class=\"wp-block-gallery has-nested-images columns-4 is-cropped wp-block-gallery-1 is-layout-flex wp-block-gallery-is-layout-flex\">\r\n<figure class=\"wp-block-image size-large\"><img loading=\"lazy\" decoding=\"async\" width=\"480\" height=\"640\" data-id=\"12874\" class=\"wp-image-12874\" src=\"https:\/\/aludiecasting.com\/wp-content\/uploads\/2018\/10\/Sand-Casting-in-China.jpg\" alt=\"Odl\u00e9v\u00e1n\u00ed do p\u00edsku v \u010c\u00edn\u011b\" title=\"\" srcset=\"https:\/\/aludiecasting.com\/wp-content\/uploads\/2018\/10\/Sand-Casting-in-China.jpg 480w, https:\/\/aludiecasting.com\/wp-content\/uploads\/2018\/10\/Sand-Casting-in-China-225x300.jpg 225w\" sizes=\"(max-width: 480px) 100vw, 480px\" \/>\r\n<figcaption class=\"wp-element-caption\"><a href=\"https:\/\/aludiecasting.com\/cs\/\">Odl\u00e9v\u00e1n\u00ed do p\u00edsku v \u010c\u00edn\u011b<\/a><\/figcaption>\r\n<\/figure>\r\n\r\n\r\n\r\n<figure class=\"wp-block-image size-large\"><img loading=\"lazy\" decoding=\"async\" width=\"480\" height=\"640\" data-id=\"12879\" class=\"wp-image-12879\" src=\"https:\/\/aludiecasting.com\/wp-content\/uploads\/2018\/10\/sand-castings-china.jpg\" alt=\"p\u00edskov\u00e9 odlitky \u010c\u00edna\" title=\"\" srcset=\"https:\/\/aludiecasting.com\/wp-content\/uploads\/2018\/10\/sand-castings-china.jpg 480w, https:\/\/aludiecasting.com\/wp-content\/uploads\/2018\/10\/sand-castings-china-225x300.jpg 225w\" sizes=\"(max-width: 480px) 100vw, 480px\" \/>\r\n<figcaption class=\"wp-element-caption\"><a href=\"https:\/\/aludiecasting.com\/cs\/\">Odl\u00e9v\u00e1n\u00ed do p\u00edsku \u010c\u00edna<\/a><\/figcaption>\r\n<\/figure>\r\n\r\n\r\n\r\n<figure class=\"wp-block-image size-large\"><img loading=\"lazy\" decoding=\"async\" width=\"480\" height=\"640\" data-id=\"12867\" class=\"wp-image-12867\" src=\"https:\/\/aludiecasting.com\/wp-content\/uploads\/2018\/10\/china-sand-casting.jpg\" alt=\"odl\u00e9v\u00e1n\u00ed do p\u00edsku v \u010c\u00edn\u011b\" title=\"\" srcset=\"https:\/\/aludiecasting.com\/wp-content\/uploads\/2018\/10\/china-sand-casting.jpg 480w, https:\/\/aludiecasting.com\/wp-content\/uploads\/2018\/10\/china-sand-casting-225x300.jpg 225w\" sizes=\"(max-width: 480px) 100vw, 480px\" \/>\r\n<figcaption class=\"wp-element-caption\">\u010c\u00edna odl\u00e9v\u00e1n\u00ed do p\u00edsku<\/figcaption>\r\n<\/figure>\r\n\r\n\r\n\r\n<figure class=\"wp-block-image size-large\"><img loading=\"lazy\" decoding=\"async\" data-id=\"12869\" class=\"alignnone wp-image-12869\" src=\"https:\/\/aludiecasting.com\/wp-content\/uploads\/2018\/10\/Chinese-sand-casting.jpg\" alt=\"Odl\u00e9v\u00e1n\u00ed hlin\u00edku do p\u00edsku\" width=\"480\" height=\"640\" title=\"\" srcset=\"https:\/\/aludiecasting.com\/wp-content\/uploads\/2018\/10\/Chinese-sand-casting.jpg 480w, https:\/\/aludiecasting.com\/wp-content\/uploads\/2018\/10\/Chinese-sand-casting-225x300.jpg 225w\" sizes=\"(max-width: 480px) 100vw, 480px\" \/>\r\n<figcaption class=\"wp-element-caption\">\u010c\u00ednsk\u00e9 odl\u00e9v\u00e1n\u00ed do p\u00edsku<\/figcaption>\r\n<\/figure>\r\n<\/figure>","protected":false},"excerpt":{"rendered":"<p>Have you seen a large metal made of iron, bronze, brass or aluminum with some featured patterns in the middle? Have you noticed a cavity of wood or metal? If you say yes, I think you have already got the idea of casting. The sand is a cast part produced by forming a mold from [&hellip;]<\/p>\n","protected":false},"author":1,"featured_media":0,"parent":0,"menu_order":0,"comment_status":"closed","ping_status":"closed","template":"","meta":{"_et_pb_use_builder":"off","_et_pb_old_content":"","_et_gb_content_width":"","footnotes":""},"class_list":["post-12046","page","type-page","status-publish","hentry"],"_links":{"self":[{"href":"https:\/\/aludiecasting.com\/cs\/wp-json\/wp\/v2\/pages\/12046","targetHints":{"allow":["GET"]}}],"collection":[{"href":"https:\/\/aludiecasting.com\/cs\/wp-json\/wp\/v2\/pages"}],"about":[{"href":"https:\/\/aludiecasting.com\/cs\/wp-json\/wp\/v2\/types\/page"}],"author":[{"embeddable":true,"href":"https:\/\/aludiecasting.com\/cs\/wp-json\/wp\/v2\/users\/1"}],"replies":[{"embeddable":true,"href":"https:\/\/aludiecasting.com\/cs\/wp-json\/wp\/v2\/comments?post=12046"}],"version-history":[{"count":0,"href":"https:\/\/aludiecasting.com\/cs\/wp-json\/wp\/v2\/pages\/12046\/revisions"}],"wp:attachment":[{"href":"https:\/\/aludiecasting.com\/cs\/wp-json\/wp\/v2\/media?parent=12046"}],"curies":[{"name":"wp","href":"https:\/\/api.w.org\/{rel}","templated":true}]}}