{"id":12046,"date":"2018-08-16T08:38:15","date_gmt":"2018-08-16T08:38:15","guid":{"rendered":"https:\/\/aludiecasting.com\/?page_id=12046"},"modified":"2024-03-09T04:57:50","modified_gmt":"2024-03-09T04:57:50","slug":"sandstobning-af-aluminium","status":"publish","type":"page","link":"https:\/\/aludiecasting.com\/da\/sandstobning-af-aluminium\/","title":{"rendered":"Sandst\u00f8bning af aluminium"},"content":{"rendered":"<p>Har du set et stort metal lavet af jern, bronze, messing eller aluminium med nogle m\u00f8nstre i midten? Har du bem\u00e6rket et hulrum af tr\u00e6 eller metal? Hvis du siger ja, tror jeg, at du allerede har f\u00e5et ideen om st\u00f8bning. Sandet er en st\u00f8bt del, der fremstilles ved at forme en form af en sandblanding og h\u00e6lde smeltet flydende metal i hulrummet i formen. Efter afk\u00f8lingsprocessen er det smeltede metal st\u00f8rknet. Til sidst f\u00e5r man en sandst\u00f8bning, der lige er skilt fra formen. Denne sandst\u00f8bning adskiller sig fra aluminiumsst\u00f8bning. Generelt set, <strong><a href=\"https:\/\/aludiecasting.com\/da\/sandstobning-af-aluminium\/\">Sandst\u00f8bning af aluminium<\/a><\/strong>\u00a0produceres p\u00e5 f\u00f8lgende m\u00e5de.<\/p>\r\n<h1>Hvad er sandst\u00f8bning af aluminium?<\/h1>\r\n\r\n\r\n\r\n<p>Sandst\u00f8bning af aluminium er en proces, hvor man skaber aluminiumsdele ved at h\u00e6lde smeltet aluminium i en sandform. Det er en alsidig og omkostningseffektiv metode til at producere en bred vifte af aluminiumsdele, fra enkle former til komplekse geometrier. I denne artikel vil vi udforske fordelene ved aluminiumsandst\u00f8bning, processen med at skabe sandforme og de faktorer, man skal overveje, n\u00e5r man v\u00e6lger en leverand\u00f8r af aluminiumsandst\u00f8bning.<\/p>\r\n\r\n\r\n\r\n<figure class=\"wp-block-image aligncenter size-full\"><a href=\"https:\/\/aludiecasting.com\/wp-content\/uploads\/2018\/10\/Sand-Casting-Manufacturer.jpg\"><img loading=\"lazy\" decoding=\"async\" width=\"847\" height=\"480\" class=\"wp-image-12875\" src=\"https:\/\/aludiecasting.com\/wp-content\/uploads\/2018\/10\/Sand-Casting-Manufacturer.jpg\" alt=\"Producent af sandst\u00f8bning\" title=\"\" srcset=\"https:\/\/aludiecasting.com\/wp-content\/uploads\/2018\/10\/Sand-Casting-Manufacturer.jpg 847w, https:\/\/aludiecasting.com\/wp-content\/uploads\/2018\/10\/Sand-Casting-Manufacturer-300x170.jpg 300w, https:\/\/aludiecasting.com\/wp-content\/uploads\/2018\/10\/Sand-Casting-Manufacturer-768x435.jpg 768w\" sizes=\"(max-width: 847px) 100vw, 847px\" \/><\/a>\r\n<figcaption class=\"wp-element-caption\">Sandst\u00f8bning af aluminium<\/figcaption>\r\n<\/figure>\r\n\r\n\r\n\r\n<h2 class=\"wp-block-heading\">Fordele ved sandst\u00f8bning af aluminium<\/h2>\r\n<p><strong><em>Sandst\u00f8bning af aluminium<\/em><\/strong> giver flere fordele sammenlignet med <strong><em><a href=\"https:\/\/aludiecasting.com\/da\/trykstobning-af-aluminium-2\/\">trykst\u00f8bning af aluminium<\/a><\/em><\/strong> og permanent formst\u00f8bning. Nogle af fordelene ved sandst\u00f8bning af aluminium omfatter:<\/p>\r\n<p>Dens fleksibilitet g\u00f8r sandst\u00f8bning i aluminium fantastisk. St\u00e6rkt og let aluminium kan formes p\u00e5 mange m\u00e5der. Det bygger alt fra mikroskopiske komponenter til massive konstruktioner. Fordi aluminium leder varme godt, afk\u00f8les det hurtigt efter st\u00f8bning. Det fremskynder projektoprettelsen og reducerer leveringstiden.<\/p>\r\n<p>En anden fordel ved sandst\u00f8bning i aluminium er, at det er billigt. St\u00e5l og jern koster mere end aluminium. Det tiltr\u00e6kker virksomheder, som \u00f8nsker at spare omkostninger uden at g\u00e5 p\u00e5 kompromis med kvaliteten. Der er brug for sm\u00e5 v\u00e6rkt\u00f8jer og udstyr til sandst\u00f8bning af aluminium, hvilket s\u00e6nker produktionsomkostningerne.<\/p>\r\n<p>Sandst\u00f8bning af aluminium er dyrt, men giver god overfladepolering og st\u00f8rrelsespr\u00e6cision. Sandst\u00f8bning skaber komplekse former og geometrier. Det sikrer projektstandardiserede produkter. Sandst\u00f8bning af aluminium giver glatte produkter uden bearbejdning eller efterbehandling.<\/p>\r\n<p>Sandst\u00f8bning af aluminium er milj\u00f8venligt. Mere end 90% af metallet kan genbruges. Det g\u00f8r det nemt at smelte gammelt metal og st\u00f8be det igen, hvilket reducerer affaldsm\u00e6ngden og beskytter ressourcerne. Sandst\u00f8bning af aluminium bruger genanvendeligt sand, hvilket hj\u00e6lper milj\u00f8et. <br \/><br \/><\/p>\r\n<h3>Ulemper ved sandst\u00f8bning af aluminium<\/h3>\r\n<p>Sandst\u00f8bning af aluminium giver mange fordele, men det har ogs\u00e5 nogle ulemper, som er anf\u00f8rt nedenfor:<\/p>\r\n<p>Aluminiumsandst\u00f8bning har d\u00e5rlig overfladefinish, da formen er lavet af sand, sammenlignet med tyngdekraftsst\u00f8bning og anden trykst\u00f8bningsproces, vil sandst\u00f8bningsoverfladen v\u00e6re meget ru.<\/p>\r\n<p>Trykst\u00f8bning og investeringsst\u00f8bning giver flere designmuligheder for sandst\u00f8bning af aluminium. Sandst\u00f8bning er bedst til grundm\u00f8nstre, fordi sandforme kun kan b\u00e6re s\u00e5 mange detaljer. Der er m\u00e5ske ikke nok til komplekse dele i industrien.<\/p>\r\n<p>Sandst\u00f8bning af aluminium har lavere n\u00f8jagtighed i st\u00f8rrelse og overfladefinish end andre st\u00f8beteknikker. Sandforme producerer ru overflader og dimensioner, og de kan derfor kr\u00e6ve yderligere bearbejdning eller efterbehandling for at opn\u00e5 det \u00f8nskede resultat. Det kan reducere produktionen, \u00f8ge omkostningerne og forringe delene.<\/p>\r\n<p>Det tager tid at st\u00f8be aluminium i sand, is\u00e6r n\u00e5r det drejer sig om st\u00f8rre eller mere komplicerede emner. Forberedelse af sandformen, h\u00e6ldning af det smeltede metal og afk\u00f8ling og h\u00e6rdning af emnet kan forsinke produktionen. Det kan p\u00e5virke virksomheder med stramme deadlines eller hurtige omstillinger.<\/p>\r\n<h3>Udfordringer ved sandst\u00f8bning af aluminium<\/h3>\r\n<p>Udfordringerne ved sandst\u00f8bning af aluminium kan omfatte forskellige faktorer, der p\u00e5virker kvaliteten og effektiviteten af st\u00f8beprocessen. Nogle almindelige udfordringer er anf\u00f8rt nedenfor:<\/p>\r\n<p><strong>Por\u00f8sitet:<\/strong> Por\u00f8se sandst\u00f8bninger af aluminium indeholder mikroskopiske luftlommer eller huller indeni. Sandformen med d\u00e5rlig udluftning kan skabe por\u00f8sitet.<\/p>\r\n<p><strong>Overfladefejl<\/strong>: Da formen er lavet af sand, s\u00e5 vil overfladen altid v\u00e6re det problem, der skal t\u00e6nkes p\u00e5, d\u00e5rlig overfladefinish er sandst\u00f8bningens vigtigste funktioner<\/p>\r\n<p><strong>Dimensionel n\u00f8jagtighed:<\/strong> Pr\u00e6cision i aluminiumssandst\u00f8bning er vanskelig. Afk\u00f8ling og st\u00f8rkning af smeltet aluminium kan krympe og deformere st\u00f8bningen, sandformen kan ikke ogs\u00e5 opfylde den stramme tolerance.<\/p>\r\n\r\n\r\n\r\n<h3 class=\"wp-block-heading\">Hvad er sandst\u00f8bning af aluminium<\/h3>\r\n\r\n\r\n\r\n<p>Som en midlertidig form bruges en sandst\u00f8bningsform af aluminium til at producere metalkomponenter ved hj\u00e6lp af sandst\u00f8bningsteknikken. Formene laves ved at pakke en seng af sand omkring et m\u00f8nster, der er en kopi af den del, der skal st\u00f8bes. Almindelige materialer, der bruges til at lave designet, omfatter tr\u00e6, plast og metal. N\u00e5r sandformen er bygget, deles den i to, og indersiden af formen fyldes med smeltet aluminium. St\u00f8bningen af aluminium er f\u00e6rdig, n\u00e5r metallet, n\u00e5r det k\u00f8ler af og st\u00f8rkner, tilpasser sig formens konturer. N\u00e5r st\u00f8bningen er f\u00e6rdig, bliver sandformen enten kasseret eller omdannet til et nyt materiale. <\/p>\r\n\r\n\r\n\r\n<h2 class=\"wp-block-heading\">Processen med at skabe sandst\u00f8bning af aluminium<\/h2>\r\n\r\n\r\n\r\n<p>Processen med at skabe en sandform til sandst\u00f8bning af aluminium involverer flere trin, herunder m\u00f8nsterfremstilling, st\u00f8bning og st\u00f8bning.<\/p>\r\n\r\n\r\n\r\n<p>Det grundl\u00e6ggende trin er at placere et m\u00f8nster i sand for at skabe en form. Det skal n\u00e6vnes, at formen har to dele, der er delt af skillelinjen. Cope er den \u00f8verste halvdel, og drag er den nederste halvdel. Og som du ved, er der to hovedtyper af sand. Den ene kaldes \"gr\u00f8nt sand\", og den anden er \"luftsand\". Det f\u00f8rste er en blanding af kvartssand, og det sidste er t\u00f8rt sand med andet materiale gennem h\u00e6rdende lim.<\/p>\r\n\r\n\r\n\r\n<p>Fjern derefter m\u00f8nsteret, og h\u00e6ld det smeltede metal i formen. Du kan bruge vibrationer og mekaniske metoder til at fjerne m\u00f8nsteret. Og cope er adskilt fra drag. Inden for de mekaniske metoder samles sandblandingen til et formhulrum. I henhold til de forskellige typer sand er den \u00e6ndring, der skete under denne proces, forskellig. Uanset hvad er der brug for en stiger\u00f8r for at holde overskydende smeltet materiale for at undg\u00e5 hullerne i hovedst\u00f8bningen.<\/p>\r\n\r\n\r\n\r\n<p>Lad derefter metallet k\u00f8le af. I dette \u00f8jeblik er v\u00e6skerne st\u00f8rknet. Det er tid til at bryde formen v\u00e6k og fjerne st\u00f8bningen. Det er rigtigt, at formen \u00f8del\u00e6gges i fjernelsesprocessen. Men selve m\u00f8nsteret kan genbruges til at producere nye\u00a0<strong><a href=\"https:\/\/aludiecasting.com\/da\/sandstobning-af-aluminium\/\">Sandst\u00f8beforme<\/a>.<\/strong>\u00a0Og hvis du vil have en mere detaljeret st\u00f8bning, skal overfladerne poleres.<\/p>\r\n\r\n\r\n\r\n<h3 class=\"wp-block-heading\">Faktorer, du skal overveje, n\u00e5r du v\u00e6lger en leverand\u00f8r af sandst\u00f8bning af aluminium<\/h3>\r\n\r\n\r\n\r\n<p>Der er en r\u00e6kke ting, man skal t\u00e6nke p\u00e5, n\u00e5r man v\u00e6lger en leverand\u00f8r af metalsandst\u00f8bning til produktionen. Mange komplicerede dele fremstilles med sandst\u00f8bning af aluminium, og valget af den rigtige leverand\u00f8r kan \u00e6ndre b\u00e5de kvaliteten og omkostningerne. I dette blogindl\u00e6g taler vi om de faktorer, der indg\u00e5r i valget af en leverand\u00f8r af aluminiumsandst\u00f8bning. <br \/><br \/>N\u00e5r man leder efter en leverand\u00f8r af sandst\u00f8bning af aluminium, er erfaring og dygtighed meget vigtigt. Find en virksomhed, der har lavet metalst\u00f8begods af h\u00f8j kvalitet til mange forskellige typer virksomheder. Leverand\u00f8rer med stor erfaring kan lave dele med stramme specifikationer og komplicerede designs. <br \/><br \/>Leverand\u00f8rens evne til at fremstille ting er ogs\u00e5 vigtig. S\u00f8rg for, at leverand\u00f8ren har de v\u00e6rkt\u00f8jer og materialer, du har brug for til st\u00f8bning. Det viser deres formst\u00f8rrelse, type og evne til at overholde produktionsfrister. En anden ting, du b\u00f8r g\u00f8re, er at se p\u00e5 leverand\u00f8rens kvalitetskontrol og certificeringer. Find en kilde, der er ISO 9001-certificeret, s\u00e5 du er sikker p\u00e5, at de dele, du k\u00f8ber, opfylder de h\u00f8jeste standarder for kvalitet og ensartethed. <br \/><br \/>N\u00e5r du v\u00e6lger en leverand\u00f8r af aluminiumssandst\u00f8bning, b\u00f8r du ogs\u00e5 t\u00e6nke p\u00e5, hvor meget det koster. Det er ikke kun vigtigt at finde en leverand\u00f8r med konkurrencedygtige priser, men ogs\u00e5 deres samlede v\u00e6rdi. Leveringstider, kvalitetskontrol og kundeservice er alt sammen noget, vi t\u00e6nker p\u00e5. Det kan koste dig mere i det lange l\u00f8b at k\u00f8be fra billige leverand\u00f8rer, der sparer p\u00e5 kvaliteten eller p\u00e5lideligheden. Find en leverand\u00f8r med et rimeligt forhold mellem pris og v\u00e6rdi, og hold dig v\u00e6k fra dem, der har for h\u00f8je priser. <br \/><br \/>N\u00e5r du v\u00e6lger en leverand\u00f8r af aluminiumssandst\u00f8bning, er kommunikation og kommunikation ogs\u00e5 meget vigtig. Find en leverand\u00f8r, der reagerer hurtigt, er nem at komme i kontakt med og gerne vil hj\u00e6lpe dig med at finde ud af, hvad du har brug for til st\u00f8bningen. En, der er villig til at hj\u00e6lpe dig med b\u00e5de design og produktion, kan skaffe dig de rigtige dele. <\/p>\r\n\r\n\r\n\r\n<p>At k\u00f8be sandst\u00f8bningsdele fra\u00a0<a href=\"https:\/\/aludiecasting.com\/da\/sandstobning-af-aluminium\/\"><em><strong>Sandst\u00f8bning i Kina<\/strong><\/em><\/a>\u00a0vil v\u00e6re den bedste mulighed for dit marked, hurtig leveringstid, h\u00f8jt sp\u00f8rgsm\u00e5l, matchende, alt i \u00e9n service, vi kan tilbyde dig, send os en e-mail for at f\u00e5 pris.<\/p>\r\n<p>GC PRECISION MOLD CO.LTD, har leveret komplette trykst\u00f8bningsl\u00f8sninger, herunder h\u00f8jtryksst\u00f8bning, tyngdekraftst\u00f8bning, sandst\u00f8bning osv. Vi tager os af dit projekt for alt ansvar fra design til levering. Vores produktsortiment omfatter\u00a0<a href=\"https:\/\/aludiecasting.com\/da\/trykstobning-af-aluminium-2\/\">Trykst\u00f8bning af aluminium<\/a>,\u00a0<a href=\"https:\/\/aludiecasting.com\/da\/trykstobning-af-aluminium-6064\/\"><strong>trykst\u00f8bning af aluminium<\/strong><\/a>CNC-bearbejdning,\u00a0<a href=\"https:\/\/www.thediecasting.com\/magnesium-die-casting\/\" target=\"_blank\" rel=\"noopener\">trykst\u00f8bning af magnesium<\/a>,\u00a0<a href=\"https:\/\/aludiecasting.com\/da\/vakuum-zink-trykstobning\/\">Trykst\u00f8bning af zink<\/a>, metalstemplingskomponenter, drejebearbejdning, elektriske maskinkomponenter, br\u00e6ndstofpumpekomponenter, ledede gadebelysningshuse, k\u00f8lepladeprodukter osv.<\/p>\r\n<p>Vores produktionskapacitet for aluminium fra 10 g til 30 kg til forskellige industrier, is\u00e6r til aluminiums tyngdekraftsst\u00f8bningsproces, bruger vi state-of-the-art st\u00f8beproces og sekund\u00e6re bearbejdningsmuligheder. Vi tilbyder ekstra service som pulverlakering, anodisering, maling og montering.<\/p>\r\n<p>GC MOLD har brugt den nyeste teknologi, vi har produceret og leveret aluminiumsgravitetsst\u00f8bningsprodukter af h\u00f8j kvalitet til verden, vi har 6 trykst\u00f8bemaskiner med kapacitet fra 60 ton til 1000 ton til fremstilling af trykst\u00f8bningskomponenter, hvis du leder efter noget ...\u00a0<strong>trykst\u00f8bning i aluminium eller trykst\u00f8bning i aluminium<\/strong>er du velkommen til at sende os dit krav om tilbud, vi vil tilbyde dig den bedste pris inden for 24 timer.<\/p>\r\n\r\n<p>&nbsp;<\/p>\r\n\r\n<figure class=\"wp-block-gallery has-nested-images columns-4 is-cropped wp-block-gallery-1 is-layout-flex wp-block-gallery-is-layout-flex\">\r\n<figure class=\"wp-block-image size-large\"><img loading=\"lazy\" decoding=\"async\" width=\"480\" height=\"640\" data-id=\"12874\" class=\"wp-image-12874\" src=\"https:\/\/aludiecasting.com\/wp-content\/uploads\/2018\/10\/Sand-Casting-in-China.jpg\" alt=\"Sandst\u00f8bning i Kina\" title=\"\" srcset=\"https:\/\/aludiecasting.com\/wp-content\/uploads\/2018\/10\/Sand-Casting-in-China.jpg 480w, https:\/\/aludiecasting.com\/wp-content\/uploads\/2018\/10\/Sand-Casting-in-China-225x300.jpg 225w\" sizes=\"(max-width: 480px) 100vw, 480px\" \/>\r\n<figcaption class=\"wp-element-caption\"><a href=\"https:\/\/aludiecasting.com\/da\/\">Sandst\u00f8bning i Kina<\/a><\/figcaption>\r\n<\/figure>\r\n\r\n\r\n\r\n<figure class=\"wp-block-image size-large\"><img loading=\"lazy\" decoding=\"async\" width=\"480\" height=\"640\" data-id=\"12879\" class=\"wp-image-12879\" src=\"https:\/\/aludiecasting.com\/wp-content\/uploads\/2018\/10\/sand-castings-china.jpg\" alt=\"Sandst\u00f8bning i Kina\" title=\"\" srcset=\"https:\/\/aludiecasting.com\/wp-content\/uploads\/2018\/10\/sand-castings-china.jpg 480w, https:\/\/aludiecasting.com\/wp-content\/uploads\/2018\/10\/sand-castings-china-225x300.jpg 225w\" sizes=\"(max-width: 480px) 100vw, 480px\" \/>\r\n<figcaption class=\"wp-element-caption\"><a href=\"https:\/\/aludiecasting.com\/da\/\">Sandst\u00f8bning i Kina<\/a><\/figcaption>\r\n<\/figure>\r\n\r\n\r\n\r\n<figure class=\"wp-block-image size-large\"><img loading=\"lazy\" decoding=\"async\" width=\"480\" height=\"640\" data-id=\"12867\" class=\"wp-image-12867\" src=\"https:\/\/aludiecasting.com\/wp-content\/uploads\/2018\/10\/china-sand-casting.jpg\" alt=\"sandst\u00f8bning i kina\" title=\"\" srcset=\"https:\/\/aludiecasting.com\/wp-content\/uploads\/2018\/10\/china-sand-casting.jpg 480w, https:\/\/aludiecasting.com\/wp-content\/uploads\/2018\/10\/china-sand-casting-225x300.jpg 225w\" sizes=\"(max-width: 480px) 100vw, 480px\" \/>\r\n<figcaption class=\"wp-element-caption\">Kina sandst\u00f8bning<\/figcaption>\r\n<\/figure>\r\n\r\n\r\n\r\n<figure class=\"wp-block-image size-large\"><img loading=\"lazy\" decoding=\"async\" data-id=\"12869\" class=\"alignnone wp-image-12869\" src=\"https:\/\/aludiecasting.com\/wp-content\/uploads\/2018\/10\/Chinese-sand-casting.jpg\" alt=\"Sandst\u00f8bning af aluminium\" width=\"480\" height=\"640\" title=\"\" srcset=\"https:\/\/aludiecasting.com\/wp-content\/uploads\/2018\/10\/Chinese-sand-casting.jpg 480w, https:\/\/aludiecasting.com\/wp-content\/uploads\/2018\/10\/Chinese-sand-casting-225x300.jpg 225w\" sizes=\"(max-width: 480px) 100vw, 480px\" \/>\r\n<figcaption class=\"wp-element-caption\">Kinesisk sandst\u00f8bning<\/figcaption>\r\n<\/figure>\r\n<\/figure>","protected":false},"excerpt":{"rendered":"<p>Have you seen a large metal made of iron, bronze, brass or aluminum with some featured patterns in the middle? Have you noticed a cavity of wood or metal? If you say yes, I think you have already got the idea of casting. The sand is a cast part produced by forming a mold from [&hellip;]<\/p>\n","protected":false},"author":1,"featured_media":0,"parent":0,"menu_order":0,"comment_status":"closed","ping_status":"closed","template":"","meta":{"_et_pb_use_builder":"off","_et_pb_old_content":"","_et_gb_content_width":"","footnotes":""},"class_list":["post-12046","page","type-page","status-publish","hentry"],"_links":{"self":[{"href":"https:\/\/aludiecasting.com\/da\/wp-json\/wp\/v2\/pages\/12046","targetHints":{"allow":["GET"]}}],"collection":[{"href":"https:\/\/aludiecasting.com\/da\/wp-json\/wp\/v2\/pages"}],"about":[{"href":"https:\/\/aludiecasting.com\/da\/wp-json\/wp\/v2\/types\/page"}],"author":[{"embeddable":true,"href":"https:\/\/aludiecasting.com\/da\/wp-json\/wp\/v2\/users\/1"}],"replies":[{"embeddable":true,"href":"https:\/\/aludiecasting.com\/da\/wp-json\/wp\/v2\/comments?post=12046"}],"version-history":[{"count":0,"href":"https:\/\/aludiecasting.com\/da\/wp-json\/wp\/v2\/pages\/12046\/revisions"}],"wp:attachment":[{"href":"https:\/\/aludiecasting.com\/da\/wp-json\/wp\/v2\/media?parent=12046"}],"curies":[{"name":"wp","href":"https:\/\/api.w.org\/{rel}","templated":true}]}}