{"id":12046,"date":"2018-08-16T08:38:15","date_gmt":"2018-08-16T08:38:15","guid":{"rendered":"https:\/\/aludiecasting.com\/?page_id=12046"},"modified":"2024-03-09T04:57:50","modified_gmt":"2024-03-09T04:57:50","slug":"aluminium-sandguss","status":"publish","type":"page","link":"https:\/\/aludiecasting.com\/de\/aluminium-sandguss\/","title":{"rendered":"Aluminium-Sandguss"},"content":{"rendered":"<p>Haben Sie ein gro\u00dfes Metall aus Eisen, Bronze, Messing oder Aluminium gesehen, das in der Mitte ein bestimmtes Muster aufweist? Haben Sie einen Hohlraum aus Holz oder Metall bemerkt? Wenn Sie das bejahen, haben Sie sicher schon eine Vorstellung vom Gie\u00dfen bekommen. Der Sand ist ein Gussteil, das hergestellt wird, indem eine Form aus einem Sandgemisch geformt und fl\u00fcssiges Metall in den Hohlraum der Form gegossen wird. Nach dem Abk\u00fchlungsprozess ist das geschmolzene Metall erstarrt. Zum Schluss wird das Sandgussst\u00fcck einfach aus der Form gel\u00f6st. Dieser Sandguss unterscheidet sich vom Aluminiumdruckguss. Ganz allgemein gesprochen, <strong><a href=\"https:\/\/aludiecasting.com\/de\/aluminium-sandguss\/\">Aluminium-Sandguss<\/a><\/strong>\u00a0wird wie folgt hergestellt.<\/p>\r\n<h1>Was ist Aluminium-Sandguss?<\/h1>\r\n\r\n\r\n\r\n<p>Aluminiumsandguss ist ein Verfahren zur Herstellung von Aluminiumteilen durch Gie\u00dfen von geschmolzenem Aluminium in eine Sandform. Es ist eine vielseitige und kosteneffiziente Methode zur Herstellung einer breiten Palette von Aluminiumteilen, von einfachen Formen bis hin zu komplexen Geometrien. In diesem Artikel befassen wir uns mit den Vorteilen des Aluminiumsandgusses, dem Verfahren zur Herstellung von Sandformen und den Faktoren, die bei der Auswahl eines Lieferanten f\u00fcr Aluminiumsandguss zu ber\u00fccksichtigen sind.<\/p>\r\n\r\n\r\n\r\n<figure class=\"wp-block-image aligncenter size-full\"><a href=\"https:\/\/aludiecasting.com\/wp-content\/uploads\/2018\/10\/Sand-Casting-Manufacturer.jpg\"><img loading=\"lazy\" decoding=\"async\" width=\"847\" height=\"480\" class=\"wp-image-12875\" src=\"https:\/\/aludiecasting.com\/wp-content\/uploads\/2018\/10\/Sand-Casting-Manufacturer.jpg\" alt=\"Sandguss Hersteller\" title=\"\" srcset=\"https:\/\/aludiecasting.com\/wp-content\/uploads\/2018\/10\/Sand-Casting-Manufacturer.jpg 847w, https:\/\/aludiecasting.com\/wp-content\/uploads\/2018\/10\/Sand-Casting-Manufacturer-300x170.jpg 300w, https:\/\/aludiecasting.com\/wp-content\/uploads\/2018\/10\/Sand-Casting-Manufacturer-768x435.jpg 768w\" sizes=\"(max-width: 847px) 100vw, 847px\" \/><\/a>\r\n<figcaption class=\"wp-element-caption\">Aluminium-Sandguss<\/figcaption>\r\n<\/figure>\r\n\r\n\r\n\r\n<h2 class=\"wp-block-heading\">Vorteile des Aluminium-Sandgusses<\/h2>\r\n<p><strong><em>Aluminium-Sandguss<\/em><\/strong> bietet mehrere Vorteile im Vergleich zu <strong><em><a href=\"https:\/\/aludiecasting.com\/de\/aluminiumdruckguss-2\/\">Aluminiumdruckguss<\/a><\/em><\/strong> und Dauerformguss. Einige der Vorteile des Aluminium-Sandgusses sind:<\/p>\r\n<p>Seine Flexibilit\u00e4t macht Aluminium-Sandguss zu einem gro\u00dfartigen Werkstoff. Starkes und leichtes Aluminium kann auf viele Arten bearbeitet werden. Es l\u00e4sst sich f\u00fcr mikroskopisch kleine Bauteile bis hin zu massiven Konstruktionen verwenden. Da Aluminium die W\u00e4rme gut leitet, k\u00fchlt es nach dem Gie\u00dfen schnell ab. Dies beschleunigt die Projektentwicklung und verk\u00fcrzt die Vorlaufzeiten.<\/p>\r\n<p>Ein weiterer Vorteil des Aluminiumsandgusses ist seine Erschwinglichkeit. Stahl und Eisen sind teurer als Aluminium. Das zieht Unternehmen an, die Kosten sparen wollen, ohne Abstriche bei der Qualit\u00e4t zu machen. F\u00fcr den Aluminiumsandguss werden nur kleine Werkzeuge und Ger\u00e4te ben\u00f6tigt, was die Produktionskosten senkt.<\/p>\r\n<p>Aluminiumsandguss ist teuer, bietet aber eine gute Oberfl\u00e4chenpolitur und Gr\u00f6\u00dfengenauigkeit. Im Sandgussverfahren werden komplexe Formen und Geometrien hergestellt. Dies gew\u00e4hrleistet projektspezifische Produkte. Aluminium-Sandguss erzeugt glatte Produkte ohne Bearbeitung oder Nachbearbeitung.<\/p>\r\n<p>Aluminium-Sandguss ist umweltfreundlich. Mehr als 90% des Metalls sind recycelbar. Das macht das Einschmelzen von Altmetall und das erneute Gie\u00dfen einfach, reduziert den Abfall und schont die Ressourcen. Beim Aluminiumsandguss wird recycelbarer Sand verwendet, was der Umwelt zugute kommt. <br \/><br \/><\/p>\r\n<h3>Nachteile von Aluminium-Sandguss<\/h3>\r\n<p>Aluminiumsandguss bietet viele Vorteile, hat aber auch einige Nachteile, die im Folgenden aufgef\u00fchrt sind:<\/p>\r\n<p>Aluminium-Sandguss hat schlechte Oberfl\u00e4cheng\u00fcte, da die Form aus Sand, im Vergleich zu Kokillenguss und anderen Druckgussverfahren, Sandguss Oberfl\u00e4che wird sehr rau sein.<\/p>\r\n<p>Druckguss und Feinguss bieten mehr Gestaltungsm\u00f6glichkeiten f\u00fcr Aluminium-Sandguss. Sandguss eignet sich am besten f\u00fcr einfache Modelle, da Sandformen nur eine bestimmte Anzahl von Details aufnehmen k\u00f6nnen. F\u00fcr komplexe Teile der Industrie reichen sie m\u00f6glicherweise nicht aus.<\/p>\r\n<p>Aluminium-Sandguss hat eine geringere Ma\u00df- und Oberfl\u00e4chengenauigkeit als andere Gie\u00dfverfahren. Sandgussformen erzeugen raue Oberfl\u00e4chen und Abmessungen, so dass eine zus\u00e4tzliche Bearbeitung oder Nachbearbeitung erforderlich sein kann, um das gew\u00fcnschte Ergebnis zu erzielen. Dies kann die Produktion verringern, die Kosten erh\u00f6hen und die Teile verschlechtern.<\/p>\r\n<p>Das Gie\u00dfen von Aluminium in Sand nimmt Zeit in Anspruch, insbesondere bei gr\u00f6\u00dferen oder komplizierteren Artikeln. Die Vorbereitung der Sandform, das Gie\u00dfen des geschmolzenen Metalls und das Abk\u00fchlen und H\u00e4rten des Artikels k\u00f6nnen die Herstellung verz\u00f6gern. Dies kann sich auf Unternehmen mit knappen Fristen oder schnellen Durchlaufzeiten auswirken.<\/p>\r\n<h3>Herausforderungen beim Aluminium-Sandguss<\/h3>\r\n<p>Zu den Herausforderungen beim Aluminiumsandguss k\u00f6nnen verschiedene Faktoren geh\u00f6ren, die die Qualit\u00e4t und Effizienz des Gie\u00dfprozesses beeintr\u00e4chtigen. Einige h\u00e4ufige Herausforderungen sind im Folgenden aufgef\u00fchrt:<\/p>\r\n<p><strong>Porosit\u00e4t:<\/strong> Por\u00f6se Aluminiumsandgussst\u00fccke enthalten mikroskopisch kleine Lufttaschen oder L\u00fccken im Inneren. Die Sandform mit schlechter Entl\u00fcftung kann Porosit\u00e4t erzeugen.<\/p>\r\n<p><strong>Oberfl\u00e4chenfehler<\/strong>: Da die Form aus Sand hergestellt wird, ist die Oberfl\u00e4che immer ein Thema, \u00fcber das man nachdenken muss. Eine schlechte Oberfl\u00e4chenbeschaffenheit ist das Hauptmerkmal von Sandgussst\u00fccken.<\/p>\r\n<p><strong>Ma\u00dfhaltigkeit:<\/strong> Die Pr\u00e4zision beim Aluminium-Sandguss ist schwierig. Das Abk\u00fchlen und Erstarren von geschmolzenem Aluminium kann das Gussteil schrumpfen und verformen, die Sandform kann die engen Toleranzen nicht einhalten.<\/p>\r\n\r\n\r\n\r\n<h3 class=\"wp-block-heading\">Was ist eine Aluminium-Sandgussform?<\/h3>\r\n\r\n\r\n\r\n<p>Als tempor\u00e4re Form wird eine Aluminium-Sandgussform zur Herstellung von Metallteilen im Sandgussverfahren verwendet. Die Formen werden hergestellt, indem ein Sandbett um ein Modell gepackt wird, das eine Nachbildung des zu gie\u00dfenden Teils ist. F\u00fcr die Herstellung des Modells werden \u00fcblicherweise Materialien wie Holz, Kunststoff und Metall verwendet. Nachdem die Sandform gebaut wurde, wird sie in zwei H\u00e4lften geteilt und das Innere der Form mit geschmolzenem Aluminium gef\u00fcllt. Das Gie\u00dfen von Aluminium ist abgeschlossen, wenn sich das Metall beim Abk\u00fchlen und Erstarren den Konturen der Form anpasst. Nach Abschluss des Gie\u00dfens wird die Sandform entweder entsorgt oder in ein neues Material umgewandelt. <\/p>\r\n\r\n\r\n\r\n<h2 class=\"wp-block-heading\">Der Prozess der Herstellung von Aluminium-Sandguss<\/h2>\r\n\r\n\r\n\r\n<p>Der Prozess der Herstellung einer Sandform f\u00fcr Aluminium-Sandguss umfasst mehrere Schritte, darunter die Modellherstellung, das Abformen und das Gie\u00dfen.<\/p>\r\n\r\n\r\n\r\n<p>Der grundlegende Schritt besteht darin, ein Modell in Sand zu setzen, um eine Form zu erstellen. Es sollte erw\u00e4hnt werden, dass die Form aus zwei Teilen besteht, die durch die Trennlinie getrennt sind. Die Oberseite ist die obere H\u00e4lfte und die Unterseite ist die Unterseite. Und wie Sie wissen, gibt es 2 Hauptarten von Sand. Der eine wird \"gr\u00fcner Sand\" genannt, der andere ist der \"Luftsand\". Ersterer ist eine Mischung aus Quarzsand, letzterer ist trockener Sand mit anderen Materialien durch aush\u00e4rtenden Klebstoff.<\/p>\r\n\r\n\r\n\r\n<p>Dann entfernen Sie das Modell und gie\u00dfen das geschmolzene Metall in die Form. Sie k\u00f6nnen die Vibration und mechanische Methode verwenden, um das Modell zu entfernen. Und die Oberfl\u00e4che wird vom Widerstand getrennt. Bei den mechanischen Verfahren wird das Sandgemisch zu einem Formhohlraum zusammengesetzt. Je nach den verschiedenen Sandarten ist die Ver\u00e4nderung, die w\u00e4hrend dieses Prozesses stattfindet, unterschiedlich. In jedem Fall wird ein Speiser ben\u00f6tigt, um \u00fcbersch\u00fcssiges geschmolzenes Material zu halten, um L\u00f6cher im Hauptgussst\u00fcck zu vermeiden.<\/p>\r\n\r\n\r\n\r\n<p>Anschlie\u00dfend lassen Sie das Metall abk\u00fchlen. In diesem Moment sind die Fl\u00fcssigkeiten erstarrt. Nun ist es an der Zeit, die Form abzubrechen und das Gussteil zu entfernen. Zwar wird die Form beim Herausnehmen zerst\u00f6rt. Das Modell selbst kann jedoch f\u00fcr die Herstellung neuer Modelle wiederverwendet werden.\u00a0<strong><a href=\"https:\/\/aludiecasting.com\/de\/aluminium-sandguss\/\">Sandgussformen<\/a>.<\/strong>\u00a0Und wenn Sie einen aufw\u00e4ndigeren Guss w\u00fcnschen, sollten die Oberfl\u00e4chen poliert werden.<\/p>\r\n\r\n\r\n\r\n<h3 class=\"wp-block-heading\">Faktoren, die bei der Auswahl eines Lieferanten f\u00fcr Aluminiumsandguss zu ber\u00fccksichtigen sind<\/h3>\r\n\r\n\r\n\r\n<p>Bei der Auswahl eines Anbieters von Metallsandguss f\u00fcr die Produktion gibt es eine Reihe von Dingen zu bedenken. Viele komplizierte Teile werden mit Aluminiumsandguss hergestellt, und die Wahl des richtigen Anbieters kann sich sowohl auf die Qualit\u00e4t als auch auf die Kosten auswirken. In diesem Blogbeitrag sprechen wir \u00fcber die Faktoren, die bei der Auswahl eines Aluminiumsandgussanbieters eine Rolle spielen. <br \/><br \/>Bei der Suche nach einem Anbieter von Aluminium-Sandguss sind Erfahrung und Kompetenz sehr wichtig. Suchen Sie ein Unternehmen, das hochwertige Metallgussteile f\u00fcr viele verschiedene Arten von Unternehmen hergestellt hat. Anbieter mit viel Erfahrung k\u00f6nnen Teile mit engen Spezifikationen und komplizierten Designs herstellen. <br \/><br \/>Auch die F\u00e4higkeit des Anbieters, Dinge herzustellen, ist wichtig. Vergewissern Sie sich, dass der Dienstleister \u00fcber die Werkzeuge und Materialien verf\u00fcgt, die Sie zum Gie\u00dfen ben\u00f6tigen. Hier werden die Gr\u00f6\u00dfe und der Typ der Gussform sowie die F\u00e4higkeit zur Einhaltung der Produktionsfristen aufgef\u00fchrt. Au\u00dferdem sollten Sie einen Blick auf die Qualit\u00e4tskontrolle und die Zertifizierungen des Anbieters werfen. Suchen Sie einen Anbieter, der nach ISO 9001 zertifiziert ist, um sicherzustellen, dass die von Ihnen gekauften Teile den h\u00f6chsten Qualit\u00e4ts- und Konsistenzstandards entsprechen. <br \/><br \/>Bei der Auswahl eines Anbieters von Aluminiumsandguss sollten Sie auch \u00fcber dessen Kosten nachdenken. Es ist nicht nur wichtig, einen Anbieter mit wettbewerbsf\u00e4higen Preisen zu finden, sondern auch dessen Gesamtwert. Vorlaufzeiten, Qualit\u00e4tskontrolle und Kundendienst sind alles Dinge, an die wir denken. Es k\u00f6nnte Sie auf lange Sicht mehr kosten, wenn Sie bei billigen Anbietern kaufen, die bei der Qualit\u00e4t oder Zuverl\u00e4ssigkeit Abstriche machen. Suchen Sie sich einen Lieferanten mit einem fairen Preis-Leistungs-Verh\u00e4ltnis und meiden Sie diejenigen, deren Preise zu hoch sind. <br \/><br \/>Bei der Auswahl eines Anbieters von Aluminiumsandguss sind Kommunikation und Verst\u00e4ndigung ebenfalls sehr wichtig. Suchen Sie sich einen Anbieter, der schnell reagiert, leicht zu erreichen ist und Ihnen helfen will, herauszufinden, was Sie f\u00fcr das Gie\u00dfen ben\u00f6tigen. Ein Anbieter, der bereit ist, Ihnen sowohl bei der Konstruktion als auch bei der Produktion zu helfen, kann Ihnen die richtigen Teile besorgen. <\/p>\r\n\r\n\r\n\r\n<p>So kaufen Sie Sandgussteile von\u00a0<a href=\"https:\/\/aludiecasting.com\/de\/aluminium-sandguss\/\"><em><strong>Sandguss China<\/strong><\/em><\/a>\u00a0wird die beste Option f\u00fcr Ihren Markt sein, schnelle Lieferzeit, hohe Frage, passend, alles in einem Service, den wir Ihnen anbieten k\u00f6nnen, senden Sie uns eine E-Mail, um Preis zu erhalten.<\/p>\r\n<p>GC PRECISION MOLD CO.LTD bietet komplette Druckgussl\u00f6sungen an, einschlie\u00dflich Druckguss, Kokillenguss, Sandguss usw. Wir k\u00fcmmern uns um Ihr Projekt und \u00fcbernehmen die gesamte Verantwortung vom Entwurf bis zur Lieferung. Unsere Produktpalette umfasst\u00a0<a href=\"https:\/\/aludiecasting.com\/de\/aluminiumdruckguss-2\/\">Aluminium-Druckgu\u00df<\/a>,\u00a0<a href=\"https:\/\/aludiecasting.com\/de\/aluminium-kokillenguss-3\/\"><strong>Aluminium-Kokillenguss<\/strong><\/a>CNC-Bearbeitung,\u00a0<a href=\"https:\/\/www.thediecasting.com\/magnesium-die-casting\/\" target=\"_blank\" rel=\"noopener\">Magnesium-Druckguss<\/a>,\u00a0<a href=\"https:\/\/aludiecasting.com\/de\/vakuum-zinkdruckguss\/\">Zinkdruckguss<\/a>Stanzteile aus Metall, Drehbearbeitung, Komponenten f\u00fcr elektrische Maschinen, Komponenten f\u00fcr Kraftstoffpumpen, Geh\u00e4use f\u00fcr LED-Stra\u00dfenbeleuchtung, K\u00fchlk\u00f6rper, usw.<\/p>\r\n<p>Unsere Fertigungskapazit\u00e4ten f\u00fcr Aluminium von 10 g bis 30 kg f\u00fcr verschiedene Branchen, insbesondere f\u00fcr Aluminium-Kokillengussverfahren, nutzen wir modernste Gie\u00dfverfahren und sekund\u00e4re Bearbeitungsm\u00f6glichkeiten. Wir haben das Volumen hinzugef\u00fcgt Service wie Pulverbeschichtung, Eloxieren, Malerei und Montage bieten.<\/p>\r\n<p>GC MOLD hat mit dem Stand der Technik, haben wir die Herstellung und Lieferung von qualitativ hochwertigen Aluminium-Kokillenguss-Produkte in die Welt, Wir haben 6 Druckguss-Maschinen mit einer Kapazit\u00e4t von 60 Tonnen bis 1000 Tonnen zur Herstellung von Druckguss-Komponenten, wenn Sie sich f\u00fcr jede\u00a0<strong>Aluminium-Druckguss oder Aluminium-Kokillenguss<\/strong>Sie sind herzlich eingeladen, uns Ihre Anforderungen f\u00fcr ein Angebot zu senden, wir werden Ihnen den besten Preis in 24 Stunden anbieten.<\/p>\r\n\r\n<p>&nbsp;<\/p>\r\n\r\n<figure class=\"wp-block-gallery has-nested-images columns-4 is-cropped wp-block-gallery-1 is-layout-flex wp-block-gallery-is-layout-flex\">\r\n<figure class=\"wp-block-image size-large\"><img loading=\"lazy\" decoding=\"async\" width=\"480\" height=\"640\" data-id=\"12874\" class=\"wp-image-12874\" src=\"https:\/\/aludiecasting.com\/wp-content\/uploads\/2018\/10\/Sand-Casting-in-China.jpg\" alt=\"Sandguss in China\" title=\"\" srcset=\"https:\/\/aludiecasting.com\/wp-content\/uploads\/2018\/10\/Sand-Casting-in-China.jpg 480w, https:\/\/aludiecasting.com\/wp-content\/uploads\/2018\/10\/Sand-Casting-in-China-225x300.jpg 225w\" sizes=\"(max-width: 480px) 100vw, 480px\" \/>\r\n<figcaption class=\"wp-element-caption\"><a href=\"https:\/\/aludiecasting.com\/de\/\">Sandguss in China<\/a><\/figcaption>\r\n<\/figure>\r\n\r\n\r\n\r\n<figure class=\"wp-block-image size-large\"><img loading=\"lazy\" decoding=\"async\" width=\"480\" height=\"640\" data-id=\"12879\" class=\"wp-image-12879\" src=\"https:\/\/aludiecasting.com\/wp-content\/uploads\/2018\/10\/sand-castings-china.jpg\" alt=\"sandguss-porzellan\" title=\"\" srcset=\"https:\/\/aludiecasting.com\/wp-content\/uploads\/2018\/10\/sand-castings-china.jpg 480w, https:\/\/aludiecasting.com\/wp-content\/uploads\/2018\/10\/sand-castings-china-225x300.jpg 225w\" sizes=\"(max-width: 480px) 100vw, 480px\" \/>\r\n<figcaption class=\"wp-element-caption\"><a href=\"https:\/\/aludiecasting.com\/de\/\">Sandguss China<\/a><\/figcaption>\r\n<\/figure>\r\n\r\n\r\n\r\n<figure class=\"wp-block-image size-large\"><img loading=\"lazy\" decoding=\"async\" width=\"480\" height=\"640\" data-id=\"12867\" class=\"wp-image-12867\" src=\"https:\/\/aludiecasting.com\/wp-content\/uploads\/2018\/10\/china-sand-casting.jpg\" alt=\"Porzellan-Sandguss\" title=\"\" srcset=\"https:\/\/aludiecasting.com\/wp-content\/uploads\/2018\/10\/china-sand-casting.jpg 480w, https:\/\/aludiecasting.com\/wp-content\/uploads\/2018\/10\/china-sand-casting-225x300.jpg 225w\" sizes=\"(max-width: 480px) 100vw, 480px\" \/>\r\n<figcaption class=\"wp-element-caption\">China Sandguss<\/figcaption>\r\n<\/figure>\r\n\r\n\r\n\r\n<figure class=\"wp-block-image size-large\"><img loading=\"lazy\" decoding=\"async\" data-id=\"12869\" class=\"alignnone wp-image-12869\" src=\"https:\/\/aludiecasting.com\/wp-content\/uploads\/2018\/10\/Chinese-sand-casting.jpg\" alt=\"Aluminium-Sandguss\" width=\"480\" height=\"640\" title=\"\" srcset=\"https:\/\/aludiecasting.com\/wp-content\/uploads\/2018\/10\/Chinese-sand-casting.jpg 480w, https:\/\/aludiecasting.com\/wp-content\/uploads\/2018\/10\/Chinese-sand-casting-225x300.jpg 225w\" sizes=\"(max-width: 480px) 100vw, 480px\" \/>\r\n<figcaption class=\"wp-element-caption\">Chinesischer Sandguss<\/figcaption>\r\n<\/figure>\r\n<\/figure>","protected":false},"excerpt":{"rendered":"<p>Have you seen a large metal made of iron, bronze, brass or aluminum with some featured patterns in the middle? Have you noticed a cavity of wood or metal? If you say yes, I think you have already got the idea of casting. The sand is a cast part produced by forming a mold from [&hellip;]<\/p>\n","protected":false},"author":1,"featured_media":0,"parent":0,"menu_order":0,"comment_status":"closed","ping_status":"closed","template":"","meta":{"_et_pb_use_builder":"off","_et_pb_old_content":"","_et_gb_content_width":"","footnotes":""},"class_list":["post-12046","page","type-page","status-publish","hentry"],"_links":{"self":[{"href":"https:\/\/aludiecasting.com\/de\/wp-json\/wp\/v2\/pages\/12046","targetHints":{"allow":["GET"]}}],"collection":[{"href":"https:\/\/aludiecasting.com\/de\/wp-json\/wp\/v2\/pages"}],"about":[{"href":"https:\/\/aludiecasting.com\/de\/wp-json\/wp\/v2\/types\/page"}],"author":[{"embeddable":true,"href":"https:\/\/aludiecasting.com\/de\/wp-json\/wp\/v2\/users\/1"}],"replies":[{"embeddable":true,"href":"https:\/\/aludiecasting.com\/de\/wp-json\/wp\/v2\/comments?post=12046"}],"version-history":[{"count":0,"href":"https:\/\/aludiecasting.com\/de\/wp-json\/wp\/v2\/pages\/12046\/revisions"}],"wp:attachment":[{"href":"https:\/\/aludiecasting.com\/de\/wp-json\/wp\/v2\/media?parent=12046"}],"curies":[{"name":"wp","href":"https:\/\/api.w.org\/{rel}","templated":true}]}}