{"id":12046,"date":"2018-08-16T08:38:15","date_gmt":"2018-08-16T08:38:15","guid":{"rendered":"https:\/\/aludiecasting.com\/?page_id=12046"},"modified":"2024-03-09T04:57:50","modified_gmt":"2024-03-09T04:57:50","slug":"fundicion-de-aluminio-en-arena","status":"publish","type":"page","link":"https:\/\/aludiecasting.com\/es_mx\/fundicion-de-aluminio-en-arena\/","title":{"rendered":"fundici\u00f3n de aluminio en arena"},"content":{"rendered":"<p>\u00bfHa visto un gran metal de hierro, bronce, lat\u00f3n o aluminio con algunos dibujos destacados en el centro? \u00bfSe ha fijado en una cavidad de madera o metal? Si su respuesta es afirmativa, creo que ya se ha hecho una idea de lo que es la fundici\u00f3n. La arena es una pieza de fundici\u00f3n que se produce formando un molde con una mezcla de arena y vertiendo metal l\u00edquido fundido en la cavidad del molde. Tras el proceso de enfriamiento, el metal fundido se solidifica. Al final, se obtendr\u00eda una pieza de fundici\u00f3n en arena reci\u00e9n separada del molde. esta fundici\u00f3n en arena es diferente de la fundici\u00f3n a presi\u00f3n de aluminio. En t\u00e9rminos generales, <strong><a href=\"https:\/\/aludiecasting.com\/es_mx\/fundicion-de-aluminio-en-arena\/\">Fundici\u00f3n de aluminio en arena<\/a><\/strong>\u00a0se produce de la siguiente manera.<\/p>\r\n<h1>Qu\u00e9 es la fundici\u00f3n de aluminio en arena<\/h1>\r\n\r\n\r\n\r\n<p>La fundici\u00f3n de aluminio en arena es un proceso de creaci\u00f3n de piezas de aluminio mediante el vertido de aluminio fundido en un molde de arena. Es un m\u00e9todo vers\u00e1til y rentable para producir una amplia gama de piezas de aluminio, desde formas sencillas hasta geometr\u00edas complejas. En este art\u00edculo, exploraremos las ventajas de la fundici\u00f3n de aluminio en arena, el proceso de creaci\u00f3n de moldes de arena y los factores a tener en cuenta a la hora de seleccionar un proveedor de fundici\u00f3n de aluminio en arena.<\/p>\r\n\r\n\r\n\r\n<figure class=\"wp-block-image aligncenter size-full\"><a href=\"https:\/\/aludiecasting.com\/wp-content\/uploads\/2018\/10\/Sand-Casting-Manufacturer.jpg\"><img loading=\"lazy\" decoding=\"async\" width=\"847\" height=\"480\" class=\"wp-image-12875\" src=\"https:\/\/aludiecasting.com\/wp-content\/uploads\/2018\/10\/Sand-Casting-Manufacturer.jpg\" alt=\"Fabricante de fundici\u00f3n en arena\" title=\"\" srcset=\"https:\/\/aludiecasting.com\/wp-content\/uploads\/2018\/10\/Sand-Casting-Manufacturer.jpg 847w, https:\/\/aludiecasting.com\/wp-content\/uploads\/2018\/10\/Sand-Casting-Manufacturer-300x170.jpg 300w, https:\/\/aludiecasting.com\/wp-content\/uploads\/2018\/10\/Sand-Casting-Manufacturer-768x435.jpg 768w\" sizes=\"(max-width: 847px) 100vw, 847px\" \/><\/a>\r\n<figcaption class=\"wp-element-caption\">fundici\u00f3n de aluminio en arena<\/figcaption>\r\n<\/figure>\r\n\r\n\r\n\r\n<h2 class=\"wp-block-heading\">Ventajas de la fundici\u00f3n de aluminio en arena<\/h2>\r\n<p><strong><em>Fundici\u00f3n de aluminio en arena<\/em><\/strong> ofrece varias ventajas en comparaci\u00f3n con <strong><em><a href=\"https:\/\/aludiecasting.com\/es_mx\/fundicion-de-aluminio-a-presion-2\/\">fundici\u00f3n de aluminio a presi\u00f3n<\/a><\/em><\/strong> y fundici\u00f3n en molde permanente. Algunas de las ventajas de la fundici\u00f3n en arena de aluminio son:<\/p>\r\n<p>Su flexibilidad hace que la fundici\u00f3n en arena de aluminio sea magn\u00edfica. El aluminio, resistente y ligero, puede moldearse de muchas maneras. Permite construir desde componentes microsc\u00f3picos hasta grandes estructuras. Como el aluminio conduce bien el calor, se enfr\u00eda r\u00e1pidamente tras la fundici\u00f3n. Esto acelera la creaci\u00f3n de proyectos y reduce los plazos de entrega.<\/p>\r\n<p>Otra ventaja de la fundici\u00f3n en arena de aluminio es su asequibilidad. El acero y el hierro cuestan m\u00e1s que el aluminio. Esto atrae a las empresas que buscan ahorrar costes sin sacrificar la calidad. Para la fundici\u00f3n de aluminio en arena se necesitan herramientas y equipos peque\u00f1os, lo que reduce los costes de producci\u00f3n.<\/p>\r\n<p>La fundici\u00f3n en arena de aluminio es cara, pero proporciona un buen pulido superficial y precisi\u00f3n de tama\u00f1o. La fundici\u00f3n en arena crea formas y geometr\u00edas complejas. De este modo se garantizan productos est\u00e1ndar para los proyectos. La fundici\u00f3n de aluminio en arena produce productos lisos sin necesidad de mecanizado ni acabado.<\/p>\r\n<p>El aluminio fundido en arena es respetuoso con el medio ambiente. M\u00e1s de 90% del metal es reciclable. Esto hace que fundir metal viejo y fundirlo de nuevo sea sencillo, reduciendo los residuos y protegiendo los recursos. La fundici\u00f3n de aluminio en arena utiliza arena reciclable, lo que ayuda al medio ambiente. <br \/><br \/><\/p>\r\n<h3>Desventajas de la fundici\u00f3n de aluminio en arena<\/h3>\r\n<p>La fundici\u00f3n de aluminio en arena ofrece muchas ventajas, pero tambi\u00e9n tiene algunas desventajas que se enumeran a continuaci\u00f3n:<\/p>\r\n<p>La fundici\u00f3n de aluminio en arena tiene un acabado superficial pobre ya que el molde est\u00e1 hecho de arena, comparado con la fundici\u00f3n a presi\u00f3n por gravedad y otros procesos de fundici\u00f3n a presi\u00f3n, la superficie de la fundici\u00f3n en arena ser\u00e1 muy rugosa.<\/p>\r\n<p>La fundici\u00f3n a presi\u00f3n y la fundici\u00f3n a la cera perdida ofrecen m\u00e1s opciones de dise\u00f1o para la fundici\u00f3n de aluminio en arena. La fundici\u00f3n en arena es la mejor opci\u00f3n para modelos b\u00e1sicos, ya que los moldes de arena s\u00f3lo pueden contener una cantidad limitada de detalles. Puede no ser suficiente para las industrias de piezas complejas.<\/p>\r\n<p>La fundici\u00f3n en arena de aluminio tiene menor precisi\u00f3n de tama\u00f1o y acabado superficial que otras t\u00e9cnicas de fundici\u00f3n. Los moldes de arena producen superficies y dimensiones rugosas, por lo que pueden requerir mecanizado o acabado adicionales para lograr el resultado deseado. Esto podr\u00eda reducir la producci\u00f3n, aumentar los costes y degradar las piezas.<\/p>\r\n<p>Fundir aluminio en arena lleva tiempo, sobre todo si se trata de art\u00edculos grandes o complejos. Preparar el molde de arena, verter el metal fundido y enfriar y endurecer el art\u00edculo puede retrasar la fabricaci\u00f3n. Esto puede afectar a las empresas con plazos de entrega ajustados o plazos de entrega r\u00e1pidos.<\/p>\r\n<h3>Retos de la fundici\u00f3n de aluminio en arena<\/h3>\r\n<p>Los retos de la fundici\u00f3n de aluminio en arena pueden incluir varios factores que afectan a la calidad y eficiencia del proceso de fundici\u00f3n. Algunos desaf\u00edos comunes se enumeran a continuaci\u00f3n:<\/p>\r\n<p><strong>Porosidad:<\/strong> Los moldes de arena de aluminio porosos incluyen bolsas de aire microsc\u00f3picas o huecos en su interior. El molde de arena con ventilaci\u00f3n deficiente puede crear porosidad.<\/p>\r\n<p><strong>Defectos superficiales<\/strong>: Puesto que el molde est\u00e1 hecho de arena, la superficie siempre ser\u00e1 un problema que hay que tener en cuenta, el mal acabado de la superficie es una de las principales caracter\u00edsticas de las piezas moldeadas en arena.<\/p>\r\n<p><strong>Precisi\u00f3n dimensional:<\/strong> La precisi\u00f3n en la fundici\u00f3n de aluminio en arena es dif\u00edcil. El enfriamiento y la solidificaci\u00f3n de aluminio fundido puede encogerse y deformar la fundici\u00f3n, el molde de arena no puede cumplir con la tolerancia apretada tambi\u00e9n.<\/p>\r\n\r\n\r\n\r\n<h3 class=\"wp-block-heading\">Qu\u00e9 es el molde de aluminio de fundici\u00f3n en arena<\/h3>\r\n\r\n\r\n\r\n<p>Como molde temporal, un molde de aluminio para fundici\u00f3n en arena se utiliza para producir componentes met\u00e1licos mediante la t\u00e9cnica de fundici\u00f3n en arena. Los moldes se fabrican colocando un lecho de arena alrededor de un patr\u00f3n que es una r\u00e9plica de la pieza que se va a fundir. Los materiales m\u00e1s comunes utilizados para hacer el dise\u00f1o incluyen madera, pl\u00e1stico y metal. Una vez construido el molde de arena, se parte por la mitad y se llena el interior del molde con aluminio fundido. La fundici\u00f3n de aluminio se completa cuando, al enfriarse y solidificarse, el metal se ajusta a los contornos del molde. Una vez finalizada la fundici\u00f3n, el molde de arena se desecha o se transforma en un nuevo material. <\/p>\r\n\r\n\r\n\r\n<h2 class=\"wp-block-heading\">El proceso de creaci\u00f3n de moldes de arena de aluminio<\/h2>\r\n\r\n\r\n\r\n<p>El proceso de creaci\u00f3n de un molde de arena para la fundici\u00f3n de aluminio en arena implica varios pasos, que incluyen la creaci\u00f3n del patr\u00f3n, el moldeo y la fundici\u00f3n.<\/p>\r\n\r\n\r\n\r\n<p>El paso b\u00e1sico es colocar un patr\u00f3n en arena para crear un molde. Cabe mencionar que el molde tiene dos partes divididas por la l\u00ednea de partici\u00f3n. La capa es la mitad superior y el arrastre es la mitad inferior. Como ya sabes, hay dos tipos principales de arena. Una se llama \"arena verde\" y la otra \"arena de aire\". La anterior es una mezcla de arena de s\u00edlice, y la segunda es arena seca con otro material mediante adhesivo de curado.<\/p>\r\n\r\n\r\n\r\n<p>A continuaci\u00f3n, retire el patr\u00f3n y vierta el metal fundido en el molde. Puede utilizar la vibraci\u00f3n y el m\u00e9todo mec\u00e1nico para quitar el patr\u00f3n. Y la capa se separa del arrastre. Dentro de los m\u00e9todos mec\u00e1nicos, la mezcla de arena es ensamblada para una cavidad del molde. Seg\u00fan los diferentes tipos de arena, el cambio que se produce durante este proceso es diferente. Cualquiera que sea, se necesita un elevador para mantener el exceso de material fundido para evitar los agujeros en la fundici\u00f3n principal.<\/p>\r\n\r\n\r\n\r\n<p>A continuaci\u00f3n, se deja enfriar el metal. En este momento, los l\u00edquidos se solidifican. Ha llegado el momento de romper el molde y retirar la pieza fundida. Es cierto que el molde se destruye en el proceso de desmoldeo. Sin embargo, el propio molde puede reutilizarse para producir nuevas\u00a0<strong><a href=\"https:\/\/aludiecasting.com\/es_mx\/fundicion-de-aluminio-en-arena\/\">moldes de fundici\u00f3n en arena<\/a>.<\/strong>\u00a0Y si se desea una fundici\u00f3n m\u00e1s elaborada, las superficies deben pulirse.<\/p>\r\n\r\n\r\n\r\n<h3 class=\"wp-block-heading\">Factores a tener en cuenta al seleccionar un proveedor de fundici\u00f3n de aluminio en arena<\/h3>\r\n\r\n\r\n\r\n<p>Hay varias cosas en las que pensar a la hora de elegir un proveedor de fundici\u00f3n en arena de metal para la producci\u00f3n. Muchas piezas complicadas se fabrican con fundici\u00f3n de aluminio en arena, y elegir el proveedor adecuado puede cambiar tanto la calidad como el coste. En esta entrada del blog hablaremos de los factores que intervienen en la elecci\u00f3n de un proveedor de fundici\u00f3n de aluminio en arena. <br \/><br \/>A la hora de buscar un proveedor de fundici\u00f3n de aluminio en arena, la experiencia y la habilidad son muy importantes. Busque una empresa que haya fabricado piezas de fundici\u00f3n de metal de alta calidad para muchos tipos de empresas. Los proveedores con mucha experiencia pueden fabricar piezas con especificaciones ajustadas y dise\u00f1os complicados. <br \/><br \/>La capacidad de fabricaci\u00f3n del proveedor tambi\u00e9n es importante. Aseg\u00farate de que el proveedor dispone de las herramientas y materiales que necesitas para la fundici\u00f3n. Enumera el tama\u00f1o de sus moldes, su tipo y su capacidad para cumplir los plazos de producci\u00f3n. Otra cosa que debes hacer es fijarte en el control de calidad y las certificaciones del proveedor. Busque una fuente que tenga la certificaci\u00f3n ISO 9001 para asegurarse de que las piezas que compra cumplen las normas m\u00e1s estrictas de calidad y consistencia. <br \/><br \/>Al elegir un proveedor de fundici\u00f3n de aluminio en arena, tambi\u00e9n debe pensar en cu\u00e1nto cuesta. No s\u00f3lo es importante encontrar un proveedor con precios competitivos, sino tambi\u00e9n su valor global. Los plazos de entrega, el control de calidad y el servicio al cliente son aspectos en los que hay que pensar. A la larga, comprar a proveedores baratos que escatiman en calidad o fiabilidad puede salirle m\u00e1s caro. Busque un proveedor cuya relaci\u00f3n precio-valor sea justa, y mant\u00e9ngase alejado de aquellos cuyos precios sean demasiado altos. <br \/><br \/>A la hora de elegir un proveedor de fundici\u00f3n de aluminio en arena, la comunicaci\u00f3n y la comunicaci\u00f3n tambi\u00e9n son muy importantes. Busque un proveedor que responda con rapidez, con el que sea f\u00e1cil ponerse en contacto y que quiera ayudarle a averiguar qu\u00e9 necesita para la fundici\u00f3n. Uno que est\u00e9 dispuesto a ayudarle tanto con el dise\u00f1o como con la producci\u00f3n puede conseguirle las piezas adecuadas. <\/p>\r\n\r\n\r\n\r\n<p>Para comprar piezas de fundici\u00f3n en arena\u00a0<a href=\"https:\/\/aludiecasting.com\/es_mx\/fundicion-de-aluminio-en-arena\/\"><em><strong>Fundici\u00f3n en arena China<\/strong><\/em><\/a>\u00a0ser\u00e1 la mejor opci\u00f3n para su mercado, tiempo de entrega r\u00e1pida, alta pregunta, a juego, todo en un servicio que podr\u00edamos ofrecerle, env\u00edenos un correo electr\u00f3nico para obtener precio.<\/p>\r\n<p>GC PRECISION MOLD CO.LTD, ha estado proporcionando soluciones completas de fundici\u00f3n a presi\u00f3n incluyendo fundici\u00f3n a presi\u00f3n de alta presi\u00f3n, fundici\u00f3n a presi\u00f3n por gravedad, fundici\u00f3n en arena, etc. nos encargaremos de su proyecto para toda la responsabilidad desde el dise\u00f1o hasta la entrega. Nuestra gama de productos incluye\u00a0<a href=\"https:\/\/aludiecasting.com\/es_mx\/fundicion-de-aluminio-a-presion-2\/\">Fundici\u00f3n inyectada de aluminio<\/a>,\u00a0<a href=\"https:\/\/aludiecasting.com\/es_mx\/fundicion-de-aluminio-por-gravedad-2\/\"><strong>fundici\u00f3n de aluminio por gravedad<\/strong><\/a>Mecanizado CNC,\u00a0<a href=\"https:\/\/www.thediecasting.com\/magnesium-die-casting\/\" target=\"_blank\" rel=\"noopener\">fundici\u00f3n a presi\u00f3n de magnesio<\/a>,\u00a0<a href=\"https:\/\/aludiecasting.com\/es_mx\/fundicion-inyectada-de-cinc-al-vacio\/\">fundici\u00f3n inyectada de zinc<\/a>componentes de estampaci\u00f3n met\u00e1lica, mecanizado de torneado, componentes de maquinaria el\u00e9ctrica, componentes de bombeo de combustible, carcasas de alumbrado p\u00fablico LED, productos de disipaci\u00f3n t\u00e9rmica, etc.<\/p>\r\n<p>Nuestra capacidad de fabricaci\u00f3n de aluminio de 10 gm a 30 kg a diversas industrias, especialmente para la gravedad de aluminio proceso de fundici\u00f3n, utilizamos el estado de la t\u00e9cnica de proceso de fundici\u00f3n y capacidades de mecanizado secundario. Ofrecemos servicios de volumen a\u00f1adido como recubrimiento en polvo, anodizado, pintura y montaje.<\/p>\r\n<p>GC MOLD tiene utilizando el estado de la tecnolog\u00eda m\u00e1s avanzada, hemos sido la fabricaci\u00f3n y el suministro de alta calidad de aluminio por gravedad die Casting productos al mundo, Tenemos 6 m\u00e1quinas de fundici\u00f3n a presi\u00f3n de la capacidad que van desde 60 toneladas a 1000 toneladas para la fabricaci\u00f3n de componentes de fundici\u00f3n a presi\u00f3n, si usted est\u00e1 buscando cualquier\u00a0<strong>fundici\u00f3n de aluminio a presi\u00f3n o fundici\u00f3n de aluminio por gravedad<\/strong>Le invitamos a enviarnos su solicitud de presupuesto, le ofreceremos el mejor precio en 24 horas.<\/p>\r\n\r\n<p>&nbsp;<\/p>\r\n\r\n<figure class=\"wp-block-gallery has-nested-images columns-4 is-cropped wp-block-gallery-1 is-layout-flex wp-block-gallery-is-layout-flex\">\r\n<figure class=\"wp-block-image size-large\"><img loading=\"lazy\" decoding=\"async\" width=\"480\" height=\"640\" data-id=\"12874\" class=\"wp-image-12874\" src=\"https:\/\/aludiecasting.com\/wp-content\/uploads\/2018\/10\/Sand-Casting-in-China.jpg\" alt=\"Fundici\u00f3n en arena en China\" title=\"\" srcset=\"https:\/\/aludiecasting.com\/wp-content\/uploads\/2018\/10\/Sand-Casting-in-China.jpg 480w, https:\/\/aludiecasting.com\/wp-content\/uploads\/2018\/10\/Sand-Casting-in-China-225x300.jpg 225w\" sizes=\"(max-width: 480px) 100vw, 480px\" \/>\r\n<figcaption class=\"wp-element-caption\"><a href=\"https:\/\/aludiecasting.com\/es_mx\/\">Fundici\u00f3n en arena en China<\/a><\/figcaption>\r\n<\/figure>\r\n\r\n\r\n\r\n<figure class=\"wp-block-image size-large\"><img loading=\"lazy\" decoding=\"async\" width=\"480\" height=\"640\" data-id=\"12879\" class=\"wp-image-12879\" src=\"https:\/\/aludiecasting.com\/wp-content\/uploads\/2018\/10\/sand-castings-china.jpg\" alt=\"fundici\u00f3n en arena china\" title=\"\" srcset=\"https:\/\/aludiecasting.com\/wp-content\/uploads\/2018\/10\/sand-castings-china.jpg 480w, https:\/\/aludiecasting.com\/wp-content\/uploads\/2018\/10\/sand-castings-china-225x300.jpg 225w\" sizes=\"(max-width: 480px) 100vw, 480px\" \/>\r\n<figcaption class=\"wp-element-caption\"><a href=\"https:\/\/aludiecasting.com\/es_mx\/\">Fundici\u00f3n en arena China<\/a><\/figcaption>\r\n<\/figure>\r\n\r\n\r\n\r\n<figure class=\"wp-block-image size-large\"><img loading=\"lazy\" decoding=\"async\" width=\"480\" height=\"640\" data-id=\"12867\" class=\"wp-image-12867\" src=\"https:\/\/aludiecasting.com\/wp-content\/uploads\/2018\/10\/china-sand-casting.jpg\" alt=\"fundici\u00f3n en arena china\" title=\"\" srcset=\"https:\/\/aludiecasting.com\/wp-content\/uploads\/2018\/10\/china-sand-casting.jpg 480w, https:\/\/aludiecasting.com\/wp-content\/uploads\/2018\/10\/china-sand-casting-225x300.jpg 225w\" sizes=\"(max-width: 480px) 100vw, 480px\" \/>\r\n<figcaption class=\"wp-element-caption\">China fundici\u00f3n en arena<\/figcaption>\r\n<\/figure>\r\n\r\n\r\n\r\n<figure class=\"wp-block-image size-large\"><img loading=\"lazy\" decoding=\"async\" data-id=\"12869\" class=\"alignnone wp-image-12869\" src=\"https:\/\/aludiecasting.com\/wp-content\/uploads\/2018\/10\/Chinese-sand-casting.jpg\" alt=\"Fundici\u00f3n de aluminio en arena\" width=\"480\" height=\"640\" title=\"\" srcset=\"https:\/\/aludiecasting.com\/wp-content\/uploads\/2018\/10\/Chinese-sand-casting.jpg 480w, https:\/\/aludiecasting.com\/wp-content\/uploads\/2018\/10\/Chinese-sand-casting-225x300.jpg 225w\" sizes=\"(max-width: 480px) 100vw, 480px\" \/>\r\n<figcaption class=\"wp-element-caption\">Fundici\u00f3n en arena china<\/figcaption>\r\n<\/figure>\r\n<\/figure>","protected":false},"excerpt":{"rendered":"<p>Have you seen a large metal made of iron, bronze, brass or aluminum with some featured patterns in the middle? Have you noticed a cavity of wood or metal? If you say yes, I think you have already got the idea of casting. The sand is a cast part produced by forming a mold from [&hellip;]<\/p>\n","protected":false},"author":1,"featured_media":0,"parent":0,"menu_order":0,"comment_status":"closed","ping_status":"closed","template":"","meta":{"_et_pb_use_builder":"off","_et_pb_old_content":"","_et_gb_content_width":"","footnotes":""},"class_list":["post-12046","page","type-page","status-publish","hentry"],"_links":{"self":[{"href":"https:\/\/aludiecasting.com\/es_mx\/wp-json\/wp\/v2\/pages\/12046","targetHints":{"allow":["GET"]}}],"collection":[{"href":"https:\/\/aludiecasting.com\/es_mx\/wp-json\/wp\/v2\/pages"}],"about":[{"href":"https:\/\/aludiecasting.com\/es_mx\/wp-json\/wp\/v2\/types\/page"}],"author":[{"embeddable":true,"href":"https:\/\/aludiecasting.com\/es_mx\/wp-json\/wp\/v2\/users\/1"}],"replies":[{"embeddable":true,"href":"https:\/\/aludiecasting.com\/es_mx\/wp-json\/wp\/v2\/comments?post=12046"}],"version-history":[{"count":0,"href":"https:\/\/aludiecasting.com\/es_mx\/wp-json\/wp\/v2\/pages\/12046\/revisions"}],"wp:attachment":[{"href":"https:\/\/aludiecasting.com\/es_mx\/wp-json\/wp\/v2\/media?parent=12046"}],"curies":[{"name":"wp","href":"https:\/\/api.w.org\/{rel}","templated":true}]}}