{"id":12046,"date":"2018-08-16T08:38:15","date_gmt":"2018-08-16T08:38:15","guid":{"rendered":"https:\/\/aludiecasting.com\/?page_id=12046"},"modified":"2024-03-09T04:57:50","modified_gmt":"2024-03-09T04:57:50","slug":"alumiinin-hiekkavalu","status":"publish","type":"page","link":"https:\/\/aludiecasting.com\/fi\/alumiinin-hiekkavalu\/","title":{"rendered":"alumiinin hiekkavalu"},"content":{"rendered":"<p>Oletko n\u00e4hnyt suurta rautaa, pronssia, messinki\u00e4 tai alumiinia, jonka keskell\u00e4 on kuvioita? Oletko huomannut puusta tai metallista tehdyn onkalon? Jos vastasit kyll\u00e4, olet mielest\u00e4ni jo saanut k\u00e4sityksen valamisesta. Hiekka on valettu osa, joka valmistetaan muodostamalla muotti hiekkaseoksesta ja kaatamalla sulaa nestem\u00e4ist\u00e4 metallia muotissa olevaan onteloon. J\u00e4\u00e4htymisprosessin j\u00e4lkeen sula metalli on j\u00e4hmettynyt. Viimeisen\u00e4 hiekkavalu saataisiin vain erotettua muotista. t\u00e4m\u00e4 hiekkavalu eroaa alumiinin painevalusta. Yleisesti ottaen, <strong><a href=\"https:\/\/aludiecasting.com\/fi\/alumiinin-hiekkavalu\/\">Alumiinin hiekkavalu<\/a><\/strong>\u00a0tuotetaan seuraavasti.<\/p>\r\n<h1>Mik\u00e4 on alumiinin hiekkavalu<\/h1>\r\n\r\n\r\n\r\n<p>Alumiinihiekkavalu on prosessi, jossa alumiiniosat valmistetaan kaatamalla sulaa alumiinia hiekkamuottiin. Se on monipuolinen ja kustannustehokas menetelm\u00e4, jolla voidaan valmistaa monenlaisia alumiiniosia yksinkertaisista muodoista monimutkaisiin geometrioihin. T\u00e4ss\u00e4 artikkelissa tarkastelemme alumiinihiekkavalun etuja, hiekkamuottien valmistusprosessia ja tekij\u00f6it\u00e4, jotka on otettava huomioon alumiinihiekkavalun toimittajaa valittaessa.<\/p>\r\n\r\n\r\n\r\n<figure class=\"wp-block-image aligncenter size-full\"><a href=\"https:\/\/aludiecasting.com\/wp-content\/uploads\/2018\/10\/Sand-Casting-Manufacturer.jpg\"><img loading=\"lazy\" decoding=\"async\" width=\"847\" height=\"480\" class=\"wp-image-12875\" src=\"https:\/\/aludiecasting.com\/wp-content\/uploads\/2018\/10\/Sand-Casting-Manufacturer.jpg\" alt=\"Hiekkavalu Valmistaja\" title=\"\" srcset=\"https:\/\/aludiecasting.com\/wp-content\/uploads\/2018\/10\/Sand-Casting-Manufacturer.jpg 847w, https:\/\/aludiecasting.com\/wp-content\/uploads\/2018\/10\/Sand-Casting-Manufacturer-300x170.jpg 300w, https:\/\/aludiecasting.com\/wp-content\/uploads\/2018\/10\/Sand-Casting-Manufacturer-768x435.jpg 768w\" sizes=\"(max-width: 847px) 100vw, 847px\" \/><\/a>\r\n<figcaption class=\"wp-element-caption\">alumiinin hiekkavalu<\/figcaption>\r\n<\/figure>\r\n\r\n\r\n\r\n<h2 class=\"wp-block-heading\">Alumiinin hiekkavalun edut<\/h2>\r\n<p><strong><em>Alumiinin hiekkavalu<\/em><\/strong> tarjoaa useita etuja verrattuna <strong><em><a href=\"https:\/\/aludiecasting.com\/fi\/alumiinin-painevalu\/\">alumiinin painevalu<\/a><\/em><\/strong> ja kestomuottivalu. Alumiinihiekkavalun etuja ovat muun muassa:<\/p>\r\n<p>Sen joustavuus tekee alumiinihiekkavalusta loistavaa. Vahvaa ja kevytt\u00e4 alumiinia voidaan muokata monin tavoin. Siit\u00e4 voidaan rakentaa mit\u00e4 tahansa mikroskooppisen pienist\u00e4 komponenteista massiivisiin rakenteisiin. Koska alumiini johtaa hyvin l\u00e4mp\u00f6\u00e4, se j\u00e4\u00e4htyy nopeasti valun j\u00e4lkeen. T\u00e4m\u00e4 nopeuttaa projektin luomista ja lyhent\u00e4\u00e4 toimitusaikoja.<\/p>\r\n<p>Toinen alumiinihiekkavalun etu on sen edullisuus. Ter\u00e4s ja rauta maksavat enemm\u00e4n kuin alumiini. T\u00e4m\u00e4 houkuttelee yrityksi\u00e4, jotka pyrkiv\u00e4t s\u00e4\u00e4st\u00e4m\u00e4\u00e4n kustannuksia laadusta tinkim\u00e4tt\u00e4. Alumiinihiekkavaluun tarvitaan pieni\u00e4 ty\u00f6kaluja ja laitteita, mik\u00e4 alentaa tuotantokustannuksia.<\/p>\r\n<p>Alumiinihiekkavalu on kallista, mutta se tarjoaa hyv\u00e4n pinnan kiillotuksen ja mittatarkkuuden. Hiekkavalulla saadaan aikaan monimutkaisia muotoja ja geometrioita. T\u00e4m\u00e4 takaa projektin standardin mukaiset tuotteet. Alumiinihiekkavalu tuottaa sileit\u00e4 tuotteita ilman koneistusta tai viimeistely\u00e4.<\/p>\r\n<p>Alumiinin hiekkavalu on ymp\u00e4rist\u00f6yst\u00e4v\u00e4llist\u00e4. Yli 90% metallista on kierr\u00e4tett\u00e4v\u00e4\u00e4. T\u00e4m\u00e4 tekee vanhan metallin sulattamisesta ja uudelleenvalamisesta yksinkertaista, mik\u00e4 v\u00e4hent\u00e4\u00e4 j\u00e4tett\u00e4 ja suojelee luonnonvaroja. Alumiinin hiekkavalussa k\u00e4ytet\u00e4\u00e4n kierr\u00e4tett\u00e4v\u00e4\u00e4 hiekkaa, mik\u00e4 auttaa ymp\u00e4rist\u00f6\u00e4. <br \/><br \/><\/p>\r\n<h3>Alumiinihiekkavalun haitat<\/h3>\r\n<p>Alumiinihiekkavalu tarjoaa monia etuja, mutta sill\u00e4 on my\u00f6s joitakin haittoja, jotka on lueteltu alla:<\/p>\r\n<p>Alumiinihiekkavalu on huono pinnanlaatu, koska muotti on tehty hiekasta, verrattuna painovoima painevaluun ja muihin painevaluprosessiin, hiekkavalupinta on hyvin karkea.<\/p>\r\n<p>Muotti- ja tarkkuusvalu mahdollistavat enemm\u00e4n alumiinihiekkavalun suunnitteluvaihtoehtoja. Hiekkavalu sopii parhaiten perusmalleihin, koska hiekkamuottiin voidaan valaa vain tietty m\u00e4\u00e4r\u00e4 yksityiskohtia. Monimutkaisten osien teollisuudelle ei v\u00e4ltt\u00e4m\u00e4tt\u00e4 riit\u00e4.<\/p>\r\n<p>Alumiinihiekkavalun tarkkuus koon ja pinnan viimeistelyn suhteen on alhaisempi kuin muiden valutekniikoiden. Hiekkamuotit tuottavat karheat pinnat ja mitat, joten ne saattavat vaatia ylim\u00e4\u00e4r\u00e4ist\u00e4 koneistusta tai viimeistely\u00e4 halutun lopputuloksen saavuttamiseksi. T\u00e4m\u00e4 voi v\u00e4hent\u00e4\u00e4 tuotantoa, lis\u00e4t\u00e4 kustannuksia ja huonontaa osia.<\/p>\r\n<p>Alumiinin valaminen hiekkaan vie aikaa, erityisesti suurempien tai monimutkaisempien kappaleiden valaminen. Hiekkamuotin valmistelu, sulan metallin valaminen sek\u00e4 kappaleen j\u00e4\u00e4hdytt\u00e4minen ja kovettaminen saattavat viiv\u00e4stytt\u00e4\u00e4 valmistusta. T\u00e4m\u00e4 saattaa vaikuttaa yrityksiin, joilla on tiukat m\u00e4\u00e4r\u00e4ajat tai nopeat l\u00e4pimenoajat.<\/p>\r\n<h3>Alumiinihiekkavalun haasteet<\/h3>\r\n<p>Alumiinihiekkavalun haasteisiin voi sis\u00e4lty\u00e4 erilaisia tekij\u00f6it\u00e4, jotka vaikuttavat valuprosessin laatuun ja tehokkuuteen. Joitakin yleisi\u00e4 haasteita on lueteltu alla:<\/p>\r\n<p><strong>Huokoisuus:<\/strong> Huokoisissa alumiinihiekkavalukappaleissa on mikroskooppisen pieni\u00e4 ilmataskuja tai aukkoja. Huonosti tuulettuva hiekkamuotti voi aiheuttaa huokoisuutta.<\/p>\r\n<p><strong>Pintaviat<\/strong>: Koska muotti on valmistettu hiekasta, joten pinta on aina ongelma, jota on ajateltava, huono pinnanlaatu on hiekkavalujen keskeisi\u00e4 ominaisuuksia.<\/p>\r\n<p><strong>Mittatarkkuus:<\/strong> Tarkkuus alumiinin hiekkavalussa on vaikeaa. Sulan alumiinin j\u00e4\u00e4htyminen ja j\u00e4hmettyminen voi kutistua ja muuttaa valua, hiekkamuotti ei voi t\u00e4ytt\u00e4\u00e4 my\u00f6s tiukkaa toleranssia.<\/p>\r\n\r\n\r\n\r\n<h3 class=\"wp-block-heading\">Mik\u00e4 on alumiinihiekkavalumuotti<\/h3>\r\n\r\n\r\n\r\n<p>Alumiinihiekkavalumuotti on v\u00e4liaikainen muotti, jota k\u00e4ytet\u00e4\u00e4n metallikomponenttien valmistamiseen hiekkavalutekniikalla. Muotit valmistetaan pakkaamalla hiekkapatja valettavan osan mallin ymp\u00e4rille, joka on kopio valettavasta osasta. Yleisi\u00e4 mallin valmistukseen k\u00e4ytett\u00e4vi\u00e4 materiaaleja ovat puu, muovi ja metalli. Kun hiekkamuotti on rakennettu, se halkaistaan kahtia ja muotin sis\u00e4puoli t\u00e4ytet\u00e4\u00e4n sulalla alumiinilla. Alumiinin valaminen onnistuu, kun metalli j\u00e4\u00e4htyess\u00e4\u00e4n ja j\u00e4hmettyess\u00e4\u00e4n mukautuu muotin \u00e4\u00e4riviivoihin. Kun valu on valmis, hiekkamuotti joko h\u00e4vitet\u00e4\u00e4n tai muutetaan uudeksi materiaaliksi. <\/p>\r\n\r\n\r\n\r\n<h2 class=\"wp-block-heading\">Alumiinihiekkamuotin luomisprosessi<\/h2>\r\n\r\n\r\n\r\n<p>Alumiinihiekkavalun hiekkamuotin luomiseen kuuluu useita vaiheita, kuten mallinvalmistus, muovaus ja valu.<\/p>\r\n\r\n\r\n\r\n<p>Perusvaihe on mallin asettaminen hiekkaan muotin luomiseksi. On syyt\u00e4 mainita, ett\u00e4 muotissa on kaksi osaa, jotka on erotettu toisistaan jakolinjalla. Kope on yl\u00e4puoli ja laahus on alapuoli. Ja kuten tied\u00e4tte, hiekkaa on 2 p\u00e4\u00e4tyyppi\u00e4. Toista kutsutaan \"vihre\u00e4ksi hiekaksi\", ja toinen on \"ilmasetti\". Edellinen on silikahiekan seos, ja j\u00e4lkimm\u00e4inen on kuivaa hiekkaa, jossa on muuta materiaalia kovettuvan liiman kautta.<\/p>\r\n\r\n\r\n\r\n<p>Poista sitten malli ja kaada sulatettu metalli muottiin. Voit k\u00e4ytt\u00e4\u00e4 v\u00e4r\u00e4htely\u00e4 ja mekaanista menetelm\u00e4\u00e4 kuvion poistamiseen. Ja kope on erotettu vedosta. Mekaanisten menetelmien sis\u00e4ll\u00e4 hiekkaseos kootaan muottipes\u00e4\u00e4n. Eri hiekkatyyppien mukaan t\u00e4m\u00e4n prosessin aikana tapahtunut muutos on erilainen. Mit\u00e4 tahansa, nousuputki tarvitaan pit\u00e4m\u00e4\u00e4n ylim\u00e4\u00e4r\u00e4ist\u00e4 sulaa materiaalia, jotta v\u00e4ltet\u00e4\u00e4n rei\u00e4t p\u00e4\u00e4valussa.<\/p>\r\n\r\n\r\n\r\n<p>Anna metallin j\u00e4\u00e4hty\u00e4. T\u00e4ll\u00e4 hetkell\u00e4 nesteet ovat j\u00e4hmettyneet. Nyt on aika irrottaa muotti ja poistaa valukappale. On totta, ett\u00e4 muotti tuhoutuu poistoprosessissa. Itse mallia voidaan kuitenkin k\u00e4ytt\u00e4\u00e4 uudelleen uusien muottien valmistamiseen\u00a0<strong><a href=\"https:\/\/aludiecasting.com\/fi\/alumiinin-hiekkavalu\/\">hiekkavalumuotit<\/a>.<\/strong>\u00a0Ja jos haluat hienostuneemman valun, pinnat on kiillotettava.<\/p>\r\n\r\n\r\n\r\n<h3 class=\"wp-block-heading\">Tekij\u00f6it\u00e4 harkita valittaessa alumiini Sand Casting toimittaja<\/h3>\r\n\r\n\r\n\r\n<p>On monia asioita, joita on syyt\u00e4 mietti\u00e4, kun valitset metallihiekkavalun toimittajaa tuotantoa varten. Alumiinihiekkavalulla valmistetaan paljon monimutkaisia osia, ja oikean toimittajan valinta voi muuttaa sek\u00e4 laatua ett\u00e4 kustannuksia. T\u00e4ss\u00e4 blogikirjoituksessa puhumme tekij\u00f6ist\u00e4, jotka vaikuttavat alumiinihiekkavalul\u00e4hteen valintaan. <br \/><br \/>Kun etsit alumiinihiekkavalun toimittajaa, kokemus ja taito ovat eritt\u00e4in t\u00e4rkeit\u00e4. Etsi yritys, joka on tehnyt laadukkaita metallivaluja monille erityyppisille yrityksille. Toimittajat, joilla on paljon kokemusta, voivat valmistaa osia, joilla on tiukat speksit ja monimutkaiset mallit. <br \/><br \/>Toimittajan kyky valmistaa tuotteita on my\u00f6s t\u00e4rke\u00e4\u00e4. Varmista, ett\u00e4 palveluntarjoajalla on valamiseen tarvittavat ty\u00f6kalut ja materiaalit. Siin\u00e4 luetellaan heid\u00e4n muottiensa koko, tyyppi ja kyky noudattaa tuotannon m\u00e4\u00e4r\u00e4aikoja. Toinen asia, joka sinun kannattaa tehd\u00e4, on tarkastella toimittajan laadunvalvontaa ja sertifikaatteja. Etsi ISO 9001 -sertifioitu l\u00e4hde, jotta voit varmistaa, ett\u00e4 ostamasi osat t\u00e4ytt\u00e4v\u00e4t korkeimmat laatu- ja yhdenmukaisuusvaatimukset. <br \/><br \/>Kun valitset alumiinihiekkavalun toimittajaa, sinun on my\u00f6s mietitt\u00e4v\u00e4, kuinka paljon se maksaa. Ei ole vain t\u00e4rke\u00e4\u00e4 l\u00f6yt\u00e4\u00e4 toimittaja, jolla on kilpailukykyiset hinnat, vaan my\u00f6s sen kokonaisarvo on t\u00e4rke\u00e4\u00e4. L\u00e4pimenoajat, laadunvalvonta ja asiakaspalvelu ovat kaikki asioita, joita ajattelemme. Saattaa tulla pitk\u00e4ll\u00e4 aikav\u00e4lill\u00e4 kalliimmaksi ostaa halvoilta toimittajilta, jotka pihistelev\u00e4t laadusta tai luotettavuudesta. Etsi toimittaja, jonka hinta-laatusuhde on kohtuullinen, ja pysy kaukana toimittajista, joiden hinnat ovat liian korkeat. <br \/><br \/>Kun valitset alumiinihiekkavalun toimittajaa, viestint\u00e4 ja kommunikointi ovat my\u00f6s eritt\u00e4in t\u00e4rkeit\u00e4. Etsi toimittaja, joka vastaa nopeasti, johon on helppo ottaa yhteytt\u00e4 ja joka haluaa auttaa sinua selvitt\u00e4m\u00e4\u00e4n, mit\u00e4 tarvitset valamiseen. Sellainen, joka on halukas auttamaan sinua sek\u00e4 suunnittelussa ett\u00e4 tuotannossa, voi saada sinulle oikeat osat. <\/p>\r\n\r\n\r\n\r\n<p>Hiekkavaluosien ostaminen osoitteesta\u00a0<a href=\"https:\/\/aludiecasting.com\/fi\/alumiinin-hiekkavalu\/\"><em><strong>Hiekkavalu Kiina<\/strong><\/em><\/a>\u00a0on paras vaihtoehto markkinoillesi, nopea toimitusaika, korkea kysymys, vastaaminen, kaikki yhdess\u00e4 palvelussa voimme tarjota sinulle, l\u00e4het\u00e4 meille s\u00e4hk\u00f6postia saadaksesi hinnan.<\/p>\r\n<p>GC PRECISION MOLD CO.LTD, on tarjonnut t\u00e4ydellisi\u00e4 painevaluratkaisuja, mukaan lukien korkeapainevalu, painovoimavalu, hiekkavalu jne., huolehdimme projektistasi kaikesta vastuusta suunnittelusta toimitukseen. Tuotevalikoimaamme kuuluu\u00a0<a href=\"https:\/\/aludiecasting.com\/fi\/alumiinin-painevalu\/\">Alumiini Die Casting<\/a>,\u00a0<a href=\"https:\/\/aludiecasting.com\/fi\/alumiinin-painovoimavalu-2\/\"><strong>alumiinin painovoimavalu<\/strong><\/a>, CNC-ty\u00f6st\u00f6,\u00a0<a href=\"https:\/\/www.thediecasting.com\/magnesium-die-casting\/\" target=\"_blank\" rel=\"noopener\">magnesiumin painevalu<\/a>,\u00a0<a href=\"https:\/\/aludiecasting.com\/fi\/tyhjiosinkkivalu\/\">sinkkivalu<\/a>, metallin leimauskomponentit, sorvauskoneistus, s\u00e4hk\u00f6koneiden komponentit, polttoaineen pumppauskomponentit, led-katuvalaisinkotelo, j\u00e4\u00e4hdytyselementtituotteet jne.<\/p>\r\n<p>Valmistuskapasiteettimme alumiini 10 gm 30 kg eri teollisuudenaloille, erityisesti alumiini painovoima painevaluprosessi, k\u00e4yt\u00e4mme state-of-the-art valuprosessi ja toissijainen koneistus valmiuksia. Meill\u00e4 on tarjota volyymin lis\u00e4palveluita, kuten jauhemaalaus, anodisointi, maalaus ja kokoonpano.<\/p>\r\n<p>GC MOLD on k\u00e4ytt\u00e4en uusinta tekniikkaa, olemme valmistaneet ja toimittaneet korkealaatuisia alumiinin painovoima painevalutuotteita maailmalle, meill\u00e4 on 6 painevalukonetta, joiden kapasiteetti vaihtelee 60 tonnista 1000 tonniin valmistaa painevalukomponentteja, jos etsit mit\u00e4 tahansa...\u00a0<strong>alumiinin painevalu tai alumiinin painovoimavalu<\/strong>, olet tervetullut l\u00e4hett\u00e4m\u00e4\u00e4n meille tarjouspyynt\u00f6si, tarjoamme sinulle parhaan hinnan 24 tunnin kuluessa.<\/p>\r\n\r\n<p>&nbsp;<\/p>\r\n\r\n<figure class=\"wp-block-gallery has-nested-images columns-4 is-cropped wp-block-gallery-1 is-layout-flex wp-block-gallery-is-layout-flex\">\r\n<figure class=\"wp-block-image size-large\"><img loading=\"lazy\" decoding=\"async\" width=\"480\" height=\"640\" data-id=\"12874\" class=\"wp-image-12874\" src=\"https:\/\/aludiecasting.com\/wp-content\/uploads\/2018\/10\/Sand-Casting-in-China.jpg\" alt=\"Hiekkavalu Kiinassa\" title=\"\" srcset=\"https:\/\/aludiecasting.com\/wp-content\/uploads\/2018\/10\/Sand-Casting-in-China.jpg 480w, https:\/\/aludiecasting.com\/wp-content\/uploads\/2018\/10\/Sand-Casting-in-China-225x300.jpg 225w\" sizes=\"(max-width: 480px) 100vw, 480px\" \/>\r\n<figcaption class=\"wp-element-caption\"><a href=\"https:\/\/aludiecasting.com\/fi\/\">Hiekkavalu Kiinassa<\/a><\/figcaption>\r\n<\/figure>\r\n\r\n\r\n\r\n<figure class=\"wp-block-image size-large\"><img loading=\"lazy\" decoding=\"async\" width=\"480\" height=\"640\" data-id=\"12879\" class=\"wp-image-12879\" src=\"https:\/\/aludiecasting.com\/wp-content\/uploads\/2018\/10\/sand-castings-china.jpg\" alt=\"hiekkavalukappaleet kiina\" title=\"\" srcset=\"https:\/\/aludiecasting.com\/wp-content\/uploads\/2018\/10\/sand-castings-china.jpg 480w, https:\/\/aludiecasting.com\/wp-content\/uploads\/2018\/10\/sand-castings-china-225x300.jpg 225w\" sizes=\"(max-width: 480px) 100vw, 480px\" \/>\r\n<figcaption class=\"wp-element-caption\"><a href=\"https:\/\/aludiecasting.com\/fi\/\">Hiekkavalu Kiina<\/a><\/figcaption>\r\n<\/figure>\r\n\r\n\r\n\r\n<figure class=\"wp-block-image size-large\"><img loading=\"lazy\" decoding=\"async\" width=\"480\" height=\"640\" data-id=\"12867\" class=\"wp-image-12867\" src=\"https:\/\/aludiecasting.com\/wp-content\/uploads\/2018\/10\/china-sand-casting.jpg\" alt=\"posliini hiekkavalu\" title=\"\" srcset=\"https:\/\/aludiecasting.com\/wp-content\/uploads\/2018\/10\/china-sand-casting.jpg 480w, https:\/\/aludiecasting.com\/wp-content\/uploads\/2018\/10\/china-sand-casting-225x300.jpg 225w\" sizes=\"(max-width: 480px) 100vw, 480px\" \/>\r\n<figcaption class=\"wp-element-caption\">Kiina hiekkavalu<\/figcaption>\r\n<\/figure>\r\n\r\n\r\n\r\n<figure class=\"wp-block-image size-large\"><img loading=\"lazy\" decoding=\"async\" data-id=\"12869\" class=\"alignnone wp-image-12869\" src=\"https:\/\/aludiecasting.com\/wp-content\/uploads\/2018\/10\/Chinese-sand-casting.jpg\" alt=\"Alumiinin hiekkavalu\" width=\"480\" height=\"640\" title=\"\" srcset=\"https:\/\/aludiecasting.com\/wp-content\/uploads\/2018\/10\/Chinese-sand-casting.jpg 480w, https:\/\/aludiecasting.com\/wp-content\/uploads\/2018\/10\/Chinese-sand-casting-225x300.jpg 225w\" sizes=\"(max-width: 480px) 100vw, 480px\" \/>\r\n<figcaption class=\"wp-element-caption\">Kiinalainen hiekkavalu<\/figcaption>\r\n<\/figure>\r\n<\/figure>","protected":false},"excerpt":{"rendered":"<p>Have you seen a large metal made of iron, bronze, brass or aluminum with some featured patterns in the middle? Have you noticed a cavity of wood or metal? If you say yes, I think you have already got the idea of casting. The sand is a cast part produced by forming a mold from [&hellip;]<\/p>\n","protected":false},"author":1,"featured_media":0,"parent":0,"menu_order":0,"comment_status":"closed","ping_status":"closed","template":"","meta":{"_et_pb_use_builder":"off","_et_pb_old_content":"","_et_gb_content_width":"","footnotes":""},"class_list":["post-12046","page","type-page","status-publish","hentry"],"_links":{"self":[{"href":"https:\/\/aludiecasting.com\/fi\/wp-json\/wp\/v2\/pages\/12046","targetHints":{"allow":["GET"]}}],"collection":[{"href":"https:\/\/aludiecasting.com\/fi\/wp-json\/wp\/v2\/pages"}],"about":[{"href":"https:\/\/aludiecasting.com\/fi\/wp-json\/wp\/v2\/types\/page"}],"author":[{"embeddable":true,"href":"https:\/\/aludiecasting.com\/fi\/wp-json\/wp\/v2\/users\/1"}],"replies":[{"embeddable":true,"href":"https:\/\/aludiecasting.com\/fi\/wp-json\/wp\/v2\/comments?post=12046"}],"version-history":[{"count":0,"href":"https:\/\/aludiecasting.com\/fi\/wp-json\/wp\/v2\/pages\/12046\/revisions"}],"wp:attachment":[{"href":"https:\/\/aludiecasting.com\/fi\/wp-json\/wp\/v2\/media?parent=12046"}],"curies":[{"name":"wp","href":"https:\/\/api.w.org\/{rel}","templated":true}]}}