{"id":12046,"date":"2018-08-16T08:38:15","date_gmt":"2018-08-16T08:38:15","guid":{"rendered":"https:\/\/aludiecasting.com\/?page_id=12046"},"modified":"2024-03-09T04:57:50","modified_gmt":"2024-03-09T04:57:50","slug":"moulage-en-sable-de-laluminium","status":"publish","type":"page","link":"https:\/\/aludiecasting.com\/fr\/moulage-en-sable-de-laluminium\/","title":{"rendered":"moulage en sable de l'aluminium"},"content":{"rendered":"<p>Avez-vous vu un grand m\u00e9tal en fer, en bronze, en laiton ou en aluminium avec des motifs au milieu ? Avez-vous remarqu\u00e9 une cavit\u00e9 en bois ou en m\u00e9tal ? Si vous r\u00e9pondez par l'affirmative, je pense que vous avez d\u00e9j\u00e0 une id\u00e9e de la fonte. Le sable est une pi\u00e8ce moul\u00e9e produite en formant un moule \u00e0 partir d'un m\u00e9lange de sable et en versant du m\u00e9tal liquide fondu dans la cavit\u00e9 du moule. Apr\u00e8s le processus de refroidissement, le m\u00e9tal fondu est solidifi\u00e9. Le moulage en sable est diff\u00e9rent du moulage sous pression de l'aluminium. D'une mani\u00e8re g\u00e9n\u00e9rale, <strong><a href=\"https:\/\/aludiecasting.com\/fr\/moulage-en-sable-de-laluminium\/\">Moulage en sable de l'aluminium<\/a><\/strong>\u00a0est produit comme suit.<\/p>\r\n<h1>Qu'est-ce que le moulage en sable de l'aluminium ?<\/h1>\r\n\r\n\r\n\r\n<p>Le moulage en sable de l'aluminium est un proc\u00e9d\u00e9 qui consiste \u00e0 cr\u00e9er des pi\u00e8ces en aluminium en versant de l'aluminium en fusion dans un moule en sable. Il s'agit d'une m\u00e9thode polyvalente et rentable pour produire une large gamme de pi\u00e8ces en aluminium, des formes simples aux g\u00e9om\u00e9tries complexes. Dans cet article, nous examinerons les avantages du moulage en sable de l'aluminium, le processus de cr\u00e9ation de moules en sable et les facteurs \u00e0 prendre en compte lors de la s\u00e9lection d'un fournisseur de moulage en sable de l'aluminium.<\/p>\r\n\r\n\r\n\r\n<figure class=\"wp-block-image aligncenter size-full\"><a href=\"https:\/\/aludiecasting.com\/wp-content\/uploads\/2018\/10\/Sand-Casting-Manufacturer.jpg\"><img loading=\"lazy\" decoding=\"async\" width=\"847\" height=\"480\" class=\"wp-image-12875\" src=\"https:\/\/aludiecasting.com\/wp-content\/uploads\/2018\/10\/Sand-Casting-Manufacturer.jpg\" alt=\"Fabricant de moulage en sable\" title=\"\" srcset=\"https:\/\/aludiecasting.com\/wp-content\/uploads\/2018\/10\/Sand-Casting-Manufacturer.jpg 847w, https:\/\/aludiecasting.com\/wp-content\/uploads\/2018\/10\/Sand-Casting-Manufacturer-300x170.jpg 300w, https:\/\/aludiecasting.com\/wp-content\/uploads\/2018\/10\/Sand-Casting-Manufacturer-768x435.jpg 768w\" sizes=\"(max-width: 847px) 100vw, 847px\" \/><\/a>\r\n<figcaption class=\"wp-element-caption\">moulage en sable de l'aluminium<\/figcaption>\r\n<\/figure>\r\n\r\n\r\n\r\n<h2 class=\"wp-block-heading\">Avantages du moulage au sable de l'aluminium<\/h2>\r\n<p><strong><em>Moulage en sable de l'aluminium<\/em><\/strong> offre plusieurs avantages par rapport \u00e0 <strong><em><a href=\"https:\/\/aludiecasting.com\/fr\/moulage-sous-pression-de-laluminium-4\/\">moulage sous pression de l'aluminium<\/a><\/em><\/strong> et le moulage permanent. Voici quelques-uns des avantages du moulage en sable de l'aluminium :<\/p>\r\n<p>La flexibilit\u00e9 de l'aluminium en fait un mat\u00e9riau id\u00e9al pour le moulage au sable. Solide et l\u00e9ger, l'aluminium peut \u00eatre fa\u00e7onn\u00e9 de multiples fa\u00e7ons. Il permet de construire aussi bien des composants microscopiques que des constructions massives. L'aluminium \u00e9tant un bon conducteur de chaleur, il se refroidit rapidement apr\u00e8s le moulage. Cela permet d'acc\u00e9l\u00e9rer la cr\u00e9ation de projets et de r\u00e9duire les d\u00e9lais.<\/p>\r\n<p>Un autre avantage du moulage en sable de l'aluminium est son prix abordable. L'acier et le fer co\u00fbtent plus cher que l'aluminium. Cela attire les entreprises qui cherchent \u00e0 r\u00e9duire leurs co\u00fbts sans sacrifier la qualit\u00e9. Le moulage en sable de l'aluminium n\u00e9cessite peu d'outils et d'\u00e9quipements, ce qui r\u00e9duit les co\u00fbts de production.<\/p>\r\n<p>Le moulage au sable de l'aluminium est co\u00fbteux, mais il permet d'obtenir un bon polissage de la surface et une bonne pr\u00e9cision des dimensions. Le moulage au sable permet de cr\u00e9er des formes et des g\u00e9om\u00e9tries complexes. Cela permet d'obtenir des produits conformes aux normes du projet. Le moulage au sable de l'aluminium permet d'obtenir des produits lisses sans usinage ni finition.<\/p>\r\n<p>Le moulage au sable de l'aluminium est respectueux de l'environnement. Plus de 90% de m\u00e9tal est recyclable. Il est donc facile de fondre du vieux m\u00e9tal et de le couler \u00e0 nouveau, ce qui permet de r\u00e9duire les d\u00e9chets et de prot\u00e9ger les ressources. Le moulage au sable de l'aluminium utilise du sable recyclable, ce qui est b\u00e9n\u00e9fique pour l'environnement. <br \/><br \/><\/p>\r\n<h3>Inconv\u00e9nients du moulage en sable de l'aluminium<\/h3>\r\n<p>Le moulage au sable de l'aluminium offre de nombreux avantages, mais il pr\u00e9sente \u00e9galement certains inconv\u00e9nients qui sont \u00e9num\u00e9r\u00e9s ci-dessous :<\/p>\r\n<p>Le moulage en sable de l'aluminium pr\u00e9sente une finition de surface m\u00e9diocre car le moule est fabriqu\u00e9 \u00e0 partir de sable. Par rapport au moulage par gravit\u00e9 et \u00e0 d'autres proc\u00e9d\u00e9s de moulage sous pression, la surface du moulage en sable est tr\u00e8s rugueuse.<\/p>\r\n<p>Le moulage sous pression et le moulage \u00e0 la cire perdue offrent davantage d'options de conception pour le moulage en sable de l'aluminium. Le moulage en sable est pr\u00e9f\u00e9rable pour les mod\u00e8les de base, car les moules en sable ne peuvent contenir qu'un nombre limit\u00e9 de d\u00e9tails. Il se peut qu'il n'y en ait pas assez pour les industries de pi\u00e8ces complexes.<\/p>\r\n<p>Le moulage au sable de l'aluminium est moins pr\u00e9cis que les autres techniques de moulage en ce qui concerne les dimensions et l'\u00e9tat de surface. Les moules en sable produisent des surfaces et des dimensions rugueuses et peuvent donc n\u00e9cessiter un usinage ou une finition suppl\u00e9mentaire pour obtenir le r\u00e9sultat souhait\u00e9. Cela peut r\u00e9duire la production, augmenter les co\u00fbts et d\u00e9grader les pi\u00e8ces.<\/p>\r\n<p>Le moulage de l'aluminium dans le sable prend du temps, en particulier pour les articles plus grands ou plus complexes. La pr\u00e9paration du moule en sable, la coul\u00e9e du m\u00e9tal en fusion, le refroidissement et le durcissement de l'article peuvent retarder la fabrication. Cela peut avoir un impact sur les entreprises qui ont des d\u00e9lais serr\u00e9s ou des rotations rapides.<\/p>\r\n<h3>D\u00e9fis du moulage en sable de l'aluminium<\/h3>\r\n<p>Les d\u00e9fis du moulage en sable de l'aluminium peuvent inclure divers facteurs qui affectent la qualit\u00e9 et l'efficacit\u00e9 du processus de moulage. Les d\u00e9fis les plus courants sont \u00e9num\u00e9r\u00e9s ci-dessous :<\/p>\r\n<p><strong>Porosit\u00e9 :<\/strong> Les moulages en sable d'aluminium poreux comprennent des poches d'air microscopiques ou des interstices \u00e0 l'int\u00e9rieur. Un moule en sable mal ventil\u00e9 peut \u00eatre \u00e0 l'origine de la porosit\u00e9.<\/p>\r\n<p><strong>D\u00e9fauts de surface<\/strong>: Les moules \u00e9tant fabriqu\u00e9s \u00e0 partir de sable, la surface sera toujours un probl\u00e8me auquel il faut penser, une mauvaise finition de la surface \u00e9tant la caract\u00e9ristique principale des moulages en sable<\/p>\r\n<p><strong>Pr\u00e9cision dimensionnelle :<\/strong> La pr\u00e9cision du moulage en sable de l'aluminium est difficile. Le refroidissement et la solidification de l'aluminium en fusion peuvent r\u00e9tr\u00e9cir et d\u00e9former le moulage, le moule en sable ne peut pas non plus r\u00e9pondre aux tol\u00e9rances serr\u00e9es.<\/p>\r\n\r\n\r\n\r\n<h3 class=\"wp-block-heading\">Qu'est-ce qu'un moule de moulage en sable pour l'aluminium ?<\/h3>\r\n\r\n\r\n\r\n<p>En tant que moule temporaire, un moule en aluminium pour le moulage en sable est utilis\u00e9 pour produire des composants m\u00e9talliques \u00e0 l'aide de la technique de moulage en sable. Les moules sont fabriqu\u00e9s en tassant un lit de sable autour d'un mod\u00e8le qui est une r\u00e9plique de la pi\u00e8ce \u00e0 couler. Les mat\u00e9riaux couramment utilis\u00e9s pour fabriquer le mod\u00e8le sont le bois, le plastique et le m\u00e9tal. Une fois le moule en sable construit, il est fendu en deux et l'int\u00e9rieur du moule est rempli d'aluminium en fusion. Le moulage de l'aluminium est accompli lorsque, lorsqu'il refroidit et se solidifie, le m\u00e9tal se conforme aux contours du moule. Une fois le moulage termin\u00e9, le moule en sable est soit jet\u00e9, soit transform\u00e9 en un nouveau mat\u00e9riau. <\/p>\r\n\r\n\r\n\r\n<h2 class=\"wp-block-heading\">Le processus de cr\u00e9ation du moulage au sable de l'aluminium<\/h2>\r\n\r\n\r\n\r\n<p>Le processus de cr\u00e9ation d'un moule en sable pour le moulage en sable de l'aluminium comprend plusieurs \u00e9tapes, notamment la cr\u00e9ation du mod\u00e8le, le moulage et la coul\u00e9e.<\/p>\r\n\r\n\r\n\r\n<p>L'\u00e9tape de base consiste \u00e0 placer un motif dans le sable pour cr\u00e9er un moule. Il convient de pr\u00e9ciser que le moule est divis\u00e9 en deux parties par le plan de joint. La chape est la moiti\u00e9 sup\u00e9rieure et la tra\u00een\u00e9e est la moiti\u00e9 inf\u00e9rieure. Comme vous le savez, il existe deux principaux types de sable. L'un est appel\u00e9 \"sable vert\", et l'autre \"air set\". Le premier est un m\u00e9lange de sable de silice, et le second est du sable sec avec d'autres mat\u00e9riaux par le biais d'un adh\u00e9sif de durcissement.<\/p>\r\n\r\n\r\n\r\n<p>Ensuite, retirez le mod\u00e8le et versez le m\u00e9tal fondu dans le moule. Vous pouvez utiliser la vibration et la m\u00e9thode m\u00e9canique pour retirer le mod\u00e8le. La chape est s\u00e9par\u00e9e de la tra\u00een\u00e9e. Dans le cadre des m\u00e9thodes m\u00e9caniques, le m\u00e9lange de sable est assembl\u00e9 pour former une cavit\u00e9 de moule. Selon les diff\u00e9rents types de sable, le changement qui se produit au cours de ce processus est diff\u00e9rent. Quoi qu'il en soit, une rehausse est n\u00e9cessaire pour retenir l'exc\u00e8s de mati\u00e8re fondue afin d'\u00e9viter les trous dans la coul\u00e9e principale.<\/p>\r\n\r\n\r\n\r\n<p>Ensuite, il faut laisser refroidir le m\u00e9tal. \u00c0 ce stade, les liquides sont solidifi\u00e9s. Il est temps de casser le moule et de retirer la pi\u00e8ce. Il est vrai que le moule est d\u00e9truit lors du processus de d\u00e9moulage. Toutefois, le mod\u00e8le lui-m\u00eame peut \u00eatre r\u00e9utilis\u00e9 pour produire de nouvelles pi\u00e8ces.\u00a0<strong><a href=\"https:\/\/aludiecasting.com\/fr\/moulage-en-sable-de-laluminium\/\">moules pour le moulage en sable<\/a>.<\/strong>\u00a0Si vous souhaitez obtenir un moulage plus \u00e9labor\u00e9, les surfaces doivent \u00eatre polies.<\/p>\r\n\r\n\r\n\r\n<h3 class=\"wp-block-heading\">Facteurs \u00e0 prendre en compte lors de la s\u00e9lection d'un fournisseur de moulage d'aluminium en sable<\/h3>\r\n\r\n\r\n\r\n<p>Il y a un certain nombre d'\u00e9l\u00e9ments \u00e0 prendre en compte lors du choix d'un fournisseur de moulage de m\u00e9taux en sable pour la production. De nombreuses pi\u00e8ces compliqu\u00e9es sont fabriqu\u00e9es \u00e0 l'aide du moulage en sable d'aluminium, et le choix du bon fournisseur peut modifier \u00e0 la fois la qualit\u00e9 et le co\u00fbt. Dans cet article de blog, nous parlerons des facteurs qui entrent en jeu dans le choix d'une source de moulage en sable d'aluminium. <br \/><br \/>Lorsqu'on cherche un fournisseur de moulage d'aluminium en sable, l'exp\u00e9rience et les comp\u00e9tences sont tr\u00e8s importantes. Trouvez une entreprise qui a fabriqu\u00e9 des pi\u00e8ces m\u00e9talliques moul\u00e9es de haute qualit\u00e9 pour de nombreux types d'entreprises. Les fournisseurs qui ont beaucoup d'exp\u00e9rience peuvent fabriquer des pi\u00e8ces avec des sp\u00e9cifications serr\u00e9es et des conceptions compliqu\u00e9es. <br \/><br \/>La capacit\u00e9 du fournisseur \u00e0 fabriquer des produits est \u00e9galement importante. Assurez-vous que le prestataire de services dispose des outils et des mat\u00e9riaux dont vous avez besoin pour le moulage. Il r\u00e9pertorie la taille et le type de ses moules, ainsi que sa capacit\u00e9 \u00e0 respecter les d\u00e9lais de production. Il convient \u00e9galement d'examiner les contr\u00f4les de qualit\u00e9 et les certifications du fournisseur. Trouvez une source certifi\u00e9e ISO 9001 pour vous assurer que les pi\u00e8ces que vous achetez r\u00e9pondent aux normes les plus strictes en mati\u00e8re de qualit\u00e9 et d'uniformit\u00e9. <br \/><br \/>Lorsque vous choisissez un fournisseur de moulage en sable de l'aluminium, vous devez \u00e9galement tenir compte de son co\u00fbt. Il est non seulement important de trouver un fournisseur dont les prix sont comp\u00e9titifs, mais aussi de tenir compte de sa valeur globale. Les d\u00e9lais de livraison, le contr\u00f4le de la qualit\u00e9 et le service \u00e0 la client\u00e8le sont autant d'\u00e9l\u00e9ments auxquels nous pensons. Vous risquez de payer plus cher \u00e0 long terme si vous achetez \u00e0 des fournisseurs bon march\u00e9 qui ne respectent pas les normes de qualit\u00e9 ou de fiabilit\u00e9. Trouvez un fournisseur dont le rapport prix\/valeur est \u00e9quitable et \u00e9vitez ceux dont les prix sont trop \u00e9lev\u00e9s. <br \/><br \/>Lors du choix d'un fournisseur de moulage en sable de l'aluminium, la communication et la communication sont \u00e9galement tr\u00e8s importantes. Trouvez un fournisseur qui r\u00e9pond rapidement, avec lequel il est facile de prendre contact et qui souhaite vous aider \u00e0 d\u00e9terminer ce dont vous avez besoin pour le moulage. Un fournisseur qui est pr\u00eat \u00e0 vous aider \u00e0 la fois pour la conception et la production peut vous fournir les bonnes pi\u00e8ces. <\/p>\r\n\r\n\r\n\r\n<p>Pour acheter des pi\u00e8ces moul\u00e9es en sable\u00a0<a href=\"https:\/\/aludiecasting.com\/fr\/moulage-en-sable-de-laluminium\/\"><em><strong>Moulage au sable Chine<\/strong><\/em><\/a>\u00a0sera la meilleure option pour votre march\u00e9, d\u00e9lai de livraison rapide, question \u00e9lev\u00e9e, correspondance, tout en un service que nous pouvons vous offrir, envoyez-nous un email pour obtenir un prix.<\/p>\r\n<p>GC PRECISION MOLD CO.LTD, fournit des solutions compl\u00e8tes de moulage sous pression, y compris le moulage sous pression, le moulage par gravit\u00e9, le moulage en sable, etc. Nous nous occuperons de votre projet pour toutes les responsabilit\u00e9s, de la conception \u00e0 la livraison. Notre gamme de produits comprend\u00a0<a href=\"https:\/\/aludiecasting.com\/fr\/moulage-sous-pression-de-laluminium-4\/\">Moulage sous pression d'aluminium<\/a>,\u00a0<a href=\"https:\/\/aludiecasting.com\/fr\/moulage-par-gravite-de-laluminium\/\"><strong>moulage par gravit\u00e9 de l'aluminium<\/strong><\/a>usinage \u00e0 commande num\u00e9rique (CNC),\u00a0<a href=\"https:\/\/www.thediecasting.com\/magnesium-die-casting\/\" target=\"_blank\" rel=\"noopener\">moulage sous pression du magn\u00e9sium<\/a>,\u00a0<a href=\"https:\/\/aludiecasting.com\/fr\/moulage-sous-pression-de-zinc-sous-vide\/\">moulage sous pression du zinc<\/a>composants d'emboutissage de m\u00e9taux, usinage par tournage, composants de machines \u00e9lectriques, composants de pompage de carburant, bo\u00eetiers d'\u00e9clairage public \u00e0 leds, produits de dissipation thermique, etc.<\/p>\r\n<p>Notre capacit\u00e9 de fabrication pour l'aluminium de 10 gm \u00e0 30 kg pour diverses industries, en particulier pour le processus de moulage par gravit\u00e9 de l'aluminium, nous utilisons un processus de moulage de pointe et des capacit\u00e9s d'usinage secondaires. Nous offrons des services suppl\u00e9mentaires en volume tels que le rev\u00eatement par poudre, l'anodisation, la peinture et l'assemblage.<\/p>\r\n<p>GC MOLD utilise une technologie de pointe pour fabriquer et fournir des produits de moulage sous pression en aluminium de haute qualit\u00e9 dans le monde entier. Nous disposons de 6 machines de moulage sous pression d'une capacit\u00e9 allant de 60 tonnes \u00e0 1000 tonnes pour fabriquer des composants de moulage sous pression, si vous recherchez un produit ou un service de moulage sous pression, veuillez nous contacter.\u00a0<strong>moulage sous pression de l'aluminium ou moulage par gravit\u00e9 de l'aluminium<\/strong>Nous vous invitons \u00e0 nous envoyer votre demande de devis, nous vous proposerons le meilleur prix dans les 24 heures.<\/p>\r\n\r\n<p>&nbsp;<\/p>\r\n\r\n<figure class=\"wp-block-gallery has-nested-images columns-4 is-cropped wp-block-gallery-1 is-layout-flex wp-block-gallery-is-layout-flex\">\r\n<figure class=\"wp-block-image size-large\"><img loading=\"lazy\" decoding=\"async\" width=\"480\" height=\"640\" data-id=\"12874\" class=\"wp-image-12874\" src=\"https:\/\/aludiecasting.com\/wp-content\/uploads\/2018\/10\/Sand-Casting-in-China.jpg\" alt=\"Moulage au sable en Chine\" title=\"\" srcset=\"https:\/\/aludiecasting.com\/wp-content\/uploads\/2018\/10\/Sand-Casting-in-China.jpg 480w, https:\/\/aludiecasting.com\/wp-content\/uploads\/2018\/10\/Sand-Casting-in-China-225x300.jpg 225w\" sizes=\"(max-width: 480px) 100vw, 480px\" \/>\r\n<figcaption class=\"wp-element-caption\"><a href=\"https:\/\/aludiecasting.com\/fr\/\">Moulage au sable en Chine<\/a><\/figcaption>\r\n<\/figure>\r\n\r\n\r\n\r\n<figure class=\"wp-block-image size-large\"><img loading=\"lazy\" decoding=\"async\" width=\"480\" height=\"640\" data-id=\"12879\" class=\"wp-image-12879\" src=\"https:\/\/aludiecasting.com\/wp-content\/uploads\/2018\/10\/sand-castings-china.jpg\" alt=\"moulages en sable chine\" title=\"\" srcset=\"https:\/\/aludiecasting.com\/wp-content\/uploads\/2018\/10\/sand-castings-china.jpg 480w, https:\/\/aludiecasting.com\/wp-content\/uploads\/2018\/10\/sand-castings-china-225x300.jpg 225w\" sizes=\"(max-width: 480px) 100vw, 480px\" \/>\r\n<figcaption class=\"wp-element-caption\"><a href=\"https:\/\/aludiecasting.com\/fr\/\">Moulage au sable Chine<\/a><\/figcaption>\r\n<\/figure>\r\n\r\n\r\n\r\n<figure class=\"wp-block-image size-large\"><img loading=\"lazy\" decoding=\"async\" width=\"480\" height=\"640\" data-id=\"12867\" class=\"wp-image-12867\" src=\"https:\/\/aludiecasting.com\/wp-content\/uploads\/2018\/10\/china-sand-casting.jpg\" alt=\"coul\u00e9e de sable en Chine\" title=\"\" srcset=\"https:\/\/aludiecasting.com\/wp-content\/uploads\/2018\/10\/china-sand-casting.jpg 480w, https:\/\/aludiecasting.com\/wp-content\/uploads\/2018\/10\/china-sand-casting-225x300.jpg 225w\" sizes=\"(max-width: 480px) 100vw, 480px\" \/>\r\n<figcaption class=\"wp-element-caption\">Moulage au sable en Chine<\/figcaption>\r\n<\/figure>\r\n\r\n\r\n\r\n<figure class=\"wp-block-image size-large\"><img loading=\"lazy\" decoding=\"async\" data-id=\"12869\" class=\"alignnone wp-image-12869\" src=\"https:\/\/aludiecasting.com\/wp-content\/uploads\/2018\/10\/Chinese-sand-casting.jpg\" alt=\"Moulage en sable de l&#039;aluminium\" width=\"480\" height=\"640\" title=\"\" srcset=\"https:\/\/aludiecasting.com\/wp-content\/uploads\/2018\/10\/Chinese-sand-casting.jpg 480w, https:\/\/aludiecasting.com\/wp-content\/uploads\/2018\/10\/Chinese-sand-casting-225x300.jpg 225w\" sizes=\"(max-width: 480px) 100vw, 480px\" \/>\r\n<figcaption class=\"wp-element-caption\">Moulage en sable chinois<\/figcaption>\r\n<\/figure>\r\n<\/figure>","protected":false},"excerpt":{"rendered":"<p>Have you seen a large metal made of iron, bronze, brass or aluminum with some featured patterns in the middle? Have you noticed a cavity of wood or metal? If you say yes, I think you have already got the idea of casting. The sand is a cast part produced by forming a mold from [&hellip;]<\/p>\n","protected":false},"author":1,"featured_media":0,"parent":0,"menu_order":0,"comment_status":"closed","ping_status":"closed","template":"","meta":{"_et_pb_use_builder":"off","_et_pb_old_content":"","_et_gb_content_width":"","footnotes":""},"class_list":["post-12046","page","type-page","status-publish","hentry"],"_links":{"self":[{"href":"https:\/\/aludiecasting.com\/fr\/wp-json\/wp\/v2\/pages\/12046","targetHints":{"allow":["GET"]}}],"collection":[{"href":"https:\/\/aludiecasting.com\/fr\/wp-json\/wp\/v2\/pages"}],"about":[{"href":"https:\/\/aludiecasting.com\/fr\/wp-json\/wp\/v2\/types\/page"}],"author":[{"embeddable":true,"href":"https:\/\/aludiecasting.com\/fr\/wp-json\/wp\/v2\/users\/1"}],"replies":[{"embeddable":true,"href":"https:\/\/aludiecasting.com\/fr\/wp-json\/wp\/v2\/comments?post=12046"}],"version-history":[{"count":0,"href":"https:\/\/aludiecasting.com\/fr\/wp-json\/wp\/v2\/pages\/12046\/revisions"}],"wp:attachment":[{"href":"https:\/\/aludiecasting.com\/fr\/wp-json\/wp\/v2\/media?parent=12046"}],"curies":[{"name":"wp","href":"https:\/\/api.w.org\/{rel}","templated":true}]}}