{"id":12046,"date":"2018-08-16T08:38:15","date_gmt":"2018-08-16T08:38:15","guid":{"rendered":"https:\/\/aludiecasting.com\/?page_id=12046"},"modified":"2024-03-09T04:57:50","modified_gmt":"2024-03-09T04:57:50","slug":"aluminium-homokontes","status":"publish","type":"page","link":"https:\/\/aludiecasting.com\/hu\/aluminium-homokontes\/","title":{"rendered":"alum\u00ednium homok\u00f6nt\u00e9s"},"content":{"rendered":"<p>L\u00e1tt\u00e1l m\u00e1r egy nagy vasb\u00f3l, bronzb\u00f3l, s\u00e1rgar\u00e9zb\u0151l vagy alum\u00edniumb\u00f3l k\u00e9sz\u00fclt f\u00e9mdarabot, amelynek k\u00f6zep\u00e9n valamilyen mint\u00e1zat van? \u00c9szrevett\u00e9l m\u00e1r egy f\u00e1b\u00f3l vagy f\u00e9mb\u0151l k\u00e9sz\u00fclt \u00fcreget? Ha azt mondja, hogy igen, akkor azt hiszem, m\u00e1r megvan az \u00f6nt\u00e9s gondolata. A homok egy \u00f6nt\u00f6tt alkatr\u00e9sz, amelyet \u00fagy \u00e1ll\u00edtanak el\u0151, hogy homokkever\u00e9kb\u0151l form\u00e1znak egy form\u00e1t, \u00e9s a form\u00e1ban l\u00e9v\u0151 \u00fcregbe olvadt foly\u00e9kony f\u00e9met \u00f6ntenek. A h\u0171t\u00e9si folyamat ut\u00e1n az olvadt f\u00e9m megszil\u00e1rdult. Az utols\u00f3, homok \u00f6ntv\u00e9nyt kapn\u00e1nk csak elv\u00e1lasztva a pen\u00e9sz. ez a homok \u00f6nt\u00e9s k\u00fcl\u00f6nb\u00f6zik az alum\u00ednium \u00f6ntv\u00e9nyt\u0151l. \u00c1ltal\u00e1noss\u00e1gban elmondhat\u00f3, <strong><a href=\"https:\/\/aludiecasting.com\/hu\/aluminium-homokontes\/\">Alum\u00ednium homok\u00f6nt\u00e9s<\/a><\/strong>\u00a0a k\u00f6vetkez\u0151k\u00e9ppen \u00e1ll\u00edtj\u00e1k el\u0151.<\/p>\r\n<h1>Mi az alum\u00ednium homok\u00f6nt\u00e9s<\/h1>\r\n\r\n\r\n\r\n<p>Az alum\u00ednium homok\u00f6nt\u00e9s egy olyan elj\u00e1r\u00e1s, amelynek sor\u00e1n az alum\u00ednium alkatr\u00e9szeket olvasztott alum\u00edniumot \u00f6ntenek egy homokform\u00e1ba. Ez egy sokoldal\u00fa \u00e9s k\u00f6lts\u00e9ghat\u00e9kony m\u00f3dszer az alum\u00ednium alkatr\u00e9szek sz\u00e9les sk\u00e1l\u00e1j\u00e1nak el\u0151\u00e1ll\u00edt\u00e1s\u00e1ra, az egyszer\u0171 form\u00e1kt\u00f3l az \u00f6sszetett geometri\u00e1kig. Ebben a cikkben az alum\u00ednium homok\u00f6nt\u00e9s el\u0151nyeit, a homokform\u00e1k k\u00e9sz\u00edt\u00e9s\u00e9nek folyamat\u00e1t \u00e9s az alum\u00ednium homok\u00f6nt\u0151 besz\u00e1ll\u00edt\u00f3 kiv\u00e1laszt\u00e1sakor figyelembe veend\u0151 t\u00e9nyez\u0151ket vizsg\u00e1ljuk meg.<\/p>\r\n\r\n\r\n\r\n<figure class=\"wp-block-image aligncenter size-full\"><a href=\"https:\/\/aludiecasting.com\/wp-content\/uploads\/2018\/10\/Sand-Casting-Manufacturer.jpg\"><img loading=\"lazy\" decoding=\"async\" width=\"847\" height=\"480\" class=\"wp-image-12875\" src=\"https:\/\/aludiecasting.com\/wp-content\/uploads\/2018\/10\/Sand-Casting-Manufacturer.jpg\" alt=\"Homok\u00f6nt\u00e9s gy\u00e1rt\u00f3ja\" title=\"\" srcset=\"https:\/\/aludiecasting.com\/wp-content\/uploads\/2018\/10\/Sand-Casting-Manufacturer.jpg 847w, https:\/\/aludiecasting.com\/wp-content\/uploads\/2018\/10\/Sand-Casting-Manufacturer-300x170.jpg 300w, https:\/\/aludiecasting.com\/wp-content\/uploads\/2018\/10\/Sand-Casting-Manufacturer-768x435.jpg 768w\" sizes=\"(max-width: 847px) 100vw, 847px\" \/><\/a>\r\n<figcaption class=\"wp-element-caption\">alum\u00ednium homok\u00f6nt\u00e9s<\/figcaption>\r\n<\/figure>\r\n\r\n\r\n\r\n<h2 class=\"wp-block-heading\">Az alum\u00ednium homok\u00f6nt\u00e9s el\u0151nyei<\/h2>\r\n<p><strong><em>Alum\u00ednium homok\u00f6nt\u00e9s<\/em><\/strong> sz\u00e1mos el\u0151nyt k\u00edn\u00e1l a k\u00f6vetkez\u0151kh\u00f6z k\u00e9pest <strong><em><a href=\"https:\/\/aludiecasting.com\/hu\/aluminium-ontveny-3\/\">alum\u00ednium \u00f6ntv\u00e9ny<\/a><\/em><\/strong> \u00e9s \u00e1lland\u00f3 \u00f6nt\u0151forma \u00f6nt\u00e9s. Az alum\u00ednium homok\u00f6nt\u00e9s n\u00e9h\u00e1ny el\u0151nye:<\/p>\r\n<p>Rugalmass\u00e1ga miatt az alum\u00ednium homok\u00f6nt\u00e9s nagyszer\u0171. Az er\u0151s \u00e9s k\u00f6nny\u0171 alum\u00ednium sokf\u00e9lek\u00e9ppen alak\u00edthat\u00f3. A mikroszkopikus alkatr\u00e9szekt\u0151l a massz\u00edv szerkezetekig b\u00e1rmit meg\u00e9p\u00edt. Mivel az alum\u00ednium j\u00f3l vezeti a h\u0151t, \u00f6nt\u00e9s ut\u00e1n gyorsan leh\u0171l. Ez felgyors\u00edtja a projektek l\u00e9trehoz\u00e1s\u00e1t \u00e9s cs\u00f6kkenti az \u00e1tfut\u00e1si id\u0151t.<\/p>\r\n<p>Az alum\u00ednium homok\u00f6nt\u00e9s m\u00e1sik el\u0151nye a megfizethet\u0151s\u00e9g. Az ac\u00e9l \u00e9s a vas t\u00f6bbe ker\u00fcl, mint az alum\u00ednium. Ez vonzza azokat a c\u00e9geket, amelyek a min\u0151s\u00e9g fel\u00e1ldoz\u00e1sa n\u00e9lk\u00fcl igyekeznek k\u00f6lts\u00e9get megtakar\u00edtani. Az alum\u00ednium homok\u00f6nt\u00e9shez kis szersz\u00e1mokra \u00e9s berendez\u00e9sekre van sz\u00fcks\u00e9g, ami cs\u00f6kkenti a gy\u00e1rt\u00e1si k\u00f6lts\u00e9geket.<\/p>\r\n<p>Az alum\u00ednium homok\u00f6nt\u00e9s dr\u00e1ga, de j\u00f3 fel\u00fcleti csiszol\u00e1st \u00e9s m\u00e9retpontoss\u00e1got biztos\u00edt. A homok\u00f6nt\u00e9s \u00f6sszetett form\u00e1kat \u00e9s geometri\u00e1kat hoz l\u00e9tre. Ez biztos\u00edtja a projektszabv\u00e1nyos term\u00e9keket. Az alum\u00ednium homok\u00f6nt\u00e9s megmunk\u00e1l\u00e1s vagy ut\u00f3munka n\u00e9lk\u00fcl sima term\u00e9keket \u00e1ll\u00edt el\u0151.<\/p>\r\n<p>Az alum\u00ednium homok\u00f6nt\u00e9s k\u00f6rnyezetbar\u00e1t. T\u00f6bb mint 90% f\u00e9m \u00fajrahasznos\u00edthat\u00f3. Ez egyszer\u0171v\u00e9 teszi a r\u00e9gi f\u00e9m beolvaszt\u00e1s\u00e1t \u00e9s \u00fajra\u00f6nt\u00e9s\u00e9t, ami cs\u00f6kkenti a hullad\u00e9kot \u00e9s v\u00e9di az er\u0151forr\u00e1sokat. Az alum\u00ednium homok\u00f6nt\u00e9s \u00fajrahasznos\u00edthat\u00f3 homokot haszn\u00e1l, ami seg\u00edti a k\u00f6rnyezetet. <br \/><br \/><\/p>\r\n<h3>Az alum\u00ednium homok\u00f6nt\u00e9s h\u00e1tr\u00e1nyai<\/h3>\r\n<p>Az alum\u00ednium homok\u00f6nt\u00e9s sz\u00e1mos el\u0151nnyel j\u00e1r, de van n\u00e9h\u00e1ny h\u00e1tr\u00e1nya is, amelyek az al\u00e1bbiak szerint vannak felsorolva:<\/p>\r\n<p>Az alum\u00ednium homok\u00f6nt\u00e9snek rossz a fel\u00fclete, mivel a homokb\u00f3l k\u00e9sz\u00fclt \u00f6nt\u0151forma homokb\u00f3l k\u00e9sz\u00fclt, \u00f6sszehasonl\u00edtva a gravit\u00e1ci\u00f3s \u00f6nt\u00e9ssel \u00e9s m\u00e1s \u00f6nt\u00e9si elj\u00e1r\u00e1ssal, a homok\u00f6nt\u00e9s fel\u00fclete nagyon durva lesz.<\/p>\r\n<p>A nyom\u00e1sos \u00f6nt\u00e9s \u00e9s a beruh\u00e1z\u00e1si \u00f6nt\u00e9s t\u00f6bb alum\u00ednium homok\u00f6nt\u00e9si tervez\u00e9si lehet\u0151s\u00e9get biztos\u00edt. A homok\u00f6nt\u00e9s a legjobb az alapmint\u00e1khoz, mivel a homokform\u00e1k csak bizonyos r\u00e9szletess\u00e9g\u0171 r\u00e9szleteket k\u00e9pesek hordozni. Nem biztos, hogy el\u00e9g az \u00f6sszetett alkatr\u00e9szgy\u00e1rt\u00f3 ipar\u00e1gak sz\u00e1m\u00e1ra.<\/p>\r\n<p>Az alum\u00ednium homok\u00f6nt\u00e9s kisebb m\u00e9ret- \u00e9s fel\u00fcleti pontoss\u00e1ggal rendelkezik, mint m\u00e1s \u00f6nt\u00e9si technik\u00e1k. A homok\u00f6ntv\u00e9nyek durva fel\u00fcleteket \u00e9s m\u00e9reteket eredm\u00e9nyeznek, ez\u00e9rt a k\u00edv\u00e1nt eredm\u00e9ny el\u00e9r\u00e9s\u00e9hez tov\u00e1bbi megmunk\u00e1l\u00e1sra vagy ut\u00f3munk\u00e1ra lehet sz\u00fcks\u00e9g. Ez cs\u00f6kkentheti a teljes\u00edtm\u00e9nyt, n\u00f6velheti a k\u00f6lts\u00e9geket \u00e9s ronthatja az alkatr\u00e9szek min\u0151s\u00e9g\u00e9t.<\/p>\r\n<p>Az alum\u00ednium homokba \u00f6nt\u00e9se id\u0151ig\u00e9nyes, k\u00fcl\u00f6n\u00f6sen a nagyobb vagy bonyolultabb elemek eset\u00e9ben. A homokforma el\u0151k\u00e9sz\u00edt\u00e9se, az olvadt f\u00e9m ki\u00f6nt\u00e9se, valamint a t\u00e1rgy leh\u0171t\u00e9se \u00e9s megszil\u00e1rd\u00edt\u00e1sa k\u00e9sleltetheti a gy\u00e1rt\u00e1st. Ez hat\u00e1ssal lehet a szoros hat\u00e1rid\u0151kkel vagy gyors \u00e1tfut\u00e1si id\u0151vel rendelkez\u0151 v\u00e1llalkoz\u00e1sokra.<\/p>\r\n<h3>Az alum\u00ednium homok\u00f6nt\u00e9s kih\u00edv\u00e1sai<\/h3>\r\n<p>Az alum\u00ednium homok\u00f6nt\u00e9s kih\u00edv\u00e1sai k\u00f6z\u00e9 sz\u00e1mos olyan t\u00e9nyez\u0151 tartozhat, amelyek befoly\u00e1solj\u00e1k az \u00f6nt\u00e9si folyamat min\u0151s\u00e9g\u00e9t \u00e9s hat\u00e9konys\u00e1g\u00e1t. N\u00e9h\u00e1ny gyakori kih\u00edv\u00e1s az al\u00e1bbiakban felsoroltak szerint:<\/p>\r\n<p><strong>Porozit\u00e1s:<\/strong> A por\u00f3zus alum\u00ednium homok\u00f6ntv\u00e9nyek mikroszkopikus l\u00e9gzsebek vagy r\u00e9sek vannak a belsej\u00fckben. A rossz szell\u0151z\u00e9s\u0171 homok\u00f6ntv\u00e9ny porozit\u00e1st hozhat l\u00e9tre.<\/p>\r\n<p><strong>Fel\u00fcleti hib\u00e1k<\/strong>: Mivel a homokb\u00f3l k\u00e9sz\u00fclt pen\u00e9sz, \u00edgy a fel\u00fclet mindig a k\u00e9rd\u00e9s, amelyet gondolni kell, a rossz fel\u00fcleti kivitel homok\u00f6ntv\u00e9nyek kulcsfontoss\u00e1g\u00fa jellemz\u0151i.<\/p>\r\n<p><strong>M\u00e9retpontoss\u00e1g:<\/strong> A precizit\u00e1s az alum\u00ednium homok\u00f6nt\u00e9sn\u00e9l neh\u00e9z. Az olvadt alum\u00ednium h\u0171t\u00e9se \u00e9s megszil\u00e1rdul\u00e1sa zsugorodhat \u00e9s deform\u00e1lhatja az \u00f6ntv\u00e9nyt, a homokforma nem felel meg a szoros t\u0171r\u00e9shat\u00e1rnak sem.<\/p>\r\n\r\n\r\n\r\n<h3 class=\"wp-block-heading\">Mi az alum\u00ednium homok\u00f6nt\u0151 pen\u00e9sz<\/h3>\r\n\r\n\r\n\r\n<p>Ideiglenes formak\u00e9nt egy alum\u00ednium homok\u00f6nt\u0151form\u00e1t haszn\u00e1lnak f\u00e9m alkatr\u00e9szek gy\u00e1rt\u00e1s\u00e1ra homok\u00f6nt\u00e9si technik\u00e1val. Az \u00f6nt\u0151form\u00e1k \u00fagy k\u00e9sz\u00fclnek, hogy egy homok\u00e1gyat t\u00f6m\u00f6r\u00edtenek egy minta k\u00f6r\u00e9, amely az \u00f6ntend\u0151 alkatr\u00e9sz m\u00e1solata. A minta elk\u00e9sz\u00edt\u00e9s\u00e9hez gyakran haszn\u00e1lt anyagok k\u00f6z\u00e9 tartozik a fa, a m\u0171anyag \u00e9s a f\u00e9m. Miut\u00e1n a homokforma elk\u00e9sz\u00fclt, kett\u00e9has\u00edtj\u00e1k, \u00e9s a forma belsej\u00e9t olvasztott alum\u00edniummal t\u00f6ltik meg. Az alum\u00ednium \u00f6nt\u00e9se akkor val\u00f3sul meg, amikor a f\u00e9m kih\u0171l\u00e9s \u00e9s megszil\u00e1rdul\u00e1s ut\u00e1n a forma k\u00f6rvonalaihoz igazodik. Amikor az \u00f6nt\u00e9s befejez\u0151d\u00f6tt, a homokform\u00e1t vagy kidobj\u00e1k, vagy \u00faj anyagg\u00e1 alak\u00edtj\u00e1k. <\/p>\r\n\r\n\r\n\r\n<h2 class=\"wp-block-heading\">Az alum\u00ednium homok\u00f6ntv\u00e9nyek k\u00e9sz\u00edt\u00e9s\u00e9nek folyamata<\/h2>\r\n\r\n\r\n\r\n<p>Az alum\u00ednium homok\u00f6nt\u00e9shez sz\u00fcks\u00e9ges homokforma l\u00e9trehoz\u00e1s\u00e1nak folyamata t\u00f6bb l\u00e9p\u00e9st foglal mag\u00e1ban, bele\u00e9rtve a mintak\u00e9sz\u00edt\u00e9st, az \u00f6nt\u00e9st \u00e9s az \u00f6nt\u00e9st.<\/p>\r\n\r\n\r\n\r\n<p>Az alapl\u00e9p\u00e9s az, hogy egy mint\u00e1t homokba helyez\u00fcnk, hogy form\u00e1t hozzunk l\u00e9tre. Meg kell eml\u00edteni, hogy a forma k\u00e9t r\u00e9szb\u0151l \u00e1ll, amelyeket a v\u00e1laszt\u00f3vonal v\u00e1laszt el egym\u00e1st\u00f3l. A buk\u00f3 a fels\u0151 fel\u00e9t, a h\u00faz\u00f3 az als\u00f3 fel\u00e9t alkotja. \u00c9s mint tudjuk, 2 f\u0151 homokfajta l\u00e9tezik. Az egyik az \u00fagynevezett \"z\u00f6ld homok\", a m\u00e1sik pedig a \"l\u00e9gk\u00e9szlet\". Az el\u0151z\u0151 a szilikahomok kever\u00e9ke, az ut\u00f3bbi pedig sz\u00e1raz homok m\u00e1s anyaggal, a kem\u00e9nyed\u0151 ragaszt\u00f3n kereszt\u00fcl.<\/p>\r\n\r\n\r\n\r\n<p>Ezut\u00e1n t\u00e1vol\u00edtsa el a mint\u00e1t, \u00e9s \u00f6ntse az olvasztott f\u00e9met a form\u00e1ba. A minta elt\u00e1vol\u00edt\u00e1s\u00e1hoz haszn\u00e1lhatja a vibr\u00e1ci\u00f3s \u00e9s mechanikus m\u00f3dszert. \u00c9s a p\u00e1pa elv\u00e1lik a h\u00faz\u00e1st\u00f3l. A mechanikus m\u00f3dszereken bel\u00fcl a homokkever\u00e9ket \u00f6nt\u0151form\u00e1ba \u00fcregbe \u00e1ll\u00edtj\u00e1k \u00f6ssze. A k\u00fcl\u00f6nb\u00f6z\u0151 homokfajt\u00e1k szerint a folyamat sor\u00e1n bek\u00f6vetkezett v\u00e1ltoz\u00e1s elt\u00e9r\u0151. B\u00e1rmi legyen is, egy emelked\u0151re van sz\u00fcks\u00e9g a felesleges olvadt anyag megtart\u00e1s\u00e1hoz, hogy elker\u00fclj\u00e9k a lyukakat a f\u0151 \u00f6ntv\u00e9nyben.<\/p>\r\n\r\n\r\n\r\n<p>Ezut\u00e1n hagyja kih\u0171lni a f\u00e9met. Ebben a pillanatban a folyad\u00e9kok megszil\u00e1rdulnak. Itt az ideje, hogy let\u00f6rje a form\u00e1t \u00e9s elt\u00e1vol\u00edtsa az \u00f6ntv\u00e9nyt. Igaz, hogy az elt\u00e1vol\u00edt\u00e1s sor\u00e1n az \u00f6nt\u0151forma t\u00f6nkremegy. Maga a minta azonban \u00fajra felhaszn\u00e1lhat\u00f3 \u00fajak gy\u00e1rt\u00e1s\u00e1hoz.\u00a0<strong><a href=\"https:\/\/aludiecasting.com\/hu\/aluminium-homokontes\/\">homok\u00f6nt\u0151 form\u00e1k<\/a>.<\/strong>\u00a0Ha pedig bonyolultabb \u00f6ntv\u00e9nyt szeretne, a fel\u00fcleteket pol\u00edrozni kell.<\/p>\r\n\r\n\r\n\r\n<h3 class=\"wp-block-heading\">Az alum\u00ednium homok\u00f6nt\u0151 besz\u00e1ll\u00edt\u00f3 kiv\u00e1laszt\u00e1sakor figyelembe veend\u0151 t\u00e9nyez\u0151k<\/h3>\r\n\r\n\r\n\r\n<p>Sz\u00e1mos dologra kell gondolni, amikor egy f\u00e9mhomok\u00f6nt\u0151 besz\u00e1ll\u00edt\u00f3t v\u00e1lasztunk a gy\u00e1rt\u00e1shoz. Sok bonyolult alkatr\u00e9sz k\u00e9sz\u00fcl alum\u00ednium homok\u00f6nt\u00e9ssel, \u00e9s a megfelel\u0151 szolg\u00e1ltat\u00f3 kiv\u00e1laszt\u00e1sa megv\u00e1ltoztathatja mind a min\u0151s\u00e9get, mind a k\u00f6lts\u00e9geket. Ebben a blogbejegyz\u00e9sben az alum\u00ednium homok\u00f6nt\u0151 forr\u00e1s kiv\u00e1laszt\u00e1s\u00e1nak t\u00e9nyez\u0151ir\u0151l besz\u00e9l\u00fcnk. <br \/><br \/>Amikor alum\u00ednium homok\u00f6nt\u0151 szolg\u00e1ltat\u00f3t keres, a tapasztalat \u00e9s a szak\u00e9rtelem nagyon fontos. Keressen olyan c\u00e9get, amely m\u00e1r sok k\u00fcl\u00f6nb\u00f6z\u0151 t\u00edpus\u00fa v\u00e1llalkoz\u00e1s sz\u00e1m\u00e1ra k\u00e9sz\u00edtett kiv\u00e1l\u00f3 min\u0151s\u00e9g\u0171 f\u00e9m\u00f6ntv\u00e9nyeket. A nagy tapasztalattal rendelkez\u0151 sz\u00e1ll\u00edt\u00f3k k\u00e9pesek szoros specifik\u00e1ci\u00f3j\u00fa \u00e9s bonyolult kialak\u00edt\u00e1s\u00fa alkatr\u00e9szeket k\u00e9sz\u00edteni. <br \/><br \/>A besz\u00e1ll\u00edt\u00f3 gy\u00e1rt\u00e1si k\u00e9pess\u00e9ge is fontos. Gy\u0151z\u0151dj\u00f6n meg arr\u00f3l, hogy a szolg\u00e1ltat\u00f3 rendelkezik-e az \u00f6nt\u00e9shez sz\u00fcks\u00e9ges szersz\u00e1mokkal \u00e9s anyagokkal. Felsorolja a szersz\u00e1mm\u00e9ret\u00fcket, t\u00edpusukat \u00e9s a gy\u00e1rt\u00e1si hat\u00e1rid\u0151k betart\u00e1s\u00e1nak k\u00e9pess\u00e9g\u00e9t. Egy m\u00e1sik dolog, amit meg kell tennie, hogy megn\u00e9zi a besz\u00e1ll\u00edt\u00f3 min\u0151s\u00e9gellen\u0151rz\u00e9s\u00e9t \u00e9s tan\u00fas\u00edtv\u00e1nyait. Keressen olyan forr\u00e1st, amely ISO 9001 tan\u00fas\u00edtv\u00e1nnyal rendelkezik, hogy megbizonyosodjon arr\u00f3l, hogy a megv\u00e1s\u00e1rolt alkatr\u00e9szek megfelelnek a legmagasabb min\u0151s\u00e9gi \u00e9s konzisztencia-el\u0151\u00edr\u00e1soknak. <br \/><br \/>Az alum\u00ednium homok\u00f6nt\u0151 besz\u00e1ll\u00edt\u00f3 kiv\u00e1laszt\u00e1sakor azt is figyelembe kell vennie, hogy mennyibe ker\u00fcl. Nemcsak az a fontos, hogy versenyk\u00e9pes \u00e1r\u00fa besz\u00e1ll\u00edt\u00f3t tal\u00e1ljon, hanem az is, hogy \u00f6ssz\u00e9rt\u00e9k\u00fck is. Az \u00e1tfut\u00e1si id\u0151k, a min\u0151s\u00e9gellen\u0151rz\u00e9s \u00e9s az \u00fcgyf\u00e9lszolg\u00e1lat mind olyan dolgok, amelyekre gondolunk. Hossz\u00fa t\u00e1von t\u00f6bbe ker\u00fclhet, ha olyan olcs\u00f3 besz\u00e1ll\u00edt\u00f3kt\u00f3l v\u00e1s\u00e1rol, akik sp\u00f3rolnak a min\u0151s\u00e9gen vagy a megb\u00edzhat\u00f3s\u00e1gon. Keressen olyan besz\u00e1ll\u00edt\u00f3t, akinek az \u00e1r-\u00e9rt\u00e9k ar\u00e1nya tisztess\u00e9ges, \u00e9s maradjon t\u00e1vol azokt\u00f3l, akiknek az \u00e1rai t\u00fal magasak. <br \/><br \/>Az alum\u00ednium homok\u00f6nt\u0151 besz\u00e1ll\u00edt\u00f3 kiv\u00e1laszt\u00e1sakor a kommunik\u00e1ci\u00f3 \u00e9s a kommunik\u00e1ci\u00f3 is nagyon fontos. Keressen olyan besz\u00e1ll\u00edt\u00f3t, aki gyorsan v\u00e1laszol, akivel k\u00f6nny\u0171 felvenni a kapcsolatot, \u00e9s aki seg\u00edteni akar \u00d6nnek abban, hogy kital\u00e1lja, mire van sz\u00fcks\u00e9ge az \u00f6nt\u00e9shez. Aki hajland\u00f3 seg\u00edteni \u00d6nnek mind a tervez\u00e9sben, mind a gy\u00e1rt\u00e1sban, az megfelel\u0151 alkatr\u00e9szeket tud \u00d6nnek biztos\u00edtani. <\/p>\r\n\r\n\r\n\r\n<p>Homok\u00f6ntv\u00e9ny alkatr\u00e9szek v\u00e1s\u00e1rl\u00e1sa\u00a0<a href=\"https:\/\/aludiecasting.com\/hu\/aluminium-homokontes\/\"><em><strong>Homok\u00f6nt\u00e9s K\u00edna<\/strong><\/em><\/a>\u00a0lesz a legjobb megold\u00e1s az \u00d6n piaca sz\u00e1m\u00e1ra, gyors sz\u00e1ll\u00edt\u00e1si id\u0151, magas k\u00e9rd\u00e9s, megfelel\u0151, minden egy szolg\u00e1ltat\u00e1sban, amit k\u00edn\u00e1lhatunk \u00d6nnek, k\u00fcldj\u00f6n nek\u00fcnk egy e-mailt, hogy \u00e1rat kapjon.<\/p>\r\n<p>GC PRECISION MOLD CO.LTD, teljes k\u00f6r\u0171 \u00f6nt\u00e9si megold\u00e1sokat k\u00edn\u00e1l, bele\u00e9rtve a nagynyom\u00e1s\u00fa \u00f6nt\u00e9st, a gravit\u00e1ci\u00f3s \u00f6nt\u00e9st, a homok\u00f6nt\u00e9st stb., gondoskodunk a projektj\u00e9r\u0151l a tervez\u00e9st\u0151l a sz\u00e1ll\u00edt\u00e1sig. Term\u00e9kv\u00e1laszt\u00e9kunk a k\u00f6vetkez\u0151ket tartalmazza\u00a0<a href=\"https:\/\/aludiecasting.com\/hu\/aluminium-ontveny-3\/\">Alum\u00ednium Die Casting<\/a>,\u00a0<a href=\"https:\/\/aludiecasting.com\/hu\/aluminium-gravitacios-ontveny-3\/\"><strong>alum\u00ednium gravit\u00e1ci\u00f3s \u00f6ntv\u00e9ny<\/strong><\/a>, CNC megmunk\u00e1l\u00e1s,\u00a0<a href=\"https:\/\/www.thediecasting.com\/magnesium-die-casting\/\" target=\"_blank\" rel=\"noopener\">magn\u00e9zium \u00f6ntv\u00e9ny<\/a>,\u00a0<a href=\"https:\/\/aludiecasting.com\/hu\/vakuum-cink-ontes\/\">cink \u00f6ntv\u00e9ny<\/a>, f\u00e9m b\u00e9lyegz\u0151 alkatr\u00e9szek, eszterg\u00e1l\u00e1s megmunk\u00e1l\u00e1s, elektromos g\u00e9pek alkatr\u00e9szei, \u00fczemanyag-szivatty\u00fa alkatr\u00e9szek, led utcai vil\u00e1g\u00edt\u00e1s h\u00e1z, h\u0171t\u0151borda term\u00e9kek stb.<\/p>\r\n<p>A gy\u00e1rt\u00e1si kapacit\u00e1s alum\u00ednium 10 gm-t\u0151l 30 kg-ig k\u00fcl\u00f6nb\u00f6z\u0151 ipar\u00e1gak sz\u00e1m\u00e1ra, k\u00fcl\u00f6n\u00f6sen az alum\u00ednium gravit\u00e1ci\u00f3s \u00f6nt\u00e9si folyamathoz, a legmodernebb \u00f6nt\u00e9si elj\u00e1r\u00e1st \u00e9s m\u00e1sodlagos megmunk\u00e1l\u00e1si lehet\u0151s\u00e9geket haszn\u00e1ljuk. K\u00edn\u00e1lunk a mennyis\u00e9g hozz\u00e1adott szolg\u00e1ltat\u00e1s, mint a porsz\u00f3r\u00e1s, elox\u00e1l\u00e1s, fest\u00e9s, \u00e9s \u00f6sszeszerel\u00e9s.<\/p>\r\n<p>GC MOLD a legmodernebb technol\u00f3gi\u00e1t haszn\u00e1lja, m\u00e1r gy\u00e1rtunk \u00e9s sz\u00e1ll\u00edtunk kiv\u00e1l\u00f3 min\u0151s\u00e9g\u0171 alum\u00ednium gravit\u00e1ci\u00f3s \u00f6ntv\u00e9ny term\u00e9keket a vil\u00e1gnak, 6 \u00f6nt\u0151g\u00e9p\u00fcnk van, amelyek kapacit\u00e1sa 60 tonn\u00e1t\u00f3l 1000 tonn\u00e1ig terjed, hogy \u00f6ntv\u00e9ny alkatr\u00e9szeket gy\u00e1rtson, ha keres valamilyen\u00a0<strong>alum\u00ednium \u00f6ntv\u00e9ny vagy alum\u00ednium gravit\u00e1ci\u00f3s \u00f6ntv\u00e9ny<\/strong>, sz\u00edvesen l\u00e1tjuk, ha elk\u00fcldi nek\u00fcnk a k\u00f6vetelm\u00e9nyeket \u00e1raj\u00e1nlat\u00e9rt, a legjobb \u00e1rat k\u00edn\u00e1ljuk \u00d6nnek 24 \u00f3r\u00e1n bel\u00fcl.<\/p>\r\n\r\n<p>&nbsp;<\/p>\r\n\r\n<figure class=\"wp-block-gallery has-nested-images columns-4 is-cropped wp-block-gallery-1 is-layout-flex wp-block-gallery-is-layout-flex\">\r\n<figure class=\"wp-block-image size-large\"><img loading=\"lazy\" decoding=\"async\" width=\"480\" height=\"640\" data-id=\"12874\" class=\"wp-image-12874\" src=\"https:\/\/aludiecasting.com\/wp-content\/uploads\/2018\/10\/Sand-Casting-in-China.jpg\" alt=\"Homok\u00f6nt\u00e9s K\u00edn\u00e1ban\" title=\"\" srcset=\"https:\/\/aludiecasting.com\/wp-content\/uploads\/2018\/10\/Sand-Casting-in-China.jpg 480w, https:\/\/aludiecasting.com\/wp-content\/uploads\/2018\/10\/Sand-Casting-in-China-225x300.jpg 225w\" sizes=\"(max-width: 480px) 100vw, 480px\" \/>\r\n<figcaption class=\"wp-element-caption\"><a href=\"https:\/\/aludiecasting.com\/hu\/\">Homok\u00f6nt\u00e9s K\u00edn\u00e1ban<\/a><\/figcaption>\r\n<\/figure>\r\n\r\n\r\n\r\n<figure class=\"wp-block-image size-large\"><img loading=\"lazy\" decoding=\"async\" width=\"480\" height=\"640\" data-id=\"12879\" class=\"wp-image-12879\" src=\"https:\/\/aludiecasting.com\/wp-content\/uploads\/2018\/10\/sand-castings-china.jpg\" alt=\"homok\u00f6ntv\u00e9nyek porcel\u00e1n\" title=\"\" srcset=\"https:\/\/aludiecasting.com\/wp-content\/uploads\/2018\/10\/sand-castings-china.jpg 480w, https:\/\/aludiecasting.com\/wp-content\/uploads\/2018\/10\/sand-castings-china-225x300.jpg 225w\" sizes=\"(max-width: 480px) 100vw, 480px\" \/>\r\n<figcaption class=\"wp-element-caption\"><a href=\"https:\/\/aludiecasting.com\/hu\/\">Homok\u00f6nt\u00e9s K\u00edna<\/a><\/figcaption>\r\n<\/figure>\r\n\r\n\r\n\r\n<figure class=\"wp-block-image size-large\"><img loading=\"lazy\" decoding=\"async\" width=\"480\" height=\"640\" data-id=\"12867\" class=\"wp-image-12867\" src=\"https:\/\/aludiecasting.com\/wp-content\/uploads\/2018\/10\/china-sand-casting.jpg\" alt=\"porcel\u00e1n homok\u00f6nt\u00e9s\" title=\"\" srcset=\"https:\/\/aludiecasting.com\/wp-content\/uploads\/2018\/10\/china-sand-casting.jpg 480w, https:\/\/aludiecasting.com\/wp-content\/uploads\/2018\/10\/china-sand-casting-225x300.jpg 225w\" sizes=\"(max-width: 480px) 100vw, 480px\" \/>\r\n<figcaption class=\"wp-element-caption\">K\u00edna homok\u00f6nt\u00e9s<\/figcaption>\r\n<\/figure>\r\n\r\n\r\n\r\n<figure class=\"wp-block-image size-large\"><img loading=\"lazy\" decoding=\"async\" data-id=\"12869\" class=\"alignnone wp-image-12869\" src=\"https:\/\/aludiecasting.com\/wp-content\/uploads\/2018\/10\/Chinese-sand-casting.jpg\" alt=\"Alum\u00ednium homok\u00f6nt\u00e9s\" width=\"480\" height=\"640\" title=\"\" srcset=\"https:\/\/aludiecasting.com\/wp-content\/uploads\/2018\/10\/Chinese-sand-casting.jpg 480w, https:\/\/aludiecasting.com\/wp-content\/uploads\/2018\/10\/Chinese-sand-casting-225x300.jpg 225w\" sizes=\"(max-width: 480px) 100vw, 480px\" \/>\r\n<figcaption class=\"wp-element-caption\">K\u00ednai homok\u00f6nt\u00e9s<\/figcaption>\r\n<\/figure>\r\n<\/figure>","protected":false},"excerpt":{"rendered":"<p>Have you seen a large metal made of iron, bronze, brass or aluminum with some featured patterns in the middle? Have you noticed a cavity of wood or metal? If you say yes, I think you have already got the idea of casting. The sand is a cast part produced by forming a mold from [&hellip;]<\/p>\n","protected":false},"author":1,"featured_media":0,"parent":0,"menu_order":0,"comment_status":"closed","ping_status":"closed","template":"","meta":{"_et_pb_use_builder":"off","_et_pb_old_content":"","_et_gb_content_width":"","footnotes":""},"class_list":["post-12046","page","type-page","status-publish","hentry"],"_links":{"self":[{"href":"https:\/\/aludiecasting.com\/hu\/wp-json\/wp\/v2\/pages\/12046","targetHints":{"allow":["GET"]}}],"collection":[{"href":"https:\/\/aludiecasting.com\/hu\/wp-json\/wp\/v2\/pages"}],"about":[{"href":"https:\/\/aludiecasting.com\/hu\/wp-json\/wp\/v2\/types\/page"}],"author":[{"embeddable":true,"href":"https:\/\/aludiecasting.com\/hu\/wp-json\/wp\/v2\/users\/1"}],"replies":[{"embeddable":true,"href":"https:\/\/aludiecasting.com\/hu\/wp-json\/wp\/v2\/comments?post=12046"}],"version-history":[{"count":0,"href":"https:\/\/aludiecasting.com\/hu\/wp-json\/wp\/v2\/pages\/12046\/revisions"}],"wp:attachment":[{"href":"https:\/\/aludiecasting.com\/hu\/wp-json\/wp\/v2\/media?parent=12046"}],"curies":[{"name":"wp","href":"https:\/\/api.w.org\/{rel}","templated":true}]}}