{"id":12046,"date":"2018-08-16T08:38:15","date_gmt":"2018-08-16T08:38:15","guid":{"rendered":"https:\/\/aludiecasting.com\/?page_id=12046"},"modified":"2024-03-09T04:57:50","modified_gmt":"2024-03-09T04:57:50","slug":"colata-in-sabbia-di-alluminio","status":"publish","type":"page","link":"https:\/\/aludiecasting.com\/it\/colata-in-sabbia-di-alluminio\/","title":{"rendered":"colata in sabbia di alluminio"},"content":{"rendered":"<p>Avete visto un metallo di grandi dimensioni in ferro, bronzo, ottone o alluminio con alcuni motivi caratteristici al centro? Avete notato una cavit\u00e0 di legno o di metallo? Se rispondete di s\u00ec, credo che abbiate gi\u00e0 capito l'idea della fusione. La sabbia \u00e8 un pezzo fuso prodotto formando uno stampo da una miscela di sabbia e versando metallo liquido fuso nella cavit\u00e0 dello stampo. Dopo il processo di raffreddamento, il metallo fuso si solidifica. Alla fine, si ottiene una colata di sabbia appena separata dallo stampo. Questa colata di sabbia \u00e8 diversa dalla pressofusione di alluminio. In generale, <strong><a href=\"https:\/\/aludiecasting.com\/it\/colata-in-sabbia-di-alluminio\/\">Colata in sabbia di alluminio<\/a><\/strong>\u00a0\u00e8 prodotto come segue.<\/p>\r\n<h1>Che cos'\u00e8 la colata in sabbia di alluminio<\/h1>\r\n\r\n\r\n\r\n<p>La colata in sabbia di alluminio \u00e8 un processo di creazione di componenti in alluminio mediante colata di alluminio fuso in uno stampo di sabbia. Si tratta di un metodo versatile ed economico per la produzione di un'ampia gamma di componenti in alluminio, da forme semplici a geometrie complesse. In questo articolo analizzeremo i vantaggi della colata in sabbia di alluminio, il processo di creazione degli stampi in sabbia e i fattori da considerare nella scelta di un fornitore di colate in sabbia di alluminio.<\/p>\r\n\r\n\r\n\r\n<figure class=\"wp-block-image aligncenter size-full\"><a href=\"https:\/\/aludiecasting.com\/wp-content\/uploads\/2018\/10\/Sand-Casting-Manufacturer.jpg\"><img loading=\"lazy\" decoding=\"async\" width=\"847\" height=\"480\" class=\"wp-image-12875\" src=\"https:\/\/aludiecasting.com\/wp-content\/uploads\/2018\/10\/Sand-Casting-Manufacturer.jpg\" alt=\"Produttore di colate in sabbia\" title=\"\" srcset=\"https:\/\/aludiecasting.com\/wp-content\/uploads\/2018\/10\/Sand-Casting-Manufacturer.jpg 847w, https:\/\/aludiecasting.com\/wp-content\/uploads\/2018\/10\/Sand-Casting-Manufacturer-300x170.jpg 300w, https:\/\/aludiecasting.com\/wp-content\/uploads\/2018\/10\/Sand-Casting-Manufacturer-768x435.jpg 768w\" sizes=\"(max-width: 847px) 100vw, 847px\" \/><\/a>\r\n<figcaption class=\"wp-element-caption\">colata in sabbia di alluminio<\/figcaption>\r\n<\/figure>\r\n\r\n\r\n\r\n<h2 class=\"wp-block-heading\">Vantaggi della colata in sabbia di alluminio<\/h2>\r\n<p><strong><em>Colata in sabbia di alluminio<\/em><\/strong> offre diversi vantaggi rispetto a <strong><em><a href=\"https:\/\/aludiecasting.com\/it\/pressofusione-di-alluminio-3\/\">pressofusione di alluminio<\/a><\/em><\/strong> e la colata in stampo permanente. Alcuni dei vantaggi della colata in sabbia di alluminio includono:<\/p>\r\n<p>La sua flessibilit\u00e0 rende la colata in sabbia dell'alluminio un'ottima soluzione. L'alluminio, forte e leggero, pu\u00f2 essere lavorato in molti modi. Si pu\u00f2 realizzare qualsiasi cosa, da componenti microscopici a costruzioni massicce. Poich\u00e9 l'alluminio conduce bene il calore, si raffredda rapidamente dopo la colata. Questo accelera la creazione di progetti e riduce i tempi di consegna.<\/p>\r\n<p>Un altro vantaggio della colata in sabbia di alluminio \u00e8 la sua economicit\u00e0. L'acciaio e il ferro costano pi\u00f9 dell'alluminio. Questo attrae le aziende che cercano di risparmiare sui costi senza sacrificare la qualit\u00e0. Per la colata in sabbia di alluminio sono necessari strumenti e attrezzature di piccole dimensioni, che riducono i costi di produzione.<\/p>\r\n<p>La colata in sabbia di alluminio \u00e8 costosa, ma offre una buona lucidatura superficiale e precisione di dimensionamento. La colata in sabbia crea forme e geometrie complesse. Questo garantisce prodotti a norma di progetto. La colata in sabbia di alluminio produce prodotti lisci senza lavorazione o finitura.<\/p>\r\n<p>La fusione in sabbia dell'alluminio \u00e8 ecologica. Oltre 90% di metallo sono riciclabili. Ci\u00f2 consente di fondere il vecchio metallo e di fonderlo nuovamente in modo semplice, riducendo gli sprechi e proteggendo le risorse. La colata in sabbia dell'alluminio utilizza sabbia riciclabile, che aiuta l'ambiente. <br \/><br \/><\/p>\r\n<h3>Svantaggi della colata in sabbia di alluminio<\/h3>\r\n<p>La colata in sabbia di alluminio offre molti vantaggi, ma presenta anche alcuni svantaggi, elencati di seguito:<\/p>\r\n<p>La colata in sabbia di alluminio ha una scarsa finitura superficiale poich\u00e9 lo stampo \u00e8 fatto di sabbia; rispetto alla pressofusione a gravit\u00e0 e ad altri processi di pressofusione, la superficie della colata in sabbia sar\u00e0 molto ruvida.<\/p>\r\n<p>La pressofusione e la microfusione consentono un maggior numero di opzioni di progettazione per la colata in sabbia di alluminio. La colata in sabbia \u00e8 la soluzione migliore per i modelli di base, perch\u00e9 gli stampi in sabbia possono contenere solo pochi dettagli. Potrebbero non essere sufficienti per le industrie che producono parti complesse.<\/p>\r\n<p>La colata in sabbia di alluminio presenta una minore precisione nelle dimensioni e nella finitura superficiale rispetto ad altre tecniche di colata. Gli stampi in sabbia producono superfici e dimensioni ruvide, quindi possono richiedere lavorazioni o finiture aggiuntive per ottenere il risultato desiderato. Ci\u00f2 potrebbe ridurre la produzione, aumentare i costi e deteriorare i pezzi.<\/p>\r\n<p>La fusione di alluminio in sabbia richiede tempo, soprattutto per gli articoli pi\u00f9 grandi o pi\u00f9 complessi. La preparazione dello stampo in sabbia, il versamento del metallo fuso, il raffreddamento e l'indurimento dell'oggetto possono ritardare la produzione. Questo potrebbe avere un impatto sulle aziende con scadenze strette o tempi rapidi.<\/p>\r\n<h3>Sfide della colata in sabbia di alluminio<\/h3>\r\n<p>Le sfide della colata in sabbia di alluminio possono includere vari fattori che influenzano la qualit\u00e0 e l'efficienza del processo di colata. Alcune sfide comuni sono elencate di seguito:<\/p>\r\n<p><strong>Porosit\u00e0:<\/strong> Le fusioni in sabbia di alluminio porose includono microscopiche sacche d'aria o spazi vuoti all'interno. Lo stampo in sabbia con una scarsa ventilazione pu\u00f2 creare porosit\u00e0.<\/p>\r\n<p><strong>Difetti di superficie<\/strong>: Poich\u00e9 lo stampo \u00e8 fatto di sabbia, la superficie sar\u00e0 sempre il problema a cui pensare, la scarsa finitura superficiale \u00e8 la caratteristica principale dei getti in sabbia.<\/p>\r\n<p><strong>Precisione dimensionale:<\/strong> La precisione nella colata in sabbia di alluminio \u00e8 difficile. Il raffreddamento e la solidificazione dell'alluminio fuso possono restringere e deformare la colata, e anche lo stampo in sabbia non \u00e8 in grado di soddisfare la stretta tolleranza.<\/p>\r\n\r\n\r\n\r\n<h3 class=\"wp-block-heading\">Che cos'\u00e8 lo stampo per la colata in sabbia di alluminio<\/h3>\r\n\r\n\r\n\r\n<p>Come stampo temporaneo, uno stampo per colata in sabbia di alluminio viene utilizzato per produrre componenti metallici con la tecnica della colata in sabbia. Gli stampi vengono realizzati impacchettando un letto di sabbia attorno a un modello che rappresenta una replica del pezzo da colare. I materiali pi\u00f9 comuni utilizzati per realizzare il modello sono il legno, la plastica e il metallo. Una volta costruito lo stampo di sabbia, questo viene diviso a met\u00e0 e l'interno dello stampo viene riempito di alluminio fuso. La colata di alluminio \u00e8 completata quando, raffreddandosi e solidificandosi, il metallo si conforma ai contorni dello stampo. Al termine della colata, lo stampo in sabbia viene scartato o trasformato in un nuovo materiale. <\/p>\r\n\r\n\r\n\r\n<h2 class=\"wp-block-heading\">Il processo di creazione dello stampaggio a sabbia dell'alluminio<\/h2>\r\n\r\n\r\n\r\n<p>Il processo di creazione di uno stampo in sabbia per la colata in sabbia di alluminio prevede diverse fasi, tra cui la creazione del modello, lo stampaggio e la colata.<\/p>\r\n\r\n\r\n\r\n<p>Il passo fondamentale \u00e8 quello di inserire un modello nella sabbia per creare uno stampo. Va detto che lo stampo ha due parti divise dalla linea di demarcazione. Il piviale \u00e8 la met\u00e0 superiore e la resistenza \u00e8 la met\u00e0 inferiore. Come sapete, esistono due tipi principali di sabbia. Uno \u00e8 chiamato \"sabbia verde\" e l'altro \u00e8 il \"set d'aria\". La prima \u00e8 una miscela di sabbia silicea, mentre la seconda \u00e8 una sabbia asciutta con altro materiale tramite adesivo indurente.<\/p>\r\n\r\n\r\n\r\n<p>Quindi, rimuovere il modello e versare il metallo fuso nello stampo. Per rimuovere il modello \u00e8 possibile utilizzare il metodo meccanico e a vibrazione. Il piviale viene separato dalla resistenza. Nell'ambito dei metodi meccanici, la miscela di sabbia viene assemblata per una cavit\u00e0 dello stampo. A seconda dei diversi tipi di sabbia, il cambiamento che avviene durante questo processo \u00e8 diverso. In ogni caso, \u00e8 necessario un riser per trattenere il materiale fuso in eccesso per evitare i fori nella colata principale.<\/p>\r\n\r\n\r\n\r\n<p>Successivamente, si lascia raffreddare il metallo. A questo punto, i liquidi sono solidificati. \u00c8 il momento di rompere lo stampo e rimuovere la colata. \u00c8 vero che lo stampo viene distrutto durante il processo di rimozione. Tuttavia, il modello stesso pu\u00f2 essere riutilizzato per produrre nuovi modelli.\u00a0<strong><a href=\"https:\/\/aludiecasting.com\/it\/colata-in-sabbia-di-alluminio\/\">stampi per colata in sabbia<\/a>.<\/strong>\u00a0E se si desidera una fusione pi\u00f9 elaborata, le superfici devono essere lucidate.<\/p>\r\n\r\n\r\n\r\n<h3 class=\"wp-block-heading\">Fattori da considerare nella scelta di un fornitore di colate in sabbia di alluminio<\/h3>\r\n\r\n\r\n\r\n<p>Quando si sceglie un fornitore di colate in sabbia di metallo per la produzione, occorre tenere conto di una serie di aspetti. Molte parti complicate sono realizzate con la colata in sabbia di alluminio e la scelta del fornitore giusto pu\u00f2 cambiare sia la qualit\u00e0 che il costo. In questo post parleremo dei fattori che concorrono alla scelta di una fonte di colata in sabbia di alluminio. <br \/><br \/>Quando si cerca un fornitore di getti in sabbia di alluminio, l'esperienza e la competenza sono molto importanti. Trovate un'azienda che abbia realizzato fusioni metalliche di alta qualit\u00e0 per molti tipi diversi di aziende. I fornitori con molta esperienza sono in grado di realizzare parti con specifiche strette e progetti complicati. <br \/><br \/>Anche la capacit\u00e0 di produzione del fornitore \u00e8 importante. Assicurati che il fornitore disponga degli strumenti e dei materiali necessari per la fusione. Elenca le dimensioni dello stampo, il tipo e la capacit\u00e0 di rispettare le scadenze di produzione. Un'altra cosa da fare \u00e8 esaminare il controllo di qualit\u00e0 e le certificazioni del fornitore. Cercate una fonte certificata ISO 9001 per assicurarvi che i pezzi acquistati soddisfino i pi\u00f9 alti standard di qualit\u00e0 e coerenza. <br \/><br \/>Quando si sceglie un fornitore di colate in sabbia di alluminio, si deve anche pensare a quanto costa. Non solo \u00e8 importante trovare un fornitore con prezzi competitivi, ma anche il suo valore complessivo. I tempi di consegna, il controllo della qualit\u00e0 e il servizio clienti sono tutti elementi a cui pensare. A lungo andare potrebbe costarvi di pi\u00f9 acquistare da fornitori economici che lesinano sulla qualit\u00e0 o sull'affidabilit\u00e0. Trovate un fornitore il cui rapporto prezzo-valore sia equo e state alla larga da quelli i cui prezzi sono troppo alti. <br \/><br \/>Quando si sceglie un fornitore di colate in sabbia di alluminio, anche la comunicazione e il dialogo sono molto importanti. Trovate un fornitore che risponda rapidamente, sia facile da contattare e voglia aiutarvi a capire di cosa avete bisogno per la fusione. Un fornitore disposto ad aiutarvi sia nella progettazione che nella produzione pu\u00f2 fornirvi i pezzi giusti. <\/p>\r\n\r\n\r\n\r\n<p>Per acquistare parti di colata in sabbia da\u00a0<a href=\"https:\/\/aludiecasting.com\/it\/colata-in-sabbia-di-alluminio\/\"><em><strong>Colata in sabbia Cina<\/strong><\/em><\/a>\u00a0sar\u00e0 l'opzione migliore per il vostro mercato, il termine di consegna veloce, l'alta domanda, la corrispondenza, tutto in un servizio che potremmo offrirvi, inviateci un'e-mail per ottenere il prezzo.<\/p>\r\n<p>GC PRECISION MOLD CO.LTD fornisce soluzioni complete di pressofusione, tra cui la pressofusione ad alta pressione, la pressofusione a gravit\u00e0, la colata in sabbia, ecc. Ci prenderemo cura del vostro progetto per tutte le responsabilit\u00e0, dalla progettazione alla consegna. La nostra gamma di prodotti comprende\u00a0<a href=\"https:\/\/aludiecasting.com\/it\/pressofusione-di-alluminio-3\/\">Pressofusione di alluminio<\/a>,\u00a0<a href=\"https:\/\/aludiecasting.com\/it\/pressofusione-a-gravita-di-alluminio\/\"><strong>pressofusione a gravit\u00e0 in alluminio<\/strong><\/a>, lavorazione CNC,\u00a0<a href=\"https:\/\/www.thediecasting.com\/magnesium-die-casting\/\" target=\"_blank\" rel=\"noopener\">pressofusione di magnesio<\/a>,\u00a0<a href=\"https:\/\/aludiecasting.com\/it\/pressofusione-di-zinco-sotto-vuoto\/\">pressofusione di zinco<\/a>componenti di stampaggio dei metalli, lavorazione di tornitura, componenti di macchinari elettrici, componenti di pompaggio del carburante, alloggiamento di illuminazione stradale a led, prodotti di dissipazione del calore, ecc.<\/p>\r\n<p>La nostra capacit\u00e0 di produzione di alluminio da 10 gm a 30 kg per vari settori industriali, in particolare per il processo di pressofusione a gravit\u00e0 dell'alluminio, utilizza un processo di fusione all'avanguardia e capacit\u00e0 di lavorazione secondaria. Offriamo servizi a volume aggiunto come verniciatura a polvere, anodizzazione, verniciatura e assemblaggio.<\/p>\r\n<p>GC MOLD ha utilizzato lo stato dell'arte della tecnologia, abbiamo prodotto e fornito prodotti di alta qualit\u00e0 in alluminio per la pressofusione a gravit\u00e0 in tutto il mondo, abbiamo 6 macchine per la pressofusione di capacit\u00e0 che vanno da 60 tonnellate a 1000 tonnellate per la produzione di componenti di pressofusione, se siete alla ricerca di qualsiasi\u00a0<strong>alluminio pressofuso o alluminio pressofuso a gravit\u00e0<\/strong>siete invitati a inviarci il vostro requisito per la quotazione, vi offriremo il miglior prezzo in 24 ore.<\/p>\r\n\r\n<p>&nbsp;<\/p>\r\n\r\n<figure class=\"wp-block-gallery has-nested-images columns-4 is-cropped wp-block-gallery-1 is-layout-flex wp-block-gallery-is-layout-flex\">\r\n<figure class=\"wp-block-image size-large\"><img loading=\"lazy\" decoding=\"async\" width=\"480\" height=\"640\" data-id=\"12874\" class=\"wp-image-12874\" src=\"https:\/\/aludiecasting.com\/wp-content\/uploads\/2018\/10\/Sand-Casting-in-China.jpg\" alt=\"Colata in sabbia in Cina\" title=\"\" srcset=\"https:\/\/aludiecasting.com\/wp-content\/uploads\/2018\/10\/Sand-Casting-in-China.jpg 480w, https:\/\/aludiecasting.com\/wp-content\/uploads\/2018\/10\/Sand-Casting-in-China-225x300.jpg 225w\" sizes=\"(max-width: 480px) 100vw, 480px\" \/>\r\n<figcaption class=\"wp-element-caption\"><a href=\"https:\/\/aludiecasting.com\/it\/\">Colata in sabbia in Cina<\/a><\/figcaption>\r\n<\/figure>\r\n\r\n\r\n\r\n<figure class=\"wp-block-image size-large\"><img loading=\"lazy\" decoding=\"async\" width=\"480\" height=\"640\" data-id=\"12879\" class=\"wp-image-12879\" src=\"https:\/\/aludiecasting.com\/wp-content\/uploads\/2018\/10\/sand-castings-china.jpg\" alt=\"getti di sabbia in Cina\" title=\"\" srcset=\"https:\/\/aludiecasting.com\/wp-content\/uploads\/2018\/10\/sand-castings-china.jpg 480w, https:\/\/aludiecasting.com\/wp-content\/uploads\/2018\/10\/sand-castings-china-225x300.jpg 225w\" sizes=\"(max-width: 480px) 100vw, 480px\" \/>\r\n<figcaption class=\"wp-element-caption\"><a href=\"https:\/\/aludiecasting.com\/it\/\">Colata in sabbia Cina<\/a><\/figcaption>\r\n<\/figure>\r\n\r\n\r\n\r\n<figure class=\"wp-block-image size-large\"><img loading=\"lazy\" decoding=\"async\" width=\"480\" height=\"640\" data-id=\"12867\" class=\"wp-image-12867\" src=\"https:\/\/aludiecasting.com\/wp-content\/uploads\/2018\/10\/china-sand-casting.jpg\" alt=\"porcellana colata in sabbia\" title=\"\" srcset=\"https:\/\/aludiecasting.com\/wp-content\/uploads\/2018\/10\/china-sand-casting.jpg 480w, https:\/\/aludiecasting.com\/wp-content\/uploads\/2018\/10\/china-sand-casting-225x300.jpg 225w\" sizes=\"(max-width: 480px) 100vw, 480px\" \/>\r\n<figcaption class=\"wp-element-caption\">Cina colata in sabbia<\/figcaption>\r\n<\/figure>\r\n\r\n\r\n\r\n<figure class=\"wp-block-image size-large\"><img loading=\"lazy\" decoding=\"async\" data-id=\"12869\" class=\"alignnone wp-image-12869\" src=\"https:\/\/aludiecasting.com\/wp-content\/uploads\/2018\/10\/Chinese-sand-casting.jpg\" alt=\"Colata in sabbia di alluminio\" width=\"480\" height=\"640\" title=\"\" srcset=\"https:\/\/aludiecasting.com\/wp-content\/uploads\/2018\/10\/Chinese-sand-casting.jpg 480w, https:\/\/aludiecasting.com\/wp-content\/uploads\/2018\/10\/Chinese-sand-casting-225x300.jpg 225w\" sizes=\"(max-width: 480px) 100vw, 480px\" \/>\r\n<figcaption class=\"wp-element-caption\">Colata in sabbia cinese<\/figcaption>\r\n<\/figure>\r\n<\/figure>","protected":false},"excerpt":{"rendered":"<p>Have you seen a large metal made of iron, bronze, brass or aluminum with some featured patterns in the middle? Have you noticed a cavity of wood or metal? If you say yes, I think you have already got the idea of casting. The sand is a cast part produced by forming a mold from [&hellip;]<\/p>\n","protected":false},"author":1,"featured_media":0,"parent":0,"menu_order":0,"comment_status":"closed","ping_status":"closed","template":"","meta":{"_et_pb_use_builder":"off","_et_pb_old_content":"","_et_gb_content_width":"","footnotes":""},"class_list":["post-12046","page","type-page","status-publish","hentry"],"_links":{"self":[{"href":"https:\/\/aludiecasting.com\/it\/wp-json\/wp\/v2\/pages\/12046","targetHints":{"allow":["GET"]}}],"collection":[{"href":"https:\/\/aludiecasting.com\/it\/wp-json\/wp\/v2\/pages"}],"about":[{"href":"https:\/\/aludiecasting.com\/it\/wp-json\/wp\/v2\/types\/page"}],"author":[{"embeddable":true,"href":"https:\/\/aludiecasting.com\/it\/wp-json\/wp\/v2\/users\/1"}],"replies":[{"embeddable":true,"href":"https:\/\/aludiecasting.com\/it\/wp-json\/wp\/v2\/comments?post=12046"}],"version-history":[{"count":0,"href":"https:\/\/aludiecasting.com\/it\/wp-json\/wp\/v2\/pages\/12046\/revisions"}],"wp:attachment":[{"href":"https:\/\/aludiecasting.com\/it\/wp-json\/wp\/v2\/media?parent=12046"}],"curies":[{"name":"wp","href":"https:\/\/api.w.org\/{rel}","templated":true}]}}