{"id":12046,"date":"2018-08-16T08:38:15","date_gmt":"2018-08-16T08:38:15","guid":{"rendered":"https:\/\/aludiecasting.com\/?page_id=12046"},"modified":"2024-03-09T04:57:50","modified_gmt":"2024-03-09T04:57:50","slug":"sandstoping-av-aluminium","status":"publish","type":"page","link":"https:\/\/aludiecasting.com\/nb\/sandstoping-av-aluminium\/","title":{"rendered":"sandst\u00f8ping av aluminium"},"content":{"rendered":"<p>Har du sett et stort metallstykke av jern, bronse, messing eller aluminium med noen m\u00f8nstre i midten? Har du lagt merke til et hulrom av tre eller metall? Hvis du sier ja, tror jeg du allerede har f\u00e5tt ideen om st\u00f8ping. Sanden er en st\u00f8pt del som produseres ved \u00e5 forme en form av en sandblanding og helle smeltet flytende metall inn i hulrommet i formen. Etter avkj\u00f8lingsprosessen har det smeltede metallet st\u00f8rknet. Til slutt vil en sandst\u00f8ping bare bli skilt fra formen. denne sandst\u00f8pingen er forskjellig fra Aluminium Die Casting. Generelt sett, <strong><a href=\"https:\/\/aludiecasting.com\/nb\/sandstoping-av-aluminium\/\">Sandst\u00f8ping av aluminium<\/a><\/strong>\u00a0produseres p\u00e5 f\u00f8lgende m\u00e5te.<\/p>\r\n<h1>Hva er sandst\u00f8ping av aluminium<\/h1>\r\n\r\n\r\n\r\n<p>Sandst\u00f8ping av aluminium er en prosess der man lager aluminiumsdeler ved \u00e5 helle smeltet aluminium i en sandform. Det er en allsidig og kostnadseffektiv metode for \u00e5 produsere et bredt spekter av aluminiumsdeler, fra enkle former til komplekse geometrier. I denne artikkelen skal vi se n\u00e6rmere p\u00e5 fordelene med sandst\u00f8ping av aluminium, prosessen med \u00e5 lage sandformer og hvilke faktorer man b\u00f8r ta hensyn til n\u00e5r man velger leverand\u00f8r av aluminiumsandst\u00f8ping.<\/p>\r\n\r\n\r\n\r\n<figure class=\"wp-block-image aligncenter size-full\"><a href=\"https:\/\/aludiecasting.com\/wp-content\/uploads\/2018\/10\/Sand-Casting-Manufacturer.jpg\"><img loading=\"lazy\" decoding=\"async\" width=\"847\" height=\"480\" class=\"wp-image-12875\" src=\"https:\/\/aludiecasting.com\/wp-content\/uploads\/2018\/10\/Sand-Casting-Manufacturer.jpg\" alt=\"Produsent av sandst\u00f8ping\" title=\"\" srcset=\"https:\/\/aludiecasting.com\/wp-content\/uploads\/2018\/10\/Sand-Casting-Manufacturer.jpg 847w, https:\/\/aludiecasting.com\/wp-content\/uploads\/2018\/10\/Sand-Casting-Manufacturer-300x170.jpg 300w, https:\/\/aludiecasting.com\/wp-content\/uploads\/2018\/10\/Sand-Casting-Manufacturer-768x435.jpg 768w\" sizes=\"(max-width: 847px) 100vw, 847px\" \/><\/a>\r\n<figcaption class=\"wp-element-caption\">sandst\u00f8ping av aluminium<\/figcaption>\r\n<\/figure>\r\n\r\n\r\n\r\n<h2 class=\"wp-block-heading\">Fordeler med sandst\u00f8ping av aluminium<\/h2>\r\n<p><strong><em>Sandst\u00f8ping av aluminium<\/em><\/strong> gir flere fordeler sammenlignet med <strong><em><a href=\"https:\/\/aludiecasting.com\/nb\/trykkstoping-av-aluminium-6064\/\">trykkst\u00f8ping av aluminium<\/a><\/em><\/strong> og permanent st\u00f8ping av st\u00f8peformer. Noen av fordelene med sandst\u00f8ping av aluminium inkluderer:<\/p>\r\n<p>Fleksibiliteten gj\u00f8r sandst\u00f8ping i aluminium til en god l\u00f8sning. Sterkt og lett aluminium kan formes p\u00e5 mange m\u00e5ter. Det kan brukes til alt fra mikroskopiske komponenter til massive konstruksjoner. Fordi aluminium leder varme godt, avkj\u00f8les det raskt etter st\u00f8ping. Det gj\u00f8r det raskere \u00e5 skape prosjekter og reduserer ledetiden.<\/p>\r\n<p>En annen fordel med sandst\u00f8ping i aluminium er at det er rimelig. St\u00e5l og jern koster mer enn aluminium. Dette tiltrekker seg bedrifter som \u00f8nsker \u00e5 spare kostnader uten \u00e5 ofre kvaliteten. Det trengs lite verkt\u00f8y og utstyr for sandst\u00f8ping av aluminium, noe som senker produksjonskostnadene.<\/p>\r\n<p>Sandst\u00f8ping av aluminium er kostbart, men gir god overflatepolering og presisjon i dimensjonering. Sandst\u00f8ping skaper komplekse former og geometrier. Dette sikrer prosjektstandardiserte produkter. Sandst\u00f8ping av aluminium gir glatte produkter uten maskinering eller etterbehandling.<\/p>\r\n<p>Sandst\u00f8ping av aluminium er milj\u00f8vennlig. Mer enn 90% av metallet er resirkulerbart. Dette gj\u00f8r det enkelt \u00e5 smelte om gammelt metall og st\u00f8pe det p\u00e5 nytt, noe som reduserer avfallet og beskytter ressursene. Ved sandst\u00f8ping av aluminium brukes resirkulerbar sand, noe som er bra for milj\u00f8et. <br \/><br \/><\/p>\r\n<h3>Ulemper med sandst\u00f8ping av aluminium<\/h3>\r\n<p>Aluminiumsandst\u00f8ping gir mange fordeler, men det har ogs\u00e5 noen ulemper som er oppf\u00f8rt som nedenfor:<\/p>\r\n<p>Aluminiumsandst\u00f8ping har d\u00e5rlig overflatefinish siden formen er laget av sand, sammenlignet med tyngdekraftst\u00f8ping og annen st\u00f8peprosess, vil sandst\u00f8peoverflaten v\u00e6re veldig grov.<\/p>\r\n<p>St\u00f8ping og investeringsst\u00f8ping gir flere designalternativer for sandst\u00f8ping av aluminium. Sandst\u00f8ping er best for grunnleggende m\u00f8nstre fordi sandformer bare kan b\u00e6re s\u00e5 mye detaljer. Det er kanskje ikke nok for komplekse delindustrier.<\/p>\r\n<p>Sandst\u00f8ping av aluminium har lavere n\u00f8yaktighet i st\u00f8rrelse og overflatefinish enn andre st\u00f8peteknikker. Sandformene gir ujevne overflater og dimensjoner, og det kan derfor v\u00e6re n\u00f8dvendig med ytterligere maskinering eller etterbehandling for \u00e5 oppn\u00e5 \u00f8nsket resultat. Dette kan redusere produksjonen, \u00f8ke kostnadene og forringe delene.<\/p>\r\n<p>Det tar tid \u00e5 st\u00f8pe aluminium i sand, spesielt n\u00e5r det gjelder st\u00f8rre eller mer kompliserte gjenstander. Klargj\u00f8ring av sandformen, st\u00f8ping av det smeltede metallet og avkj\u00f8ling og herding av gjenstanden kan forsinke produksjonen. Dette kan p\u00e5virke bedrifter med stramme tidsfrister eller raske omstillinger.<\/p>\r\n<h3>Utfordringer ved sandst\u00f8ping av aluminium<\/h3>\r\n<p>Utfordringene med sandst\u00f8ping av aluminium kan omfatte forskjellige faktorer som p\u00e5virker kvaliteten og effektiviteten i st\u00f8peprosessen. Noen vanlige utfordringer oppf\u00f8rt som nedenfor:<\/p>\r\n<p><strong>Por\u00f8sitet:<\/strong> Por\u00f8se aluminiumsandst\u00f8pegods inkluderer mikroskopiske luftlommer eller hull inni. Sandformen med d\u00e5rlig utlufting kan skape por\u00f8sitet.<\/p>\r\n<p><strong>Overflatedefekter<\/strong>: Siden mugg laget av sand, s\u00e5 overflaten vil alltid v\u00e6re problemet som m\u00e5 tenkes p\u00e5, d\u00e5rlig overflatefinish er sandst\u00f8pegods n\u00f8kkelfunksjoner<\/p>\r\n<p><strong>Dimensjonell n\u00f8yaktighet:<\/strong> Presisjon i aluminiumsandst\u00f8ping er vanskelig. Avkj\u00f8ling og st\u00f8rkning av smeltet aluminium kan krympe og deformere st\u00f8pingen, sandformen kan ikke oppfylle den stramme toleransen ogs\u00e5.<\/p>\r\n\r\n\r\n\r\n<h3 class=\"wp-block-heading\">Hva er sandst\u00f8peform av aluminium<\/h3>\r\n\r\n\r\n\r\n<p>En sandst\u00f8peform av aluminium brukes til \u00e5 produsere metallkomponenter ved hjelp av sandst\u00f8peteknikk. Formene lages ved \u00e5 pakke en seng av sand rundt et m\u00f8nster som er en kopi av den delen som skal st\u00f8pes. Vanlige materialer som brukes til \u00e5 lage designet inkluderer tre, plast og metall. Etter at sandformen er bygget, deles den i to, og innsiden av formen fylles med smeltet aluminium. St\u00f8pingen av aluminium er fullf\u00f8rt n\u00e5r metallet, etter avkj\u00f8ling og st\u00f8rkning, former seg etter formens konturer. N\u00e5r st\u00f8pingen er fullf\u00f8rt, blir sandformen enten kastet eller omdannet til et nytt materiale. <\/p>\r\n\r\n\r\n\r\n<h2 class=\"wp-block-heading\">Prosessen med \u00e5 lage sandst\u00f8ping av aluminium<\/h2>\r\n\r\n\r\n\r\n<p>Prosessen med \u00e5 lage en sandform for sandst\u00f8ping av aluminium best\u00e5r av flere trinn, blant annet modellfremstilling, st\u00f8ping og st\u00f8ping.<\/p>\r\n\r\n\r\n\r\n<p>Det grunnleggende trinnet er \u00e5 plassere et m\u00f8nster i sand for \u00e5 lage en form. Det b\u00f8r nevnes at formen best\u00e5r av to deler som deles av skillelinjen. Koppen er den \u00f8vre halvdelen og draget er den nedre halvdelen. Og som du vet, finnes det to hovedtyper av sand. Den ene kalles \"gr\u00f8nn sand\", og den andre er \"air set\". Den forrige er en blanding av silikasand, og den siste er t\u00f8rr sand med annet materiale gjennom herding av lim.<\/p>\r\n\r\n\r\n\r\n<p>Fjern deretter m\u00f8nsteret og hell det smeltede metallet i formen. Du kan bruke vibrasjon og mekanisk metode for \u00e5 fjerne m\u00f8nsteret. Og kope er skilt fra drag. Innenfor de mekaniske metodene er sandblandingen satt sammen for et formhulrom. I henhold til de forskjellige sandtypene er endringen som skjedde under denne prosessen forskjellig. Uansett er det n\u00f8dvendig med en stiger\u00f8r for \u00e5 holde overfl\u00f8dig smeltet materiale for \u00e5 unng\u00e5 hullene i hovedst\u00f8pingen.<\/p>\r\n\r\n\r\n\r\n<p>La deretter metallet avkj\u00f8les. I dette \u00f8yeblikket er v\u00e6skene st\u00f8rknet. Det er p\u00e5 tide \u00e5 bryte av st\u00f8peformen og fjerne st\u00f8peobjektet. Det er sant at formen \u00f8delegges i fjerningsprosessen. Men selve m\u00f8nsteret kan gjenbrukes til \u00e5 produsere nye\u00a0<strong><a href=\"https:\/\/aludiecasting.com\/nb\/sandstoping-av-aluminium\/\">sandst\u00f8peformer<\/a>.<\/strong>\u00a0Og hvis du vil ha en mer forseggjort st\u00f8ping, b\u00f8r overflatene poleres.<\/p>\r\n\r\n\r\n\r\n<h3 class=\"wp-block-heading\">Faktorer \u00e5 ta hensyn til n\u00e5r du velger en leverand\u00f8r av aluminiumsandst\u00f8ping<\/h3>\r\n\r\n\r\n\r\n<p>Det er en rekke ting \u00e5 tenke p\u00e5 n\u00e5r man skal velge en leverand\u00f8r av metallsandst\u00f8ping for produksjon. Mange kompliserte deler lages med sandst\u00f8ping i aluminium, og valg av riktig leverand\u00f8r kan p\u00e5virke b\u00e5de kvaliteten og kostnadene. I dette blogginnlegget tar vi for oss hvilke faktorer som spiller inn n\u00e5r man skal velge leverand\u00f8r av sandst\u00f8ping i aluminium. <br \/><br \/>N\u00e5r du leter etter en leverand\u00f8r av sandst\u00f8ping av aluminium, er erfaring og dyktighet sv\u00e6rt viktig. Finn et selskap som har laget metallst\u00f8pegods av h\u00f8y kvalitet for mange forskjellige typer virksomheter. Leverand\u00f8rer med mye erfaring kan lage deler med stramme spesifikasjoner og kompliserte design. <br \/><br \/>Leverand\u00f8rens evne til \u00e5 lage ting er ogs\u00e5 viktig. Forsikre deg om at leverand\u00f8ren har de verkt\u00f8yene og materialene du trenger for \u00e5 st\u00f8pe. Den viser formst\u00f8rrelse, type og evne til \u00e5 overholde produksjonsfrister. En annen ting du b\u00f8r gj\u00f8re er \u00e5 se p\u00e5 leverand\u00f8rens kvalitetskontroll og sertifiseringer. Finn en leverand\u00f8r som er ISO 9001-sertifisert for \u00e5 v\u00e6re sikker p\u00e5 at delene du kj\u00f8per, oppfyller de h\u00f8yeste standardene for kvalitet og konsistens. <br \/><br \/>N\u00e5r du velger en leverand\u00f8r av aluminiumsandst\u00f8ping, b\u00f8r du ogs\u00e5 tenke p\u00e5 hvor mye det koster. Det er ikke bare viktig \u00e5 finne en leverand\u00f8r med konkurransedyktige priser, men det er ogs\u00e5 viktig \u00e5 se p\u00e5 den totale verdien. Ledetider, kvalitetskontroll og kundeservice er alle ting vi tenker p\u00e5. Det kan koste deg mer i det lange l\u00f8p \u00e5 kj\u00f8pe fra billige leverand\u00f8rer som slurver med kvalitet eller p\u00e5litelighet. Finn en leverand\u00f8r som har et rimelig forhold mellom pris og verdi, og hold deg unna de som har for h\u00f8ye priser. <br \/><br \/>N\u00e5r du skal velge en leverand\u00f8r av aluminiumsandst\u00f8ping, er kommunikasjon og kommunikasjon ogs\u00e5 veldig viktig. Finn en leverand\u00f8r som svarer raskt, er lett \u00e5 komme i kontakt med og som \u00f8nsker \u00e5 hjelpe deg med \u00e5 finne ut hva du trenger til st\u00f8pingen. En leverand\u00f8r som er villig til \u00e5 hjelpe deg med b\u00e5de design og produksjon, kan skaffe deg de riktige delene. <\/p>\r\n\r\n\r\n\r\n<p>For \u00e5 kj\u00f8pe sandst\u00f8pedeler fra\u00a0<a href=\"https:\/\/aludiecasting.com\/nb\/sandstoping-av-aluminium\/\"><em><strong>Sandst\u00f8ping Kina<\/strong><\/em><\/a>\u00a0vil v\u00e6re det beste alternativet for ditt marked, rask leveringstid, h\u00f8yt sp\u00f8rsm\u00e5l, matchende, alt i en tjeneste vi kan tilby deg, send oss en e-post for \u00e5 f\u00e5 pris.<\/p>\r\n<p>GC PRECISION MOLD CO.LTD, har levert komplette st\u00f8pel\u00f8sninger, inkludert h\u00f8ytrykksst\u00f8ping, tyngdekraftst\u00f8ping, sandst\u00f8ping, etc. vi vil ta vare p\u00e5 prosjektet ditt for alt ansvar fra design til levering. V\u00e5rt produktsortiment inkluderer\u00a0<a href=\"https:\/\/aludiecasting.com\/nb\/trykkstoping-av-aluminium-6064\/\">Pressst\u00f8ping av aluminium<\/a>,\u00a0<a href=\"https:\/\/aludiecasting.com\/nb\/trykkstoping-av-aluminium-6066\/\"><strong>trykkst\u00f8ping av aluminium<\/strong><\/a>CNC-maskinering,\u00a0<a href=\"https:\/\/www.thediecasting.com\/magnesium-die-casting\/\" target=\"_blank\" rel=\"noopener\">pressst\u00f8ping av magnesium<\/a>,\u00a0<a href=\"https:\/\/aludiecasting.com\/nb\/vakuum-sink-trykkstoping\/\">trykkst\u00f8ping av sink<\/a>, metallstemplingskomponenter, dreiebearbeiding, elektriske maskinkomponenter, drivstoffpumpekomponenter, ledet gatebelysningshus, kj\u00f8leribbeprodukter, etc.<\/p>\r\n<p>V\u00e5r produksjonskapasitet for aluminium fra 10 g til 30 kg til forskjellige bransjer, spesielt for aluminiums tyngdekraftst\u00f8peprosess, bruker vi toppmoderne st\u00f8peprosess og sekund\u00e6re bearbeidingsmuligheter. Vi tilbyr volumtilleggstjenester som pulverlakkering, anodisering, maling og montering.<\/p>\r\n<p>GC MOLD har brukt den nyeste teknologien, vi har produsert og levert h\u00f8ykvalitets aluminiumsgravitasjonsst\u00f8peprodukter av h\u00f8y kvalitet til verden, vi har 6 st\u00f8pemaskiner med kapasitet fra 60 tonn til 1000 tonn for \u00e5 produsere st\u00f8pekomponenter, hvis du er ute etter noen ...\u00a0<strong>aluminiumsst\u00f8ping eller aluminiumsst\u00f8ping med tyngdekraft<\/strong>, er du velkommen til \u00e5 sende oss dine krav til tilbud, vi vil tilby deg den beste prisen innen 24 timer.<\/p>\r\n\r\n<p>&nbsp;<\/p>\r\n\r\n<figure class=\"wp-block-gallery has-nested-images columns-4 is-cropped wp-block-gallery-1 is-layout-flex wp-block-gallery-is-layout-flex\">\r\n<figure class=\"wp-block-image size-large\"><img loading=\"lazy\" decoding=\"async\" width=\"480\" height=\"640\" data-id=\"12874\" class=\"wp-image-12874\" src=\"https:\/\/aludiecasting.com\/wp-content\/uploads\/2018\/10\/Sand-Casting-in-China.jpg\" alt=\"Sandst\u00f8ping i Kina\" title=\"\" srcset=\"https:\/\/aludiecasting.com\/wp-content\/uploads\/2018\/10\/Sand-Casting-in-China.jpg 480w, https:\/\/aludiecasting.com\/wp-content\/uploads\/2018\/10\/Sand-Casting-in-China-225x300.jpg 225w\" sizes=\"(max-width: 480px) 100vw, 480px\" \/>\r\n<figcaption class=\"wp-element-caption\"><a href=\"https:\/\/aludiecasting.com\/nb\/\">Sandst\u00f8ping i Kina<\/a><\/figcaption>\r\n<\/figure>\r\n\r\n\r\n\r\n<figure class=\"wp-block-image size-large\"><img loading=\"lazy\" decoding=\"async\" width=\"480\" height=\"640\" data-id=\"12879\" class=\"wp-image-12879\" src=\"https:\/\/aludiecasting.com\/wp-content\/uploads\/2018\/10\/sand-castings-china.jpg\" alt=\"sandst\u00f8pegods kina\" title=\"\" srcset=\"https:\/\/aludiecasting.com\/wp-content\/uploads\/2018\/10\/sand-castings-china.jpg 480w, https:\/\/aludiecasting.com\/wp-content\/uploads\/2018\/10\/sand-castings-china-225x300.jpg 225w\" sizes=\"(max-width: 480px) 100vw, 480px\" \/>\r\n<figcaption class=\"wp-element-caption\"><a href=\"https:\/\/aludiecasting.com\/nb\/\">Sandst\u00f8ping Kina<\/a><\/figcaption>\r\n<\/figure>\r\n\r\n\r\n\r\n<figure class=\"wp-block-image size-large\"><img loading=\"lazy\" decoding=\"async\" width=\"480\" height=\"640\" data-id=\"12867\" class=\"wp-image-12867\" src=\"https:\/\/aludiecasting.com\/wp-content\/uploads\/2018\/10\/china-sand-casting.jpg\" alt=\"sandst\u00f8ping i Kina\" title=\"\" srcset=\"https:\/\/aludiecasting.com\/wp-content\/uploads\/2018\/10\/china-sand-casting.jpg 480w, https:\/\/aludiecasting.com\/wp-content\/uploads\/2018\/10\/china-sand-casting-225x300.jpg 225w\" sizes=\"(max-width: 480px) 100vw, 480px\" \/>\r\n<figcaption class=\"wp-element-caption\">Kina sandst\u00f8ping<\/figcaption>\r\n<\/figure>\r\n\r\n\r\n\r\n<figure class=\"wp-block-image size-large\"><img loading=\"lazy\" decoding=\"async\" data-id=\"12869\" class=\"alignnone wp-image-12869\" src=\"https:\/\/aludiecasting.com\/wp-content\/uploads\/2018\/10\/Chinese-sand-casting.jpg\" alt=\"Sandst\u00f8ping av aluminium\" width=\"480\" height=\"640\" title=\"\" srcset=\"https:\/\/aludiecasting.com\/wp-content\/uploads\/2018\/10\/Chinese-sand-casting.jpg 480w, https:\/\/aludiecasting.com\/wp-content\/uploads\/2018\/10\/Chinese-sand-casting-225x300.jpg 225w\" sizes=\"(max-width: 480px) 100vw, 480px\" \/>\r\n<figcaption class=\"wp-element-caption\">Kinesisk sandst\u00f8ping<\/figcaption>\r\n<\/figure>\r\n<\/figure>","protected":false},"excerpt":{"rendered":"<p>Have you seen a large metal made of iron, bronze, brass or aluminum with some featured patterns in the middle? Have you noticed a cavity of wood or metal? If you say yes, I think you have already got the idea of casting. The sand is a cast part produced by forming a mold from [&hellip;]<\/p>\n","protected":false},"author":1,"featured_media":0,"parent":0,"menu_order":0,"comment_status":"closed","ping_status":"closed","template":"","meta":{"_et_pb_use_builder":"off","_et_pb_old_content":"","_et_gb_content_width":"","footnotes":""},"class_list":["post-12046","page","type-page","status-publish","hentry"],"_links":{"self":[{"href":"https:\/\/aludiecasting.com\/nb\/wp-json\/wp\/v2\/pages\/12046","targetHints":{"allow":["GET"]}}],"collection":[{"href":"https:\/\/aludiecasting.com\/nb\/wp-json\/wp\/v2\/pages"}],"about":[{"href":"https:\/\/aludiecasting.com\/nb\/wp-json\/wp\/v2\/types\/page"}],"author":[{"embeddable":true,"href":"https:\/\/aludiecasting.com\/nb\/wp-json\/wp\/v2\/users\/1"}],"replies":[{"embeddable":true,"href":"https:\/\/aludiecasting.com\/nb\/wp-json\/wp\/v2\/comments?post=12046"}],"version-history":[{"count":0,"href":"https:\/\/aludiecasting.com\/nb\/wp-json\/wp\/v2\/pages\/12046\/revisions"}],"wp:attachment":[{"href":"https:\/\/aludiecasting.com\/nb\/wp-json\/wp\/v2\/media?parent=12046"}],"curies":[{"name":"wp","href":"https:\/\/api.w.org\/{rel}","templated":true}]}}