{"id":12046,"date":"2018-08-16T08:38:15","date_gmt":"2018-08-16T08:38:15","guid":{"rendered":"https:\/\/aludiecasting.com\/?page_id=12046"},"modified":"2024-03-09T04:57:50","modified_gmt":"2024-03-09T04:57:50","slug":"aluminiowy-odlew-piaskowy","status":"publish","type":"page","link":"https:\/\/aludiecasting.com\/pl\/aluminiowy-odlew-piaskowy\/","title":{"rendered":"aluminiowy odlew piaskowy"},"content":{"rendered":"<p>Czy widzia\u0142e\u015b du\u017cy metal wykonany z \u017celaza, br\u0105zu, mosi\u0105dzu lub aluminium z kilkoma charakterystycznymi wzorami w \u015brodku? Czy zauwa\u017cy\u0142e\u015b wg\u0142\u0119bienie w drewnie lub metalu? Je\u015bli tak, my\u015bl\u0119, \u017ce masz ju\u017c poj\u0119cie o odlewaniu. Piasek jest odlewan\u0105 cz\u0119\u015bci\u0105 wytwarzan\u0105 poprzez formowanie formy z mieszanki piasku i wlewanie stopionego ciek\u0142ego metalu do wn\u0119ki w formie. Po procesie ch\u0142odzenia stopiony metal ulega zestaleniu. Na koniec odlew piaskowy zostanie po prostu oddzielony od formy. ten odlew piaskowy r\u00f3\u017cni si\u0119 od odlewu aluminiowego. Og\u00f3lnie rzecz bior\u0105c, <strong><a href=\"https:\/\/aludiecasting.com\/pl\/aluminiowy-odlew-piaskowy\/\">Aluminiowy odlew piaskowy<\/a><\/strong>\u00a0jest produkowany w nast\u0119puj\u0105cy spos\u00f3b.<\/p>\r\n<h1>Co to jest odlewanie aluminium w piasku<\/h1>\r\n\r\n\r\n\r\n<p>Odlewanie aluminium w piasku to proces tworzenia cz\u0119\u015bci aluminiowych poprzez wlewanie stopionego aluminium do formy piaskowej. Jest to wszechstronna i op\u0142acalna metoda produkcji szerokiej gamy cz\u0119\u015bci aluminiowych, od prostych kszta\u0142t\u00f3w po z\u0142o\u017cone geometrie. W tym artykule zbadamy korzy\u015bci p\u0142yn\u0105ce z odlewania aluminium w piasku, proces tworzenia form piaskowych oraz czynniki, kt\u00f3re nale\u017cy wzi\u0105\u0107 pod uwag\u0119 przy wyborze dostawcy odlew\u00f3w aluminiowych.<\/p>\r\n\r\n\r\n\r\n<figure class=\"wp-block-image aligncenter size-full\"><a href=\"https:\/\/aludiecasting.com\/wp-content\/uploads\/2018\/10\/Sand-Casting-Manufacturer.jpg\"><img loading=\"lazy\" decoding=\"async\" width=\"847\" height=\"480\" class=\"wp-image-12875\" src=\"https:\/\/aludiecasting.com\/wp-content\/uploads\/2018\/10\/Sand-Casting-Manufacturer.jpg\" alt=\"Producent odlew\u00f3w piaskowych\" title=\"\" srcset=\"https:\/\/aludiecasting.com\/wp-content\/uploads\/2018\/10\/Sand-Casting-Manufacturer.jpg 847w, https:\/\/aludiecasting.com\/wp-content\/uploads\/2018\/10\/Sand-Casting-Manufacturer-300x170.jpg 300w, https:\/\/aludiecasting.com\/wp-content\/uploads\/2018\/10\/Sand-Casting-Manufacturer-768x435.jpg 768w\" sizes=\"(max-width: 847px) 100vw, 847px\" \/><\/a>\r\n<figcaption class=\"wp-element-caption\">aluminiowy odlew piaskowy<\/figcaption>\r\n<\/figure>\r\n\r\n\r\n\r\n<h2 class=\"wp-block-heading\">Korzy\u015bci z odlewania aluminium w piasku<\/h2>\r\n<p><strong><em>Aluminiowy odlew piaskowy<\/em><\/strong> oferuje kilka korzy\u015bci w por\u00f3wnaniu do <strong><em><a href=\"https:\/\/aludiecasting.com\/pl\/odlew-aluminiowy\/\">odlew aluminiowy<\/a><\/em><\/strong> i trwa\u0142e odlewanie form. Niekt\u00f3re z zalet odlewania aluminium w piasku obejmuj\u0105:<\/p>\r\n<p>Jego elastyczno\u015b\u0107 sprawia, \u017ce odlewanie aluminium w piasku jest doskona\u0142ym rozwi\u0105zaniem. Mocne i lekkie aluminium mo\u017cna formowa\u0107 na wiele sposob\u00f3w. Mo\u017cna z niego budowa\u0107 wszystko, od mikroskopijnych komponent\u00f3w po masywne konstrukcje. Poniewa\u017c aluminium dobrze przewodzi ciep\u0142o, szybko sch\u0142adza si\u0119 po odlaniu. Przyspiesza to tworzenie projekt\u00f3w i skraca czas realizacji.<\/p>\r\n<p>Kolejn\u0105 zalet\u0105 odlew\u00f3w aluminiowych jest ich przyst\u0119pna cena. Stal i \u017celazo kosztuj\u0105 wi\u0119cej ni\u017c aluminium. Przyci\u0105ga to firmy, kt\u00f3re chc\u0105 obni\u017cy\u0107 koszty bez po\u015bwi\u0119cania jako\u015bci. Do odlewania aluminium w piasku potrzebne s\u0105 niewielkie narz\u0119dzia i sprz\u0119t, co obni\u017ca koszty produkcji.<\/p>\r\n<p>Aluminiowe odlewy piaskowe s\u0105 drogie, ale zapewniaj\u0105 dobry po\u0142ysk powierzchni i precyzj\u0119 wymiarowania. Odlewanie piaskowe tworzy z\u0142o\u017cone kszta\u0142ty i geometrie. Zapewnia to produkty zgodne ze standardami projektu. Aluminiowe odlewy piaskowe wytwarzaj\u0105 g\u0142adkie produkty bez obr\u00f3bki skrawaniem lub wyka\u0144czania.<\/p>\r\n<p>Odlewanie aluminium jest przyjazne dla \u015brodowiska. Ponad 90% metalu nadaje si\u0119 do recyklingu. Sprawia to, \u017ce topienie starego metalu i ponowne jego odlewanie jest proste, zmniejszaj\u0105c ilo\u015b\u0107 odpad\u00f3w i chroni\u0105c zasoby. Odlewanie aluminium w piasku wykorzystuje piasek nadaj\u0105cy si\u0119 do recyklingu, co pomaga \u015brodowisku. <br \/><br \/><\/p>\r\n<h3>Wady odlewania aluminium w piasku<\/h3>\r\n<p>Odlewanie aluminium w piasku ma wiele zalet, ale ma te\u017c pewne wady, kt\u00f3re wymieniono poni\u017cej:<\/p>\r\n<p>Aluminiowy odlew piaskowy ma s\u0142abe wyko\u0144czenie powierzchni, poniewa\u017c forma wykonana z piasku, w por\u00f3wnaniu do odlewania grawitacyjnego i innych proces\u00f3w odlewania ci\u015bnieniowego, powierzchnia odlewu piaskowego b\u0119dzie bardzo szorstka.<\/p>\r\n<p>Odlewanie ci\u015bnieniowe i odlewanie inwestycyjne pozwalaj\u0105 na wi\u0119cej opcji projektowania odlew\u00f3w aluminiowych. Odlewanie piaskowe jest najlepsze dla podstawowych wzor\u00f3w, poniewa\u017c formy piaskowe mog\u0105 przenosi\u0107 tylko tyle szczeg\u00f3\u0142\u00f3w. Mo\u017ce to by\u0107 niewystarczaj\u0105ce w przypadku z\u0142o\u017conych cz\u0119\u015bci.<\/p>\r\n<p>Aluminiowe odlewy piaskowe maj\u0105 mniejsz\u0105 dok\u0142adno\u015b\u0107 rozmiaru i wyko\u0144czenia powierzchni ni\u017c inne techniki odlewania. Formy piaskowe wytwarzaj\u0105 szorstkie powierzchnie i wymiary, dlatego mog\u0105 wymaga\u0107 dodatkowej obr\u00f3bki lub wyko\u0144czenia, aby osi\u0105gn\u0105\u0107 po\u017c\u0105dany rezultat. Mo\u017ce to zmniejszy\u0107 wydajno\u015b\u0107, zwi\u0119kszy\u0107 koszty i pogorszy\u0107 jako\u015b\u0107 cz\u0119\u015bci.<\/p>\r\n<p>Odlewanie aluminium w piasku wymaga czasu, zw\u0142aszcza w przypadku wi\u0119kszych lub bardziej skomplikowanych przedmiot\u00f3w. Przygotowanie formy piaskowej, wylanie stopionego metalu oraz sch\u0142odzenie i utwardzenie elementu mo\u017ce op\u00f3\u017ani\u0107 produkcj\u0119. Mo\u017ce to mie\u0107 wp\u0142yw na firmy z napi\u0119tymi terminami lub szybkimi zwrotami.<\/p>\r\n<h3>Wyzwania zwi\u0105zane z odlewaniem aluminium w piasku<\/h3>\r\n<p>Wyzwania zwi\u0105zane z odlewaniem aluminium w piasku mog\u0105 obejmowa\u0107 r\u00f3\u017cne czynniki, kt\u00f3re wp\u0142ywaj\u0105 na jako\u015b\u0107 i wydajno\u015b\u0107 procesu odlewania. Niekt\u00f3re typowe wyzwania wymieniono poni\u017cej:<\/p>\r\n<p><strong>Porowato\u015b\u0107:<\/strong> Porowate aluminiowe odlewy piaskowe zawieraj\u0105 mikroskopijne kieszenie powietrzne lub szczeliny wewn\u0105trz. Forma piaskowa ze s\u0142ab\u0105 wentylacj\u0105 mo\u017ce powodowa\u0107 porowato\u015b\u0107.<\/p>\r\n<p><strong>Wady powierzchniowe<\/strong>: Poniewa\u017c forma wykonana jest z piasku, wi\u0119c powierzchnia zawsze b\u0119dzie kwesti\u0105, o kt\u00f3rej nale\u017cy pomy\u015ble\u0107, s\u0142abe wyko\u0144czenie powierzchni jest kluczow\u0105 cech\u0105 odlew\u00f3w piaskowych<\/p>\r\n<p><strong>Dok\u0142adno\u015b\u0107 wymiarowa:<\/strong> Precyzja odlewania aluminium w piasku jest trudna. Ch\u0142odzenie i krzepni\u0119cie stopionego aluminium mo\u017ce kurczy\u0107 si\u0119 i deformowa\u0107 odlew, forma piaskowa nie mo\u017ce r\u00f3wnie\u017c spe\u0142nia\u0107 w\u0105skiej tolerancji.<\/p>\r\n\r\n\r\n\r\n<h3 class=\"wp-block-heading\">Co to jest aluminiowa forma odlewnicza<\/h3>\r\n\r\n\r\n\r\n<p>Jako forma tymczasowa, aluminiowa forma do odlewania w piasku jest u\u017cywana do produkcji element\u00f3w metalowych przy u\u017cyciu techniki odlewania w piasku. Formy s\u0105 wytwarzane poprzez wype\u0142nienie z\u0142o\u017ca piasku wok\u00f3\u0142 wzoru, kt\u00f3ry jest replik\u0105 cz\u0119\u015bci, kt\u00f3ra ma zosta\u0107 odlana. Typowe materia\u0142y u\u017cywane do wykonania wzoru obejmuj\u0105 drewno, plastik i metal. Po zbudowaniu formy piaskowej jest ona dzielona na p\u00f3\u0142, a wn\u0119trze formy jest wype\u0142niane stopionym aluminium. Odlewanie aluminium jest zako\u0144czone, gdy po sch\u0142odzeniu i zestaleniu metal dopasowuje si\u0119 do kontur\u00f3w formy. Po zako\u0144czeniu odlewania forma piaskowa jest wyrzucana lub przekszta\u0142cana w nowy materia\u0142. <\/p>\r\n\r\n\r\n\r\n<h2 class=\"wp-block-heading\">Proces tworzenia aluminiowych form piaskowych<\/h2>\r\n\r\n\r\n\r\n<p>Proces tworzenia formy piaskowej do odlewania aluminium w piasku obejmuje kilka etap\u00f3w, w tym tworzenie wzoru, formowanie i odlewanie.<\/p>\r\n\r\n\r\n\r\n<p>Podstawowym krokiem jest umieszczenie wzoru w piasku w celu utworzenia formy. Nale\u017cy wspomnie\u0107, \u017ce forma sk\u0142ada si\u0119 z dw\u00f3ch cz\u0119\u015bci przedzielonych lini\u0105 podzia\u0142u. G\u00f3rna cz\u0119\u015b\u0107 jest g\u00f3rna, a dolna jest dolna. Jak wiadomo, istniej\u0105 dwa g\u0142\u00f3wne rodzaje piasku. Jeden z nich to \"zielony piasek\", a drugi to \"piasek powietrzny\". Poprzedni to mieszanka piasku kwarcowego, a drugi to suchy piasek z innym materia\u0142em poprzez utwardzanie kleju.<\/p>\r\n\r\n\r\n\r\n<p>Nast\u0119pnie nale\u017cy usun\u0105\u0107 wz\u00f3r i wla\u0107 stopiony metal do formy. Do usuni\u0119cia wzoru mo\u017cna u\u017cy\u0107 metody wibracyjnej lub mechanicznej. W tym celu nale\u017cy oddzieli\u0107 odlew od oporu. W metodach mechanicznych mieszanka piasku jest \u0142\u0105czona z wn\u0119k\u0105 formy. W zale\u017cno\u015bci od r\u00f3\u017cnych rodzaj\u00f3w piasku, zmiany zachodz\u0105ce podczas tego procesu s\u0105 r\u00f3\u017cne. Niezale\u017cnie od tego, pion jest potrzebny do przechowywania nadmiaru stopionego materia\u0142u, aby unikn\u0105\u0107 dziur w g\u0142\u00f3wnym odlewie.<\/p>\r\n\r\n\r\n\r\n<p>Nast\u0119pnie pozw\u00f3l metalowi ostygn\u0105\u0107. W tym momencie ciecze s\u0105 zestalone. Nadszed\u0142 czas, aby oderwa\u0107 form\u0119 i usun\u0105\u0107 odlew. Prawd\u0105 jest, \u017ce forma jest niszczona w procesie usuwania. Jednak sam wz\u00f3r mo\u017ce zosta\u0107 ponownie wykorzystany do produkcji nowych odlew\u00f3w.\u00a0<strong><a href=\"https:\/\/aludiecasting.com\/pl\/aluminiowy-odlew-piaskowy\/\">formy do odlew\u00f3w piaskowych<\/a>.<\/strong>\u00a0A je\u015bli chcesz uzyska\u0107 bardziej wyszukany odlew, powierzchnie powinny by\u0107 wypolerowane.<\/p>\r\n\r\n\r\n\r\n<h3 class=\"wp-block-heading\">Czynniki, kt\u00f3re nale\u017cy wzi\u0105\u0107 pod uwag\u0119 przy wyborze dostawcy odlew\u00f3w aluminiowych<\/h3>\r\n\r\n\r\n\r\n<p>Wybieraj\u0105c dostawc\u0119 metalowych odlew\u00f3w piaskowych do produkcji, nale\u017cy wzi\u0105\u0107 pod uwag\u0119 wiele kwestii. Wiele skomplikowanych cz\u0119\u015bci jest wykonywanych przy u\u017cyciu aluminiowych odlew\u00f3w piaskowych, a wyb\u00f3r odpowiedniego dostawcy mo\u017ce zmieni\u0107 zar\u00f3wno jako\u015b\u0107, jak i koszt. W tym wpisie na blogu om\u00f3wimy czynniki, kt\u00f3re wp\u0142ywaj\u0105 na wyb\u00f3r \u017ar\u00f3d\u0142a odlew\u00f3w aluminiowych. <br \/><br \/>Przy poszukiwaniu dostawcy aluminiowych odlew\u00f3w piaskowych bardzo wa\u017cne jest do\u015bwiadczenie i umiej\u0119tno\u015bci. Znajd\u017a firm\u0119, kt\u00f3ra wykona\u0142a wysokiej jako\u015bci odlewy metalowe dla wielu r\u00f3\u017cnych rodzaj\u00f3w firm. Dostawcy z du\u017cym do\u015bwiadczeniem mog\u0105 wykonywa\u0107 cz\u0119\u015bci o \u015bcis\u0142ych specyfikacjach i skomplikowanych projektach. <br \/><br \/>Wa\u017cna jest r\u00f3wnie\u017c zdolno\u015b\u0107 dostawcy do wytwarzania rzeczy. Upewnij si\u0119, \u017ce us\u0142ugodawca posiada narz\u0119dzia i materia\u0142y potrzebne do odlewania. Pod uwag\u0119 nale\u017cy wzi\u0105\u0107 rozmiar i typ formy oraz zdolno\u015b\u0107 do dotrzymywania termin\u00f3w produkcji. Kolejn\u0105 rzecz\u0105, kt\u00f3r\u0105 powiniene\u015b zrobi\u0107, jest sprawdzenie kontroli jako\u015bci i certyfikat\u00f3w dostawcy. Znajd\u017a \u017ar\u00f3d\u0142o, kt\u00f3re posiada certyfikat ISO 9001, aby upewni\u0107 si\u0119, \u017ce kupowane cz\u0119\u015bci spe\u0142niaj\u0105 najwy\u017csze standardy jako\u015bci i sp\u00f3jno\u015bci. <br \/><br \/>Wybieraj\u0105c dostawc\u0119 odlew\u00f3w aluminiowych, nale\u017cy r\u00f3wnie\u017c zastanowi\u0107 si\u0119, ile to kosztuje. Wa\u017cne jest nie tylko znalezienie dostawcy z konkurencyjnymi cenami, ale tak\u017ce jego og\u00f3lna warto\u015b\u0107. Czas realizacji, kontrola jako\u015bci i obs\u0142uga klienta to wszystko rzeczy, o kt\u00f3rych my\u015blimy. Kupowanie od tanich dostawc\u00f3w, kt\u00f3rzy nie dbaj\u0105 o jako\u015b\u0107 lub niezawodno\u015b\u0107, mo\u017ce na d\u0142u\u017csz\u0105 met\u0119 kosztowa\u0107 wi\u0119cej. Znajd\u017a dostawc\u0119, kt\u00f3rego stosunek ceny do warto\u015bci jest uczciwy i trzymaj si\u0119 z dala od tych, kt\u00f3rych ceny s\u0105 zbyt wysokie. <br \/><br \/>Przy wyborze dostawcy odlew\u00f3w aluminiowych bardzo wa\u017cna jest r\u00f3wnie\u017c komunikacja. Znajd\u017a dostawc\u0119, kt\u00f3ry szybko reaguje, jest \u0142atwy w kontakcie i chce pom\u00f3c Ci dowiedzie\u0107 si\u0119, czego potrzebujesz do odlewania. Taki, kt\u00f3ry jest got\u00f3w pom\u00f3c zar\u00f3wno w projektowaniu, jak i produkcji, mo\u017ce zapewni\u0107 odpowiednie cz\u0119\u015bci. <\/p>\r\n\r\n\r\n\r\n<p>Aby kupi\u0107 cz\u0119\u015bci Sand Casting od\u00a0<a href=\"https:\/\/aludiecasting.com\/pl\/aluminiowy-odlew-piaskowy\/\"><em><strong>Odlewanie piaskowe Chiny<\/strong><\/em><\/a>\u00a0b\u0119dzie najlepsz\u0105 opcj\u0105 dla Twojego rynku, szybki czas dostawy, wysokie pytanie, dopasowanie, wszystko w jednej us\u0142udze, kt\u00f3r\u0105 mo\u017cemy Ci zaoferowa\u0107, wy\u015blij nam e-mail, aby uzyska\u0107 cen\u0119.<\/p>\r\n<p>GC PRECISION MOLD CO.LTD, dostarcza kompletne rozwi\u0105zania w zakresie odlewania ci\u015bnieniowego, w tym odlewania wysokoci\u015bnieniowego, odlewania grawitacyjnego, odlewania piaskowego itp. Zajmiemy si\u0119 Twoim projektem od projektu do dostawy. Nasz asortyment produkt\u00f3w obejmuje\u00a0<a href=\"https:\/\/aludiecasting.com\/pl\/odlew-aluminiowy\/\">Odlewanie ci\u015bnieniowe aluminium<\/a>,\u00a0<a href=\"https:\/\/aludiecasting.com\/pl\/aluminiowy-odlew-grawitacyjny-3\/\"><strong>aluminiowy odlew grawitacyjny<\/strong><\/a>, Obr\u00f3bka CNC,\u00a0<a href=\"https:\/\/www.thediecasting.com\/magnesium-die-casting\/\" target=\"_blank\" rel=\"noopener\">Odlewanie ci\u015bnieniowe magnezu<\/a>,\u00a0<a href=\"https:\/\/aludiecasting.com\/pl\/prozniowy-odlew-cynkowy\/\">odlew cynkowy<\/a>, elementy do t\u0142oczenia metali, obr\u00f3bka tokarska, elementy maszyn elektrycznych, elementy do pompowania paliwa, obudowa o\u015bwietlenia ulicznego LED, produkty do radiator\u00f3w itp.<\/p>\r\n<p>Nasze zdolno\u015bci produkcyjne w zakresie aluminium od 10 g do 30 kg dla r\u00f3\u017cnych ga\u0142\u0119zi przemys\u0142u, szczeg\u00f3lnie w przypadku procesu odlewania grawitacyjnego aluminium, wykorzystujemy najnowocze\u015bniejszy proces odlewania i mo\u017cliwo\u015bci obr\u00f3bki wt\u00f3rnej. Oferujemy us\u0142ugi o zwi\u0119kszonej obj\u0119to\u015bci, takie jak malowanie proszkowe, anodowanie, malowanie i monta\u017c.<\/p>\r\n<p>GC MOLD wykorzystuje najnowocze\u015bniejsz\u0105 technologi\u0119, produkujemy i dostarczamy wysokiej jako\u015bci aluminiowe produkty do odlewania grawitacyjnego na ca\u0142ym \u015bwiecie, posiadamy 6 maszyn odlewniczych o wydajno\u015bci od 60 ton do 1000 ton do produkcji element\u00f3w odlewniczych, je\u015bli szukasz dowolnego\u00a0<strong>aluminiowy odlew ci\u015bnieniowy lub aluminiowy odlew grawitacyjny<\/strong>Zapraszamy do przes\u0142ania nam swoich wymaga\u0144 dotycz\u0105cych wyceny, a my zaoferujemy najlepsz\u0105 cen\u0119 w ci\u0105gu 24 godzin.<\/p>\r\n\r\n<p>&nbsp;<\/p>\r\n\r\n<figure class=\"wp-block-gallery has-nested-images columns-4 is-cropped wp-block-gallery-1 is-layout-flex wp-block-gallery-is-layout-flex\">\r\n<figure class=\"wp-block-image size-large\"><img loading=\"lazy\" decoding=\"async\" width=\"480\" height=\"640\" data-id=\"12874\" class=\"wp-image-12874\" src=\"https:\/\/aludiecasting.com\/wp-content\/uploads\/2018\/10\/Sand-Casting-in-China.jpg\" alt=\"Odlewanie piaskowe w Chinach\" title=\"\" srcset=\"https:\/\/aludiecasting.com\/wp-content\/uploads\/2018\/10\/Sand-Casting-in-China.jpg 480w, https:\/\/aludiecasting.com\/wp-content\/uploads\/2018\/10\/Sand-Casting-in-China-225x300.jpg 225w\" sizes=\"(max-width: 480px) 100vw, 480px\" \/>\r\n<figcaption class=\"wp-element-caption\"><a href=\"https:\/\/aludiecasting.com\/pl\/\">Odlewanie piaskowe w Chinach<\/a><\/figcaption>\r\n<\/figure>\r\n\r\n\r\n\r\n<figure class=\"wp-block-image size-large\"><img loading=\"lazy\" decoding=\"async\" width=\"480\" height=\"640\" data-id=\"12879\" class=\"wp-image-12879\" src=\"https:\/\/aludiecasting.com\/wp-content\/uploads\/2018\/10\/sand-castings-china.jpg\" alt=\"odlewy piaskowe Chiny\" title=\"\" srcset=\"https:\/\/aludiecasting.com\/wp-content\/uploads\/2018\/10\/sand-castings-china.jpg 480w, https:\/\/aludiecasting.com\/wp-content\/uploads\/2018\/10\/sand-castings-china-225x300.jpg 225w\" sizes=\"(max-width: 480px) 100vw, 480px\" \/>\r\n<figcaption class=\"wp-element-caption\"><a href=\"https:\/\/aludiecasting.com\/pl\/\">Odlewanie piaskowe Chiny<\/a><\/figcaption>\r\n<\/figure>\r\n\r\n\r\n\r\n<figure class=\"wp-block-image size-large\"><img loading=\"lazy\" decoding=\"async\" width=\"480\" height=\"640\" data-id=\"12867\" class=\"wp-image-12867\" src=\"https:\/\/aludiecasting.com\/wp-content\/uploads\/2018\/10\/china-sand-casting.jpg\" alt=\"chi\u0144ski odlew piaskowy\" title=\"\" srcset=\"https:\/\/aludiecasting.com\/wp-content\/uploads\/2018\/10\/china-sand-casting.jpg 480w, https:\/\/aludiecasting.com\/wp-content\/uploads\/2018\/10\/china-sand-casting-225x300.jpg 225w\" sizes=\"(max-width: 480px) 100vw, 480px\" \/>\r\n<figcaption class=\"wp-element-caption\">Chi\u0144ski odlew piaskowy<\/figcaption>\r\n<\/figure>\r\n\r\n\r\n\r\n<figure class=\"wp-block-image size-large\"><img loading=\"lazy\" decoding=\"async\" data-id=\"12869\" class=\"alignnone wp-image-12869\" src=\"https:\/\/aludiecasting.com\/wp-content\/uploads\/2018\/10\/Chinese-sand-casting.jpg\" alt=\"Odlewanie aluminium w piasku\" width=\"480\" height=\"640\" title=\"\" srcset=\"https:\/\/aludiecasting.com\/wp-content\/uploads\/2018\/10\/Chinese-sand-casting.jpg 480w, https:\/\/aludiecasting.com\/wp-content\/uploads\/2018\/10\/Chinese-sand-casting-225x300.jpg 225w\" sizes=\"(max-width: 480px) 100vw, 480px\" \/>\r\n<figcaption class=\"wp-element-caption\">Chi\u0144ski odlew piaskowy<\/figcaption>\r\n<\/figure>\r\n<\/figure>","protected":false},"excerpt":{"rendered":"<p>Have you seen a large metal made of iron, bronze, brass or aluminum with some featured patterns in the middle? Have you noticed a cavity of wood or metal? If you say yes, I think you have already got the idea of casting. The sand is a cast part produced by forming a mold from [&hellip;]<\/p>\n","protected":false},"author":1,"featured_media":0,"parent":0,"menu_order":0,"comment_status":"closed","ping_status":"closed","template":"","meta":{"_et_pb_use_builder":"off","_et_pb_old_content":"","_et_gb_content_width":"","footnotes":""},"class_list":["post-12046","page","type-page","status-publish","hentry"],"_links":{"self":[{"href":"https:\/\/aludiecasting.com\/pl\/wp-json\/wp\/v2\/pages\/12046","targetHints":{"allow":["GET"]}}],"collection":[{"href":"https:\/\/aludiecasting.com\/pl\/wp-json\/wp\/v2\/pages"}],"about":[{"href":"https:\/\/aludiecasting.com\/pl\/wp-json\/wp\/v2\/types\/page"}],"author":[{"embeddable":true,"href":"https:\/\/aludiecasting.com\/pl\/wp-json\/wp\/v2\/users\/1"}],"replies":[{"embeddable":true,"href":"https:\/\/aludiecasting.com\/pl\/wp-json\/wp\/v2\/comments?post=12046"}],"version-history":[{"count":0,"href":"https:\/\/aludiecasting.com\/pl\/wp-json\/wp\/v2\/pages\/12046\/revisions"}],"wp:attachment":[{"href":"https:\/\/aludiecasting.com\/pl\/wp-json\/wp\/v2\/media?parent=12046"}],"curies":[{"name":"wp","href":"https:\/\/api.w.org\/{rel}","templated":true}]}}