{"id":12046,"date":"2018-08-16T08:38:15","date_gmt":"2018-08-16T08:38:15","guid":{"rendered":"https:\/\/aludiecasting.com\/?page_id=12046"},"modified":"2024-03-09T04:57:50","modified_gmt":"2024-03-09T04:57:50","slug":"fundicao-de-aluminio-em-areia","status":"publish","type":"page","link":"https:\/\/aludiecasting.com\/pt\/fundicao-de-aluminio-em-areia\/","title":{"rendered":"fundi\u00e7\u00e3o de alum\u00ednio em areia"},"content":{"rendered":"<p>Voc\u00ea j\u00e1 viu um metal grande feito de ferro, bronze, lat\u00e3o ou alum\u00ednio com alguns padr\u00f5es em destaque no meio? Voc\u00ea notou uma cavidade de madeira ou metal? Se a resposta for sim, acho que voc\u00ea j\u00e1 entendeu a ideia de fundi\u00e7\u00e3o. A areia \u00e9 uma pe\u00e7a fundida produzida pela forma\u00e7\u00e3o de um molde a partir de uma mistura de areia e pelo derramamento de metal l\u00edquido derretido na cavidade do molde. Ap\u00f3s o processo de resfriamento, o metal derretido \u00e9 solidificado. Por fim, a fundi\u00e7\u00e3o em areia \u00e9 obtida separada do molde. Essa fundi\u00e7\u00e3o em areia \u00e9 diferente da fundi\u00e7\u00e3o sob press\u00e3o de alum\u00ednio. Em termos gerais, <strong><a href=\"https:\/\/aludiecasting.com\/pt\/fundicao-de-aluminio-em-areia\/\">Fundi\u00e7\u00e3o de alum\u00ednio em areia<\/a><\/strong>\u00a0\u00e9 produzido da seguinte forma.<\/p>\r\n<h1>O que \u00e9 fundi\u00e7\u00e3o de alum\u00ednio em areia?<\/h1>\r\n\r\n\r\n\r\n<p>A fundi\u00e7\u00e3o de alum\u00ednio em areia \u00e9 um processo de cria\u00e7\u00e3o de pe\u00e7as de alum\u00ednio por meio do vazamento de alum\u00ednio fundido em um molde de areia. \u00c9 um m\u00e9todo vers\u00e1til e econ\u00f4mico para produzir uma ampla gama de pe\u00e7as de alum\u00ednio, desde formas simples at\u00e9 geometrias complexas. Neste artigo, exploraremos os benef\u00edcios da fundi\u00e7\u00e3o de alum\u00ednio em areia, o processo de cria\u00e7\u00e3o de moldes de areia e os fatores a serem considerados ao selecionar um fornecedor de fundi\u00e7\u00e3o de alum\u00ednio em areia.<\/p>\r\n\r\n\r\n\r\n<figure class=\"wp-block-image aligncenter size-full\"><a href=\"https:\/\/aludiecasting.com\/wp-content\/uploads\/2018\/10\/Sand-Casting-Manufacturer.jpg\"><img loading=\"lazy\" decoding=\"async\" width=\"847\" height=\"480\" class=\"wp-image-12875\" src=\"https:\/\/aludiecasting.com\/wp-content\/uploads\/2018\/10\/Sand-Casting-Manufacturer.jpg\" alt=\"Fabricante de fundi\u00e7\u00e3o em areia\" title=\"\" srcset=\"https:\/\/aludiecasting.com\/wp-content\/uploads\/2018\/10\/Sand-Casting-Manufacturer.jpg 847w, https:\/\/aludiecasting.com\/wp-content\/uploads\/2018\/10\/Sand-Casting-Manufacturer-300x170.jpg 300w, https:\/\/aludiecasting.com\/wp-content\/uploads\/2018\/10\/Sand-Casting-Manufacturer-768x435.jpg 768w\" sizes=\"(max-width: 847px) 100vw, 847px\" \/><\/a>\r\n<figcaption class=\"wp-element-caption\">fundi\u00e7\u00e3o de alum\u00ednio em areia<\/figcaption>\r\n<\/figure>\r\n\r\n\r\n\r\n<h2 class=\"wp-block-heading\">Benef\u00edcios da fundi\u00e7\u00e3o em areia de alum\u00ednio<\/h2>\r\n<p><strong><em>Fundi\u00e7\u00e3o de alum\u00ednio em areia<\/em><\/strong> oferece v\u00e1rios benef\u00edcios em compara\u00e7\u00e3o com <strong><em><a href=\"https:\/\/aludiecasting.com\/pt\/fundicao-sob-pressao-de-aluminio\/\">fundi\u00e7\u00e3o sob press\u00e3o de alum\u00ednio<\/a><\/em><\/strong> e fundi\u00e7\u00e3o em molde permanente. Alguns dos benef\u00edcios da fundi\u00e7\u00e3o em areia de alum\u00ednio incluem:<\/p>\r\n<p>Sua flexibilidade faz com que a fundi\u00e7\u00e3o em areia de alum\u00ednio seja excelente. O alum\u00ednio forte e leve pode ser moldado de v\u00e1rias maneiras. Ele constr\u00f3i qualquer coisa, desde componentes microsc\u00f3picos at\u00e9 constru\u00e7\u00f5es maci\u00e7as. Como o alum\u00ednio conduz bem o calor, ele esfria rapidamente ap\u00f3s a fundi\u00e7\u00e3o. Isso acelera a cria\u00e7\u00e3o de projetos e reduz os prazos de entrega.<\/p>\r\n<p>Outro benef\u00edcio da fundi\u00e7\u00e3o em areia de alum\u00ednio \u00e9 seu pre\u00e7o acess\u00edvel. O a\u00e7o e o ferro custam mais do que o alum\u00ednio. Isso atrai empresas que buscam economizar custos sem sacrificar a qualidade. S\u00e3o necess\u00e1rias pequenas ferramentas e equipamentos para a fundi\u00e7\u00e3o em areia de alum\u00ednio, o que reduz os custos de produ\u00e7\u00e3o.<\/p>\r\n<p>A fundi\u00e7\u00e3o de alum\u00ednio em areia \u00e9 cara, mas oferece bom polimento de superf\u00edcie e precis\u00e3o de dimensionamento. A fundi\u00e7\u00e3o em areia cria formas e geometrias complexas. Isso garante produtos com padr\u00e3o de projeto. A fundi\u00e7\u00e3o de alum\u00ednio em areia produz produtos lisos sem usinagem ou acabamento.<\/p>\r\n<p>O alum\u00ednio fundido em areia \u00e9 ecologicamente correto. Mais de 90% do metal \u00e9 recicl\u00e1vel. Isso faz com que seja f\u00e1cil derreter o metal antigo e fundi-lo novamente, reduzindo o desperd\u00edcio e protegendo os recursos. A fundi\u00e7\u00e3o de alum\u00ednio em areia utiliza areia recicl\u00e1vel, o que ajuda o meio ambiente. <br \/><br \/><\/p>\r\n<h3>Desvantagens da fundi\u00e7\u00e3o de alum\u00ednio em areia<\/h3>\r\n<p>A fundi\u00e7\u00e3o de alum\u00ednio em areia oferece muitas vantagens, mas tamb\u00e9m tem algumas desvantagens, listadas a seguir:<\/p>\r\n<p>A fundi\u00e7\u00e3o de alum\u00ednio em areia tem um acabamento superficial ruim, pois o molde \u00e9 feito de areia e, em compara\u00e7\u00e3o com a fundi\u00e7\u00e3o por gravidade e outros processos de fundi\u00e7\u00e3o, a superf\u00edcie da fundi\u00e7\u00e3o em areia \u00e9 muito \u00e1spera.<\/p>\r\n<p>A fundi\u00e7\u00e3o sob press\u00e3o e a fundi\u00e7\u00e3o de investimento permitem mais op\u00e7\u00f5es de projeto de fundi\u00e7\u00e3o em areia de alum\u00ednio. A fundi\u00e7\u00e3o em areia \u00e9 melhor para padr\u00f5es b\u00e1sicos porque os moldes de areia s\u00f3 podem conter uma quantidade limitada de detalhes. Pode n\u00e3o ser suficiente para ind\u00fastrias de pe\u00e7as complexas.<\/p>\r\n<p>A fundi\u00e7\u00e3o de alum\u00ednio em areia tem menor precis\u00e3o de tamanho e acabamento de superf\u00edcie do que outras t\u00e9cnicas de fundi\u00e7\u00e3o. Os moldes de areia produzem superf\u00edcies e dimens\u00f5es irregulares e, portanto, podem exigir usinagem ou acabamento adicional para alcan\u00e7ar o resultado desejado. Isso pode reduzir a produ\u00e7\u00e3o, aumentar os custos e degradar as pe\u00e7as.<\/p>\r\n<p>A fundi\u00e7\u00e3o de alum\u00ednio em areia leva tempo, especialmente para itens maiores ou mais complexos. A prepara\u00e7\u00e3o do molde de areia, o vazamento do metal fundido, o resfriamento e o endurecimento do item podem atrasar a fabrica\u00e7\u00e3o. Isso pode afetar as empresas com prazos apertados ou retornos r\u00e1pidos.<\/p>\r\n<h3>Desafios da fundi\u00e7\u00e3o de alum\u00ednio em areia<\/h3>\r\n<p>Os desafios da fundi\u00e7\u00e3o de alum\u00ednio em areia podem incluir v\u00e1rios fatores que afetam a qualidade e a efici\u00eancia do processo de fundi\u00e7\u00e3o. Alguns desafios comuns est\u00e3o listados abaixo:<\/p>\r\n<p><strong>Porosidade:<\/strong> As pe\u00e7as fundidas em areia de alum\u00ednio porosas incluem bolsas de ar microsc\u00f3picas ou lacunas em seu interior. O molde de areia com ventila\u00e7\u00e3o deficiente pode criar a porosidade.<\/p>\r\n<p><strong>Defeitos de superf\u00edcie<\/strong>: Como o molde \u00e9 feito de areia, a superf\u00edcie ser\u00e1 sempre um problema a ser considerado, e o acabamento ruim da superf\u00edcie \u00e9 uma das principais caracter\u00edsticas das pe\u00e7as fundidas em areia<\/p>\r\n<p><strong>Precis\u00e3o dimensional:<\/strong> A precis\u00e3o na fundi\u00e7\u00e3o de alum\u00ednio em areia \u00e9 dif\u00edcil. O resfriamento e a solidifica\u00e7\u00e3o do alum\u00ednio fundido podem encolher e deformar a fundi\u00e7\u00e3o, e o molde de areia tamb\u00e9m n\u00e3o consegue atender \u00e0 toler\u00e2ncia r\u00edgida.<\/p>\r\n\r\n\r\n\r\n<h3 class=\"wp-block-heading\">O que \u00e9 molde de alum\u00ednio para fundi\u00e7\u00e3o em areia?<\/h3>\r\n\r\n\r\n\r\n<p>Como um molde tempor\u00e1rio, um molde de alum\u00ednio para fundi\u00e7\u00e3o em areia \u00e9 usado para produzir componentes met\u00e1licos usando a t\u00e9cnica de fundi\u00e7\u00e3o em areia. Os moldes s\u00e3o feitos com um leito de areia em torno de um padr\u00e3o que \u00e9 uma r\u00e9plica da pe\u00e7a a ser fundida. Os materiais comuns usados para fazer o projeto incluem madeira, pl\u00e1stico e metal. Depois que o molde de areia \u00e9 constru\u00eddo, ele \u00e9 dividido ao meio e o interior do molde \u00e9 preenchido com alum\u00ednio fundido. A fundi\u00e7\u00e3o do alum\u00ednio \u00e9 realizada quando, ao esfriar e solidificar, o metal se adapta aos contornos do molde. Quando a fundi\u00e7\u00e3o \u00e9 conclu\u00edda, o molde de areia \u00e9 descartado ou transformado em um novo material. <\/p>\r\n\r\n\r\n\r\n<h2 class=\"wp-block-heading\">O processo de cria\u00e7\u00e3o de moldagem de alum\u00ednio em areia<\/h2>\r\n\r\n\r\n\r\n<p>O processo de cria\u00e7\u00e3o de um molde de areia para fundi\u00e7\u00e3o em areia de alum\u00ednio envolve v\u00e1rias etapas, incluindo a cria\u00e7\u00e3o do padr\u00e3o, a moldagem e a fundi\u00e7\u00e3o.<\/p>\r\n\r\n\r\n\r\n<p>A etapa b\u00e1sica \u00e9 colocar um padr\u00e3o na areia para criar um molde. Deve-se mencionar que o molde tem duas partes divididas pela linha de separa\u00e7\u00e3o. A parte coberta \u00e9 a metade superior e a parte arrastada \u00e9 a metade inferior. E, como voc\u00ea sabe, h\u00e1 dois tipos principais de areia. Um \u00e9 chamado de \"areia verde\" e o outro \u00e9 o \"air set\". A primeira \u00e9 uma mistura de areia de s\u00edlica, e a segunda \u00e9 areia seca com outro material por meio de adesivo de cura.<\/p>\r\n\r\n\r\n\r\n<p>Em seguida, remova o molde e despeje o metal derretido no molde. Voc\u00ea pode usar a vibra\u00e7\u00e3o e o m\u00e9todo mec\u00e2nico para remover o padr\u00e3o. E o revestimento \u00e9 separado do arraste. Nos m\u00e9todos mec\u00e2nicos, a mistura de areia \u00e9 montada em uma cavidade do molde. De acordo com os diferentes tipos de areia, a mudan\u00e7a que ocorre durante esse processo \u00e9 diferente. De qualquer forma, \u00e9 necess\u00e1rio um riser para reter o excesso de material fundido para evitar os furos na fundi\u00e7\u00e3o principal.<\/p>\r\n\r\n\r\n\r\n<p>Em seguida, deixe o metal esfriar. Nesse momento, os l\u00edquidos est\u00e3o solidificados. \u00c9 hora de quebrar o molde e remover a pe\u00e7a fundida. \u00c9 verdade que o molde \u00e9 destru\u00eddo no processo de remo\u00e7\u00e3o. Entretanto, o pr\u00f3prio molde pode ser reutilizado para produzir novos\u00a0<strong><a href=\"https:\/\/aludiecasting.com\/pt\/fundicao-de-aluminio-em-areia\/\">moldes de fundi\u00e7\u00e3o em areia<\/a>.<\/strong>\u00a0E se voc\u00ea quiser uma fundi\u00e7\u00e3o mais elaborada, as superf\u00edcies devem ser polidas.<\/p>\r\n\r\n\r\n\r\n<h3 class=\"wp-block-heading\">Fatores a serem considerados na escolha de um fornecedor de fundi\u00e7\u00e3o em areia de alum\u00ednio<\/h3>\r\n\r\n\r\n\r\n<p>H\u00e1 v\u00e1rios aspectos a serem considerados ao escolher um fornecedor de fundi\u00e7\u00e3o em areia de metal para a produ\u00e7\u00e3o. Muitas pe\u00e7as complicadas s\u00e3o feitas com fundi\u00e7\u00e3o em areia de alum\u00ednio, e a escolha do fornecedor certo pode alterar tanto a qualidade quanto o custo. Nesta postagem do blog, falaremos sobre os fatores que influenciam na escolha de uma fonte de fundi\u00e7\u00e3o em areia de alum\u00ednio. <br \/><br \/>Ao procurar um fornecedor de fundi\u00e7\u00e3o de alum\u00ednio em areia, a experi\u00eancia e a habilidade s\u00e3o muito importantes. Procure uma empresa que tenha feito pe\u00e7as fundidas de metal de alta qualidade para v\u00e1rios tipos diferentes de empresas. Os fornecedores com muita experi\u00eancia podem fabricar pe\u00e7as com especifica\u00e7\u00f5es r\u00edgidas e projetos complicados. <br \/><br \/>A capacidade de fabrica\u00e7\u00e3o do fornecedor tamb\u00e9m \u00e9 importante. Certifique-se de que o prestador de servi\u00e7os tenha as ferramentas e os materiais necess\u00e1rios para a fundi\u00e7\u00e3o. Ele lista o tamanho e o tipo do molde e a capacidade de cumprir os prazos de produ\u00e7\u00e3o. Outra coisa que voc\u00ea deve fazer \u00e9 observar o controle de qualidade e as certifica\u00e7\u00f5es do fornecedor. Procure uma fonte que tenha a certifica\u00e7\u00e3o ISO 9001 para garantir que as pe\u00e7as que voc\u00ea compra atendam aos mais altos padr\u00f5es de qualidade e consist\u00eancia. <br \/><br \/>Ao escolher um fornecedor de fundi\u00e7\u00e3o de alum\u00ednio em areia, voc\u00ea tamb\u00e9m deve pensar no custo. N\u00e3o s\u00f3 \u00e9 importante encontrar um fornecedor com pre\u00e7os competitivos, mas tamb\u00e9m o valor geral. Os prazos de entrega, o controle de qualidade e o atendimento ao cliente s\u00e3o aspectos em que pensamos. No longo prazo, pode sair mais caro comprar de fornecedores baratos que n\u00e3o t\u00eam qualidade ou confiabilidade. Encontre um fornecedor cuja rela\u00e7\u00e3o pre\u00e7o\/valor seja justa e fique longe daqueles cujos pre\u00e7os s\u00e3o muito altos. <br \/><br \/>Ao escolher um fornecedor de fundi\u00e7\u00e3o em areia de alum\u00ednio, a comunica\u00e7\u00e3o e a comunica\u00e7\u00e3o tamb\u00e9m s\u00e3o muito importantes. Encontre um fornecedor que responda rapidamente, seja f\u00e1cil de entrar em contato e queira ajud\u00e1-lo a descobrir o que precisa para a fundi\u00e7\u00e3o. Um fornecedor que esteja disposto a ajud\u00e1-lo tanto no projeto quanto na produ\u00e7\u00e3o pode lhe fornecer as pe\u00e7as certas. <\/p>\r\n\r\n\r\n\r\n<p>Para comprar pe\u00e7as de fundi\u00e7\u00e3o em areia de\u00a0<a href=\"https:\/\/aludiecasting.com\/pt\/fundicao-de-aluminio-em-areia\/\"><em><strong>Fundi\u00e7\u00e3o em areia na China<\/strong><\/em><\/a>\u00a0ser\u00e1 a melhor op\u00e7\u00e3o para o seu mercado, com prazo de entrega r\u00e1pido, alta qualidade, correspond\u00eancia, tudo em um servi\u00e7o que podemos lhe oferecer.<\/p>\r\n<p>A GC PRECISION MOLD CO.LTD tem fornecido solu\u00e7\u00f5es completas de fundi\u00e7\u00e3o sob press\u00e3o, incluindo fundi\u00e7\u00e3o sob press\u00e3o de alta press\u00e3o, fundi\u00e7\u00e3o sob press\u00e3o por gravidade, fundi\u00e7\u00e3o em areia, etc. Cuidaremos de seu projeto com toda a responsabilidade, desde o design at\u00e9 a entrega. Nossa linha de produtos inclui\u00a0<a href=\"https:\/\/aludiecasting.com\/pt\/fundicao-sob-pressao-de-aluminio\/\">Fundi\u00e7\u00e3o sob press\u00e3o de alum\u00ednio<\/a>,\u00a0<a href=\"https:\/\/aludiecasting.com\/pt\/fundicao-de-aluminio-por-gravidade-3\/\"><strong>fundi\u00e7\u00e3o de alum\u00ednio por gravidade<\/strong><\/a>Usinagem CNC,\u00a0<a href=\"https:\/\/www.thediecasting.com\/magnesium-die-casting\/\" target=\"_blank\" rel=\"noopener\">fundi\u00e7\u00e3o sob press\u00e3o de magn\u00e9sio<\/a>,\u00a0<a href=\"https:\/\/aludiecasting.com\/pt\/fundicao-sob-pressao-de-zinco-a-vacuo\/\">fundi\u00e7\u00e3o de zinco<\/a>componentes de estamparia de metal, usinagem de torneamento, componentes de m\u00e1quinas el\u00e9tricas, componentes de bombeamento de combust\u00edvel, carca\u00e7a de ilumina\u00e7\u00e3o p\u00fablica de LED, produtos de dissipador de calor, etc.<\/p>\r\n<p>Nossa capacidade de fabrica\u00e7\u00e3o de alum\u00ednio de 10 g a 30 kg para v\u00e1rios setores, especialmente para o processo de fundi\u00e7\u00e3o de alum\u00ednio por gravidade, usamos o mais moderno processo de fundi\u00e7\u00e3o e recursos de usinagem secund\u00e1ria. Oferecemos servi\u00e7os adicionais de volume, como revestimento em p\u00f3, anodiza\u00e7\u00e3o, pintura e montagem.<\/p>\r\n<p>A GC MOLD utiliza tecnologia de ponta e fabrica e fornece produtos de fundi\u00e7\u00e3o sob press\u00e3o de alum\u00ednio de alta qualidade para o mundo todo. Temos 6 m\u00e1quinas de fundi\u00e7\u00e3o sob press\u00e3o com capacidade que varia de 60 a 1000 toneladas para fabricar componentes de fundi\u00e7\u00e3o sob press\u00e3o.\u00a0<strong>fundi\u00e7\u00e3o de alum\u00ednio sob press\u00e3o ou fundi\u00e7\u00e3o de alum\u00ednio por gravidade<\/strong>Se desejar, envie-nos sua solicita\u00e7\u00e3o de cota\u00e7\u00e3o e ofereceremos o melhor pre\u00e7o em 24 horas.<\/p>\r\n\r\n<p>&nbsp;<\/p>\r\n\r\n<figure class=\"wp-block-gallery has-nested-images columns-4 is-cropped wp-block-gallery-1 is-layout-flex wp-block-gallery-is-layout-flex\">\r\n<figure class=\"wp-block-image size-large\"><img loading=\"lazy\" decoding=\"async\" width=\"480\" height=\"640\" data-id=\"12874\" class=\"wp-image-12874\" src=\"https:\/\/aludiecasting.com\/wp-content\/uploads\/2018\/10\/Sand-Casting-in-China.jpg\" alt=\"Fundi\u00e7\u00e3o em areia na China\" title=\"\" srcset=\"https:\/\/aludiecasting.com\/wp-content\/uploads\/2018\/10\/Sand-Casting-in-China.jpg 480w, https:\/\/aludiecasting.com\/wp-content\/uploads\/2018\/10\/Sand-Casting-in-China-225x300.jpg 225w\" sizes=\"(max-width: 480px) 100vw, 480px\" \/>\r\n<figcaption class=\"wp-element-caption\"><a href=\"https:\/\/aludiecasting.com\/pt\/\">Fundi\u00e7\u00e3o em areia na China<\/a><\/figcaption>\r\n<\/figure>\r\n\r\n\r\n\r\n<figure class=\"wp-block-image size-large\"><img loading=\"lazy\" decoding=\"async\" width=\"480\" height=\"640\" data-id=\"12879\" class=\"wp-image-12879\" src=\"https:\/\/aludiecasting.com\/wp-content\/uploads\/2018\/10\/sand-castings-china.jpg\" alt=\"fundi\u00e7\u00e3o em areia na China\" title=\"\" srcset=\"https:\/\/aludiecasting.com\/wp-content\/uploads\/2018\/10\/sand-castings-china.jpg 480w, https:\/\/aludiecasting.com\/wp-content\/uploads\/2018\/10\/sand-castings-china-225x300.jpg 225w\" sizes=\"(max-width: 480px) 100vw, 480px\" \/>\r\n<figcaption class=\"wp-element-caption\"><a href=\"https:\/\/aludiecasting.com\/pt\/\">Fundi\u00e7\u00e3o em areia na China<\/a><\/figcaption>\r\n<\/figure>\r\n\r\n\r\n\r\n<figure class=\"wp-block-image size-large\"><img loading=\"lazy\" decoding=\"async\" width=\"480\" height=\"640\" data-id=\"12867\" class=\"wp-image-12867\" src=\"https:\/\/aludiecasting.com\/wp-content\/uploads\/2018\/10\/china-sand-casting.jpg\" alt=\"fundi\u00e7\u00e3o em areia na China\" title=\"\" srcset=\"https:\/\/aludiecasting.com\/wp-content\/uploads\/2018\/10\/china-sand-casting.jpg 480w, https:\/\/aludiecasting.com\/wp-content\/uploads\/2018\/10\/china-sand-casting-225x300.jpg 225w\" sizes=\"(max-width: 480px) 100vw, 480px\" \/>\r\n<figcaption class=\"wp-element-caption\">Fundi\u00e7\u00e3o em areia na China<\/figcaption>\r\n<\/figure>\r\n\r\n\r\n\r\n<figure class=\"wp-block-image size-large\"><img loading=\"lazy\" decoding=\"async\" data-id=\"12869\" class=\"alignnone wp-image-12869\" src=\"https:\/\/aludiecasting.com\/wp-content\/uploads\/2018\/10\/Chinese-sand-casting.jpg\" alt=\"Fundi\u00e7\u00e3o de alum\u00ednio em areia\" width=\"480\" height=\"640\" title=\"\" srcset=\"https:\/\/aludiecasting.com\/wp-content\/uploads\/2018\/10\/Chinese-sand-casting.jpg 480w, https:\/\/aludiecasting.com\/wp-content\/uploads\/2018\/10\/Chinese-sand-casting-225x300.jpg 225w\" sizes=\"(max-width: 480px) 100vw, 480px\" \/>\r\n<figcaption class=\"wp-element-caption\">Fundi\u00e7\u00e3o em areia chinesa<\/figcaption>\r\n<\/figure>\r\n<\/figure>","protected":false},"excerpt":{"rendered":"<p>Have you seen a large metal made of iron, bronze, brass or aluminum with some featured patterns in the middle? Have you noticed a cavity of wood or metal? If you say yes, I think you have already got the idea of casting. The sand is a cast part produced by forming a mold from [&hellip;]<\/p>\n","protected":false},"author":1,"featured_media":0,"parent":0,"menu_order":0,"comment_status":"closed","ping_status":"closed","template":"","meta":{"_et_pb_use_builder":"off","_et_pb_old_content":"","_et_gb_content_width":"","footnotes":""},"class_list":["post-12046","page","type-page","status-publish","hentry"],"_links":{"self":[{"href":"https:\/\/aludiecasting.com\/pt\/wp-json\/wp\/v2\/pages\/12046","targetHints":{"allow":["GET"]}}],"collection":[{"href":"https:\/\/aludiecasting.com\/pt\/wp-json\/wp\/v2\/pages"}],"about":[{"href":"https:\/\/aludiecasting.com\/pt\/wp-json\/wp\/v2\/types\/page"}],"author":[{"embeddable":true,"href":"https:\/\/aludiecasting.com\/pt\/wp-json\/wp\/v2\/users\/1"}],"replies":[{"embeddable":true,"href":"https:\/\/aludiecasting.com\/pt\/wp-json\/wp\/v2\/comments?post=12046"}],"version-history":[{"count":0,"href":"https:\/\/aludiecasting.com\/pt\/wp-json\/wp\/v2\/pages\/12046\/revisions"}],"wp:attachment":[{"href":"https:\/\/aludiecasting.com\/pt\/wp-json\/wp\/v2\/media?parent=12046"}],"curies":[{"name":"wp","href":"https:\/\/api.w.org\/{rel}","templated":true}]}}