{"id":12046,"date":"2018-08-16T08:38:15","date_gmt":"2018-08-16T08:38:15","guid":{"rendered":"https:\/\/aludiecasting.com\/?page_id=12046"},"modified":"2024-03-09T04:57:50","modified_gmt":"2024-03-09T04:57:50","slug":"aluminiu-turnat-in-nisip","status":"publish","type":"page","link":"https:\/\/aludiecasting.com\/ro\/aluminiu-turnat-in-nisip\/","title":{"rendered":"aluminiu turnat \u00een nisip"},"content":{"rendered":"<p>A\u021bi v\u0103zut un metal mare din fier, bronz, alam\u0103 sau aluminiu cu ni\u0219te modele \u00een mijloc? A\u021bi observat o cavitate din lemn sau metal? Dac\u0103 r\u0103spunde\u021bi afirmativ, cred c\u0103 v-a\u021bi prins deja de ideea de turnare. Nisipul este o pies\u0103 turnat\u0103 produs\u0103 prin formarea unei matri\u021be dintr-un amestec de nisip \u0219i turnarea metalului lichid topit \u00een cavitatea din matri\u021b\u0103. Dup\u0103 procesul de r\u0103cire, metalul topit a fost solidificat. \u00cen cele din urm\u0103, o pies\u0103 turnat\u0103 din nisip va fi ob\u021binut\u0103 doar separat\u0103 de matri\u021b\u0103. aceast\u0103 turnare din nisip este diferit\u0103 de turnarea sub presiune a aluminiului. \u00cen general vorbind, <strong><a href=\"https:\/\/aludiecasting.com\/ro\/aluminiu-turnat-in-nisip\/\">Turnare cu nisip din aluminiu<\/a><\/strong>\u00a0este produs\u0103 dup\u0103 cum urmeaz\u0103.<\/p>\r\n<h1>Ce este turnarea \u00een nisip a aluminiului<\/h1>\r\n\r\n\r\n\r\n<p>Turnarea \u00een nisip a aluminiului este un proces de creare a pieselor din aluminiu prin turnarea aluminiului topit \u00eentr-o matri\u021b\u0103 de nisip. Este o metod\u0103 versatil\u0103 \u0219i rentabil\u0103 pentru producerea unei game largi de piese din aluminiu, de la forme simple la geometrii complexe. \u00cen acest articol, vom explora beneficiile turn\u0103rii \u00een nisip a aluminiului, procesul de creare a matri\u021belor de nisip \u0219i factorii de care trebuie s\u0103 \u021bine\u021bi cont atunci c\u00e2nd selecta\u021bi un furnizor de turnare \u00een nisip a aluminiului.<\/p>\r\n\r\n\r\n\r\n<figure class=\"wp-block-image aligncenter size-full\"><a href=\"https:\/\/aludiecasting.com\/wp-content\/uploads\/2018\/10\/Sand-Casting-Manufacturer.jpg\"><img loading=\"lazy\" decoding=\"async\" width=\"847\" height=\"480\" class=\"wp-image-12875\" src=\"https:\/\/aludiecasting.com\/wp-content\/uploads\/2018\/10\/Sand-Casting-Manufacturer.jpg\" alt=\"Sand Casting Produc\u0103tor\" title=\"\" srcset=\"https:\/\/aludiecasting.com\/wp-content\/uploads\/2018\/10\/Sand-Casting-Manufacturer.jpg 847w, https:\/\/aludiecasting.com\/wp-content\/uploads\/2018\/10\/Sand-Casting-Manufacturer-300x170.jpg 300w, https:\/\/aludiecasting.com\/wp-content\/uploads\/2018\/10\/Sand-Casting-Manufacturer-768x435.jpg 768w\" sizes=\"(max-width: 847px) 100vw, 847px\" \/><\/a>\r\n<figcaption class=\"wp-element-caption\">aluminiu turnare nisip<\/figcaption>\r\n<\/figure>\r\n\r\n\r\n\r\n<h2 class=\"wp-block-heading\">Beneficiile turn\u0103rii \u00een nisip a aluminiului<\/h2>\r\n<p><strong><em>Turnare cu nisip din aluminiu<\/em><\/strong> ofer\u0103 mai multe beneficii comparativ cu <strong><em><a href=\"https:\/\/aludiecasting.com\/ro\/aluminiu-turnat-sub-presiune-2\/\">aluminiu turnat sub presiune<\/a><\/em><\/strong> \u0219i turnarea permanent\u0103 a matri\u021belor. Unele dintre beneficiile turn\u0103rii \u00een nisip a aluminiului includ:<\/p>\r\n<p>Flexibilitatea sa face ca turnarea \u00een nisip a aluminiului s\u0103 fie excelent\u0103. Aluminiul puternic \u0219i u\u0219or poate fi modelat \u00een multe feluri. Acesta construie\u0219te orice, de la componente microscopice la construc\u021bii masive. Deoarece aluminiul conduce bine c\u0103ldura, acesta se r\u0103ce\u0219te rapid dup\u0103 turnare. Acest lucru accelereaz\u0103 crearea proiectelor \u0219i reduce timpii de execu\u021bie.<\/p>\r\n<p>Un alt avantaj al turn\u0103rii \u00een nisip a aluminiului este accesibilitatea sa. O\u021belul \u0219i fierul cost\u0103 mai mult dec\u00e2t aluminiul. Acest lucru atrage firmele care caut\u0103 s\u0103 reduc\u0103 costurile f\u0103r\u0103 a sacrifica calitatea. Pentru turnarea \u00een nisip a aluminiului sunt necesare unelte \u0219i echipamente mici, ceea ce reduce costurile de produc\u021bie.<\/p>\r\n<p>Turnarea cu nisip a aluminiului este costisitoare, dar ofer\u0103 o suprafa\u021b\u0103 bine lustruit\u0103 \u0219i precizie de dimensionare. Turnarea \u00een nisip creeaz\u0103 forme \u0219i geometrii complexe. Acest lucru asigur\u0103 produse la standarde de proiect. Turnarea \u00een nisip a aluminiului produce produse netede f\u0103r\u0103 prelucrare sau finisare.<\/p>\r\n<p>Turnarea \u00een nisip a aluminiului este ecologic\u0103. Mai mult de 90% din metal este reciclabil. Acest lucru face ca topirea metalului vechi \u0219i turnarea lui din nou s\u0103 fie simpl\u0103, reduc\u00e2nd de\u0219eurile \u0219i protej\u00e2nd resursele. Turnarea \u00een nisip a aluminiului utilizeaz\u0103 nisip reciclabil, ceea ce ajut\u0103 mediul. <br \/><br \/><\/p>\r\n<h3>Dezavantajele turn\u0103rii \u00een nisip a aluminiului<\/h3>\r\n<p>Turnarea cu nisip din aluminiu ofer\u0103 multe avantaje, dar are \u0219i unele dezavantaje care sunt enumerate mai jos:<\/p>\r\n<p>Turnarea cu nisip de aluminiu are un finisaj de suprafa\u021b\u0103 slab, deoarece mucegaiul f\u0103cut din nisip, comparativ cu turnarea gravita\u021bional\u0103 \u0219i alt proces de turnare, suprafa\u021ba de turnare cu nisip va fi foarte dur\u0103.<\/p>\r\n<p>Turnarea sub presiune \u0219i turnarea \u00een investi\u021bie permit mai multe op\u021biuni de proiectare a turn\u0103rii \u00een nisip a aluminiului. Turnarea \u00een nisip este cea mai bun\u0103 pentru modelele de baz\u0103, deoarece matri\u021bele de nisip pot purta doar at\u00e2t de multe detalii. Este posibil s\u0103 nu fie suficiente pentru industriile de piese complexe.<\/p>\r\n<p>Turnarea \u00een nisip a aluminiului are o precizie mai sc\u0103zut\u0103 a dimensiunilor \u0219i a finisajului suprafe\u021bei dec\u00e2t alte tehnici de turnare. Matri\u021bele de nisip produc suprafe\u021be \u0219i dimensiuni brute, astfel \u00eenc\u00e2t pot necesita prelucr\u0103ri sau finis\u0103ri suplimentare pentru a ob\u021bine rezultatul dorit. Acest lucru ar putea reduce produc\u021bia, cre\u0219te costurile \u0219i degrada piesele.<\/p>\r\n<p>Turnarea aluminiului \u00een nisip necesit\u0103 timp, \u00een special pentru articolele mai mari sau mai complicate. Preg\u0103tirea matri\u021bei de nisip, turnarea metalului topit, r\u0103cirea \u0219i \u00eent\u0103rirea articolului pot \u00eent\u00e2rzia procesul de fabrica\u021bie. Acest lucru ar putea afecta \u00eentreprinderile cu termene limit\u0103 str\u00e2nse sau cu termene de execu\u021bie rapide.<\/p>\r\n<h3>Provoc\u0103rile turn\u0103rii \u00een nisip a aluminiului<\/h3>\r\n<p>Provoc\u0103rile turn\u0103rii \u00een nisip a aluminiului pot include diver\u0219i factori care afecteaz\u0103 calitatea \u0219i eficien\u021ba procesului de turnare. Unele provoc\u0103ri comune sunt enumerate mai jos:<\/p>\r\n<p><strong>Porozitate:<\/strong> Piesele turnate cu nisip din aluminiu poros includ buzunare de aer microscopice sau goluri \u00een interior. Mucegaiul de nisip cu aerisire slab\u0103 poate crea porozitate.<\/p>\r\n<p><strong>Defecte de suprafa\u021b\u0103<\/strong>: Din moment ce mucegai f\u0103cut din nisip, astfel \u00eenc\u00e2t suprafa\u021ba va fi \u00eentotdeauna problema care trebuie s\u0103 se g\u00e2ndeasc\u0103, finisaj de suprafa\u021b\u0103 slab\u0103 este nisip turnate caracteristici cheie<\/p>\r\n<p><strong>Precizie dimensional\u0103:<\/strong> Precizia \u00een turnarea \u00een nisip a aluminiului este dificil\u0103. R\u0103cirea \u0219i solidificarea aluminiului topit poate mic\u0219ora \u0219i deforma turnarea, matri\u021ba de nisip nu poate \u00eendeplini toleran\u021ba str\u00e2ns\u0103, de asemenea.<\/p>\r\n\r\n\r\n\r\n<h3 class=\"wp-block-heading\">Ce este mucegaiul de turnare a nisipului din aluminiu<\/h3>\r\n\r\n\r\n\r\n<p>Ca matri\u021b\u0103 temporar\u0103, o matri\u021b\u0103 de aluminiu pentru turnare \u00een nisip este utilizat\u0103 pentru a produce componente metalice utiliz\u00e2nd tehnica de turnare \u00een nisip. Matri\u021bele sunt realizate prin compactarea unui pat de nisip \u00een jurul unui model care este o replic\u0103 a piesei care urmeaz\u0103 s\u0103 fie turnat\u0103. Materialele comune utilizate pentru realizarea modelului includ lemnul, plasticul \u0219i metalul. Dup\u0103 ce matri\u021ba de nisip a fost construit\u0103, aceasta este \u00eemp\u0103r\u021bit\u0103 \u00een dou\u0103 \u0219i interiorul matri\u021bei este umplut cu aluminiu topit. Turnarea aluminiului se realizeaz\u0103 atunci c\u00e2nd, c\u00e2nd se r\u0103ce\u0219te \u0219i se solidific\u0103, metalul se conformeaz\u0103 contururilor matri\u021bei. C\u00e2nd turnarea este complet\u0103, matri\u021ba de nisip este fie aruncat\u0103, fie transformat\u0103 \u00eentr-un material nou. <\/p>\r\n\r\n\r\n\r\n<h2 class=\"wp-block-heading\">Procesul de creare a turn\u0103rii cu nisip a aluminiului<\/h2>\r\n\r\n\r\n\r\n<p>Procesul de creare a unei matri\u021be de nisip pentru turnarea aluminiului \u00een nisip implic\u0103 mai multe etape, inclusiv realizarea modelului, turnarea \u0219i turnarea.<\/p>\r\n\r\n\r\n\r\n<p>Pasul de baz\u0103 este plasarea unui model \u00een nisip pentru a crea o matri\u021b\u0103. Trebuie men\u021bionat faptul c\u0103 matri\u021ba are dou\u0103 p\u0103r\u021bi \u00eemp\u0103r\u021bite de linia de separa\u021bie. Copa este jum\u0103tatea superioar\u0103, iar traista este jum\u0103tatea inferioar\u0103. \u0218i dup\u0103 cum \u0219ti\u021bi, exist\u0103 2 tipuri principale de nisip. Unul este numit \"nisip verde\", iar cel\u0103lalt este \"setul de aer\". Cel anterior este un amestec de nisip silicios, iar cel din urm\u0103 este nisip uscat cu alte materiale prin \u00eent\u0103rirea adezivului.<\/p>\r\n\r\n\r\n\r\n<p>Apoi, \u00eendep\u0103rta\u021bi modelul \u0219i turna\u021bi metalul topit \u00een matri\u021b\u0103. Pute\u021bi utiliza vibra\u021bia \u0219i metoda mecanic\u0103 pentru a \u00eendep\u0103rta modelul. \u0218i copul este separat de rezisten\u021b\u0103. \u00cen cadrul metodelor mecanice, amestecul de nisip este asamblat pentru o cavitate de matri\u021b\u0103. \u00cen func\u021bie de diferitele tipuri de nisip, schimbarea care a avut loc \u00een timpul acestui proces este diferit\u0103. Oricare ar fi, un riser este necesar pentru a re\u021bine excesul de material topit pentru a evita g\u0103urile din turnarea principal\u0103.<\/p>\r\n\r\n\r\n\r\n<p>Apoi, se las\u0103 metalul s\u0103 se r\u0103ceasc\u0103. \u00cen acest moment, lichidele sunt solidificate. Este momentul s\u0103 rupe\u021bi matri\u021ba \u0219i s\u0103 \u00eendep\u0103rta\u021bi mulajul. Este adev\u0103rat c\u0103 matri\u021ba este distrus\u0103 \u00een procesul de \u00eendep\u0103rtare. Cu toate acestea, modelul \u00een sine poate fi reutilizat pentru a produce noi\u00a0<strong><a href=\"https:\/\/aludiecasting.com\/ro\/aluminiu-turnat-in-nisip\/\">matri\u021be pentru turnare \u00een nisip<\/a>.<\/strong>\u00a0Iar dac\u0103 dori\u021bi o turnare mai elaborat\u0103, suprafe\u021bele trebuie s\u0103 fie lustruite.<\/p>\r\n\r\n\r\n\r\n<h3 class=\"wp-block-heading\">Factori de luat \u00een considerare la selectarea unui furnizor de aluminiu turnat \u00een nisip<\/h3>\r\n\r\n\r\n\r\n<p>Exist\u0103 o serie de lucruri la care trebuie s\u0103 v\u0103 g\u00e2ndi\u021bi atunci c\u00e2nd alege\u021bi un furnizor de turnare \u00een nisip metalic pentru produc\u021bie. O mul\u021bime de piese complicate sunt realizate cu turnare \u00een nisip de aluminiu, iar alegerea furnizorului potrivit poate schimba at\u00e2t calitatea, c\u00e2t \u0219i costul. \u00cen aceast\u0103 postare pe blog, vom vorbi despre factorii care intr\u0103 \u00een alegerea unei surse de turnare \u00een nisip a aluminiului. <br \/><br \/>Atunci c\u00e2nd c\u0103uta\u021bi un furnizor de aluminiu turnat \u00een nisip, experien\u021ba \u0219i priceperea sunt foarte importante. G\u0103si\u021bi o companie care a realizat piese turnate metalice de \u00eenalt\u0103 calitate pentru o mul\u021bime de tipuri diferite de \u00eentreprinderi. Furnizorii cu mult\u0103 experien\u021b\u0103 pot realiza piese cu specifica\u021bii stricte \u0219i modele complicate. <br \/><br \/>Capacitatea furnizorului de a face lucruri este, de asemenea, important\u0103. Asigura\u021bi-v\u0103 c\u0103 furnizorul de servicii are instrumentele \u0219i materialele de care ave\u021bi nevoie pentru turnare. Listeaz\u0103 m\u0103rimea matri\u021bei lor, tipul \u0219i capacitatea de a respecta termenele de produc\u021bie. Un alt lucru pe care ar trebui s\u0103 \u00eel faci este s\u0103 te ui\u021bi la controlul calit\u0103\u021bii \u0219i certific\u0103rile furnizorului. G\u0103si\u021bi o surs\u0103 care este certificat\u0103 ISO 9001 pentru a v\u0103 asigura c\u0103 piesele pe care le cump\u0103ra\u021bi \u00eendeplinesc cele mai \u00eenalte standarde de calitate \u0219i consecven\u021b\u0103. <br \/><br \/>Atunci c\u00e2nd alege\u021bi un furnizor de turnare \u00een nisip de aluminiu, ar trebui s\u0103 v\u0103 g\u00e2ndi\u021bi \u0219i la c\u00e2t cost\u0103. Nu numai c\u0103 este important s\u0103 g\u0103si\u021bi un furnizor cu pre\u021buri competitive, dar la fel este \u0219i valoarea lor general\u0103. Termenele de livrare, controlul calit\u0103\u021bii \u0219i serviciile pentru clien\u021bi sunt toate lucruri la care ne g\u00e2ndim. S-ar putea s\u0103 v\u0103 coste mai mult pe termen lung s\u0103 cump\u0103ra\u021bi de la furnizori ieftini care se zg\u00e2rcesc la calitate sau fiabilitate. G\u0103si\u021bi un furnizor al c\u0103rui raport pre\u021b\/valoare este corect \u0219i sta\u021bi departe de cei ale c\u0103ror pre\u021buri sunt prea mari. <br \/><br \/>Atunci c\u00e2nd alege\u021bi un furnizor de turnare \u00een nisip de aluminiu, comunicarea \u0219i comunicarea sunt, de asemenea, foarte importante. G\u0103si\u021bi un furnizor care r\u0103spunde rapid, cu care este u\u0219or s\u0103 lua\u021bi leg\u0103tura \u0219i care dore\u0219te s\u0103 v\u0103 ajute s\u0103 v\u0103 da\u021bi seama de ce ave\u021bi nevoie pentru turnare. Unul care este dispus s\u0103 v\u0103 ajute at\u00e2t cu proiectarea, c\u00e2t \u0219i cu produc\u021bia v\u0103 poate oferi piesele potrivite. <\/p>\r\n\r\n\r\n\r\n<p>Pentru a cump\u0103ra piese Sand Casting de la\u00a0<a href=\"https:\/\/aludiecasting.com\/ro\/aluminiu-turnat-in-nisip\/\"><em><strong>Sand Casting China<\/strong><\/em><\/a>\u00a0va fi cea mai bun\u0103 op\u021biune pentru pia\u021ba dvs., timp de livrare rapid\u0103, \u00eentrebare ridicat\u0103, potrivire, toate \u00eentr-un singur serviciu pe care vi l-am putea oferi, trimite\u021bi-ne un e-mail pentru a ob\u021bine pre\u021bul.<\/p>\r\n<p>GC PRECISION MOLD CO.LTD, a furnizat solu\u021bii complete de turnare sub presiune, inclusiv turnare sub presiune de \u00eenalt\u0103 presiune, turnare gravita\u021bional\u0103, turnare cu nisip, etc. Vom avea grij\u0103 de proiectul dvs. pentru toat\u0103 responsabilitatea de la proiectare la livrare. Gama noastr\u0103 de produse include\u00a0<a href=\"https:\/\/aludiecasting.com\/ro\/aluminiu-turnat-sub-presiune-2\/\">Aluminum Die Casting<\/a>,\u00a0<a href=\"https:\/\/aludiecasting.com\/ro\/aluminiu-turnare-gravitationala-2\/\"><strong>aluminiu gravita\u021bie turnare sub presiune<\/strong><\/a>, prelucrare CNC,\u00a0<a href=\"https:\/\/www.thediecasting.com\/magnesium-die-casting\/\" target=\"_blank\" rel=\"noopener\">magneziu turnat sub presiune<\/a>,\u00a0<a href=\"https:\/\/aludiecasting.com\/ro\/turnare-zinc-in-vid\/\">zinc turnare sub presiune<\/a>, componente de \u0219tan\u021bare a metalelor, prelucrare prin strunjire, componente de ma\u0219ini electrice, componente de pompare a combustibilului, carcas\u0103 de iluminat stradal cu leduri, produse cu radiator etc.<\/p>\r\n<p>Capacitatea noastr\u0103 de produc\u021bie pentru aluminiu de la 10 gm la 30 kg pentru diverse industrii, \u00een special pentru procesul de turnare prin gravita\u021bie din aluminiu, folosim cele mai moderne procese de turnare \u0219i capacit\u0103\u021bi secundare de prelucrare. Oferim servicii ad\u0103ugate volumului, cum ar fi acoperirea cu pulbere, anodizarea, vopsirea \u0219i asamblarea.<\/p>\r\n<p>GC MOLD are folosind starea de tehnologie de art\u0103, am fost de fabrica\u021bie \u0219i furnizarea de \u00eenalt\u0103 calitate din aluminiu gravita\u021bie mor produse de turnare la lume, Avem 6 ma\u0219ini de turnare mor de capacitate variind de la 60 de tone la 1000 de tone pentru fabricarea componentelor de turnare mor, dac\u0103 sunte\u021bi \u00een c\u0103utarea pentru orice\u00a0<strong>aluminiu turnare sub presiune sau aluminiu gravita\u021bie turnare sub presiune<\/strong>, sunte\u021bi binevenit s\u0103 ne trimite\u021bi cerin\u021ba dvs. pentru cota\u021bie, v\u0103 vom oferi cel mai bun pre\u021b \u00een 24 de ore.<\/p>\r\n\r\n<p>&nbsp;<\/p>\r\n\r\n<figure class=\"wp-block-gallery has-nested-images columns-4 is-cropped wp-block-gallery-1 is-layout-flex wp-block-gallery-is-layout-flex\">\r\n<figure class=\"wp-block-image size-large\"><img loading=\"lazy\" decoding=\"async\" width=\"480\" height=\"640\" data-id=\"12874\" class=\"wp-image-12874\" src=\"https:\/\/aludiecasting.com\/wp-content\/uploads\/2018\/10\/Sand-Casting-in-China.jpg\" alt=\"Sand Casting \u00een China\" title=\"\" srcset=\"https:\/\/aludiecasting.com\/wp-content\/uploads\/2018\/10\/Sand-Casting-in-China.jpg 480w, https:\/\/aludiecasting.com\/wp-content\/uploads\/2018\/10\/Sand-Casting-in-China-225x300.jpg 225w\" sizes=\"(max-width: 480px) 100vw, 480px\" \/>\r\n<figcaption class=\"wp-element-caption\"><a href=\"https:\/\/aludiecasting.com\/ro\/\">Sand Casting \u00een China<\/a><\/figcaption>\r\n<\/figure>\r\n\r\n\r\n\r\n<figure class=\"wp-block-image size-large\"><img loading=\"lazy\" decoding=\"async\" width=\"480\" height=\"640\" data-id=\"12879\" class=\"wp-image-12879\" src=\"https:\/\/aludiecasting.com\/wp-content\/uploads\/2018\/10\/sand-castings-china.jpg\" alt=\"nisip turnat china\" title=\"\" srcset=\"https:\/\/aludiecasting.com\/wp-content\/uploads\/2018\/10\/sand-castings-china.jpg 480w, https:\/\/aludiecasting.com\/wp-content\/uploads\/2018\/10\/sand-castings-china-225x300.jpg 225w\" sizes=\"(max-width: 480px) 100vw, 480px\" \/>\r\n<figcaption class=\"wp-element-caption\"><a href=\"https:\/\/aludiecasting.com\/ro\/\">Sand Casting China<\/a><\/figcaption>\r\n<\/figure>\r\n\r\n\r\n\r\n<figure class=\"wp-block-image size-large\"><img loading=\"lazy\" decoding=\"async\" width=\"480\" height=\"640\" data-id=\"12867\" class=\"wp-image-12867\" src=\"https:\/\/aludiecasting.com\/wp-content\/uploads\/2018\/10\/china-sand-casting.jpg\" alt=\"China turnare nisip\" title=\"\" srcset=\"https:\/\/aludiecasting.com\/wp-content\/uploads\/2018\/10\/china-sand-casting.jpg 480w, https:\/\/aludiecasting.com\/wp-content\/uploads\/2018\/10\/china-sand-casting-225x300.jpg 225w\" sizes=\"(max-width: 480px) 100vw, 480px\" \/>\r\n<figcaption class=\"wp-element-caption\">China nisip turnare<\/figcaption>\r\n<\/figure>\r\n\r\n\r\n\r\n<figure class=\"wp-block-image size-large\"><img loading=\"lazy\" decoding=\"async\" data-id=\"12869\" class=\"alignnone wp-image-12869\" src=\"https:\/\/aludiecasting.com\/wp-content\/uploads\/2018\/10\/Chinese-sand-casting.jpg\" alt=\"Turnare \u00een nisip a aluminiului\" width=\"480\" height=\"640\" title=\"\" srcset=\"https:\/\/aludiecasting.com\/wp-content\/uploads\/2018\/10\/Chinese-sand-casting.jpg 480w, https:\/\/aludiecasting.com\/wp-content\/uploads\/2018\/10\/Chinese-sand-casting-225x300.jpg 225w\" sizes=\"(max-width: 480px) 100vw, 480px\" \/>\r\n<figcaption class=\"wp-element-caption\">Turnare cu nisip chinezesc<\/figcaption>\r\n<\/figure>\r\n<\/figure>","protected":false},"excerpt":{"rendered":"<p>Have you seen a large metal made of iron, bronze, brass or aluminum with some featured patterns in the middle? Have you noticed a cavity of wood or metal? If you say yes, I think you have already got the idea of casting. The sand is a cast part produced by forming a mold from [&hellip;]<\/p>\n","protected":false},"author":1,"featured_media":0,"parent":0,"menu_order":0,"comment_status":"closed","ping_status":"closed","template":"","meta":{"_et_pb_use_builder":"off","_et_pb_old_content":"","_et_gb_content_width":"","footnotes":""},"class_list":["post-12046","page","type-page","status-publish","hentry"],"_links":{"self":[{"href":"https:\/\/aludiecasting.com\/ro\/wp-json\/wp\/v2\/pages\/12046","targetHints":{"allow":["GET"]}}],"collection":[{"href":"https:\/\/aludiecasting.com\/ro\/wp-json\/wp\/v2\/pages"}],"about":[{"href":"https:\/\/aludiecasting.com\/ro\/wp-json\/wp\/v2\/types\/page"}],"author":[{"embeddable":true,"href":"https:\/\/aludiecasting.com\/ro\/wp-json\/wp\/v2\/users\/1"}],"replies":[{"embeddable":true,"href":"https:\/\/aludiecasting.com\/ro\/wp-json\/wp\/v2\/comments?post=12046"}],"version-history":[{"count":0,"href":"https:\/\/aludiecasting.com\/ro\/wp-json\/wp\/v2\/pages\/12046\/revisions"}],"wp:attachment":[{"href":"https:\/\/aludiecasting.com\/ro\/wp-json\/wp\/v2\/media?parent=12046"}],"curies":[{"name":"wp","href":"https:\/\/api.w.org\/{rel}","templated":true}]}}