{"id":12046,"date":"2018-08-16T08:38:15","date_gmt":"2018-08-16T08:38:15","guid":{"rendered":"https:\/\/aludiecasting.com\/?page_id=12046"},"modified":"2024-03-09T04:57:50","modified_gmt":"2024-03-09T04:57:50","slug":"sandgjutning-av-aluminium","status":"publish","type":"page","link":"https:\/\/aludiecasting.com\/sv\/sandgjutning-av-aluminium\/","title":{"rendered":"sandgjutning av aluminium"},"content":{"rendered":"<p>Har du sett en stor metall gjord av j\u00e4rn, brons, m\u00e4ssing eller aluminium med n\u00e5gra utvalda m\u00f6nster i mitten? Har du sett ett h\u00e5lrum av tr\u00e4 eller metall? Om du s\u00e4ger ja, tror jag att du redan har f\u00e5tt id\u00e9n om gjutning. Sanden \u00e4r en gjuten del som produceras genom att forma en form fr\u00e5n en sandblandning och h\u00e4lla sm\u00e4lt flytande metall i h\u00e5ligheten i formen. Efter kylningsprocessen har den sm\u00e4lta metallen stelnat. Till sist skulle en sandgjutning f\u00e5 bara separerad fr\u00e5n formen. denna sandgjutning skiljer sig fr\u00e5n Aluminium Die Casting. Generellt sett, <strong><a href=\"https:\/\/aludiecasting.com\/sv\/sandgjutning-av-aluminium\/\">Sandgjutning av aluminium<\/a><\/strong>\u00a0produceras p\u00e5 f\u00f6ljande s\u00e4tt.<\/p>\r\n<h1>Vad \u00e4r sandgjutning av aluminium<\/h1>\r\n\r\n\r\n\r\n<p>Aluminiumsandgjutning \u00e4r en process f\u00f6r att skapa aluminiumdelar genom att h\u00e4lla sm\u00e4lt aluminium i en sandform. Det \u00e4r en m\u00e5ngsidig och kostnadseffektiv metod f\u00f6r att producera ett brett utbud av aluminiumdelar, fr\u00e5n enkla former till komplexa geometrier. I den h\u00e4r artikeln kommer vi att utforska f\u00f6rdelarna med aluminiumsandgjutning, processen f\u00f6r att skapa sandformar och de faktorer som ska beaktas n\u00e4r man v\u00e4ljer en leverant\u00f6r av aluminiumsandgjutning.<\/p>\r\n\r\n\r\n\r\n<figure class=\"wp-block-image aligncenter size-full\"><a href=\"https:\/\/aludiecasting.com\/wp-content\/uploads\/2018\/10\/Sand-Casting-Manufacturer.jpg\"><img loading=\"lazy\" decoding=\"async\" width=\"847\" height=\"480\" class=\"wp-image-12875\" src=\"https:\/\/aludiecasting.com\/wp-content\/uploads\/2018\/10\/Sand-Casting-Manufacturer.jpg\" alt=\"Tillverkare av sandgjutning\" title=\"\" srcset=\"https:\/\/aludiecasting.com\/wp-content\/uploads\/2018\/10\/Sand-Casting-Manufacturer.jpg 847w, https:\/\/aludiecasting.com\/wp-content\/uploads\/2018\/10\/Sand-Casting-Manufacturer-300x170.jpg 300w, https:\/\/aludiecasting.com\/wp-content\/uploads\/2018\/10\/Sand-Casting-Manufacturer-768x435.jpg 768w\" sizes=\"(max-width: 847px) 100vw, 847px\" \/><\/a>\r\n<figcaption class=\"wp-element-caption\">sandgjutning av aluminium<\/figcaption>\r\n<\/figure>\r\n\r\n\r\n\r\n<h2 class=\"wp-block-heading\">F\u00f6rdelar med sandgjutning av aluminium<\/h2>\r\n<p><strong><em>Sandgjutning av aluminium<\/em><\/strong> erbjuder flera f\u00f6rdelar j\u00e4mf\u00f6rt med <strong><em><a href=\"https:\/\/aludiecasting.com\/sv\/pressgjutning-av-aluminium\/\">pressgjutning av aluminium<\/a><\/em><\/strong> och permanent gjutning av m\u00f6gel. N\u00e5gra av f\u00f6rdelarna med gjutning av aluminiumsand inkluderar:<\/p>\r\n<p>Dess flexibilitet g\u00f6r aluminiumsandgjutning bra. Stark och l\u00e4tt aluminium kan formas p\u00e5 m\u00e5nga s\u00e4tt. Det bygger allt fr\u00e5n mikroskopiska komponenter till massiva konstruktioner. Eftersom aluminium leder v\u00e4rme bra kyls det snabbt efter gjutningen. Detta p\u00e5skyndar projektskapandet och minskar ledtiderna.<\/p>\r\n<p>En annan f\u00f6rdel med sandgjutning av aluminium \u00e4r dess \u00f6verkomliga priser. St\u00e5l och j\u00e4rn kostar mer \u00e4n aluminium. Detta lockar f\u00f6retag som f\u00f6rs\u00f6ker spara kostnader utan att offra kvaliteten. Sm\u00e5 verktyg och utrustning beh\u00f6vs f\u00f6r gjutning av aluminiumsand, vilket s\u00e4nker produktionskostnaderna.<\/p>\r\n<p>Sandgjutning av aluminium \u00e4r dyrt men ger bra ytpolering och storleksnoggrannhet. Sandgjutning skapar komplexa former och geometrier. Detta s\u00e4kerst\u00e4ller projektstandardprodukter. Aluminiumsandgjutning producerar sl\u00e4ta produkter utan bearbetning eller efterbehandling.<\/p>\r\n<p>Sandgjutning av aluminium \u00e4r milj\u00f6v\u00e4nligt. Mer \u00e4n 90% av metallen \u00e4r \u00e5tervinningsbar. Detta g\u00f6r det enkelt att sm\u00e4lta gammal metall och gjuta den igen, vilket minskar avfallet och skyddar resurserna. Sandgjutning av aluminium anv\u00e4nder \u00e5tervinningsbar sand, vilket hj\u00e4lper milj\u00f6n. <br \/><br \/><\/p>\r\n<h3>Nackdelar med sandgjutning av aluminium<\/h3>\r\n<p>Aluminiumsandgjutning erbjuder m\u00e5nga f\u00f6rdelar, men det har ocks\u00e5 n\u00e5gra nackdelar som listas nedan:<\/p>\r\n<p>Aluminiumsandgjutning har d\u00e5lig ytfinish eftersom formen gjord av sand, j\u00e4mf\u00f6rt med tyngdkraftsgjutning och annan gjutningsprocess, kommer sandgjutningsytan att vara mycket grov.<\/p>\r\n<p>Gjutning och investeringsgjutning m\u00f6jligg\u00f6r fler designalternativ f\u00f6r sandgjutning av aluminium. Sandgjutning \u00e4r b\u00e4st f\u00f6r grundl\u00e4ggande m\u00f6nster eftersom sandformar bara kan b\u00e4ra s\u00e5 mycket detaljer. Det kanske inte r\u00e4cker f\u00f6r komplexa delar industrier.<\/p>\r\n<p>Sandgjutning av aluminium har l\u00e4gre noggrannhet f\u00f6r storlek och ytfinish \u00e4n andra gjutningstekniker. Sandformar ger grova ytor och dimensioner, vilket inneb\u00e4r att de kan kr\u00e4va ytterligare bearbetning eller efterbehandling f\u00f6r att uppn\u00e5 \u00f6nskat resultat. Detta kan minska produktionen, \u00f6ka kostnaderna och f\u00f6rs\u00e4mra delarna.<\/p>\r\n<p>Att gjuta aluminium i sand tar tid, s\u00e4rskilt f\u00f6r st\u00f6rre eller mer komplicerade f\u00f6rem\u00e5l. F\u00f6rberedelse av sandformen, gjutning av den sm\u00e4lta metallen samt kylning och h\u00e4rdning av f\u00f6rem\u00e5let kan f\u00f6rsena tillverkningen. Detta kan p\u00e5verka f\u00f6retag med sn\u00e4va tidsfrister eller snabba omst\u00e4llningar.<\/p>\r\n<h3>Utmaningar med sandgjutning av aluminium<\/h3>\r\n<p>Utmaningarna med gjutning av aluminiumsand kan inneh\u00e5lla olika faktorer som p\u00e5verkar gjutningsprocessens kvalitet och effektivitet. N\u00e5gra vanliga utmaningar listade enligt nedan:<\/p>\r\n<p><strong>Porositet:<\/strong> Por\u00f6sa aluminiumsandgjutningar inkluderar mikroskopiska luftfickor eller luckor inuti. Sandformen med d\u00e5lig avluftning kan skapa porositet.<\/p>\r\n<p><strong>Ytliga defekter<\/strong>: Eftersom m\u00f6gel gjord av sand, s\u00e5 kommer ytan alltid att vara den fr\u00e5ga som beh\u00f6ver t\u00e4nka p\u00e5, d\u00e5lig ytfinish \u00e4r sandgjutningar nyckelfunktioner<\/p>\r\n<p><strong>M\u00e5ttnoggrannhet:<\/strong> Precision i aluminiumsandgjutning \u00e4r sv\u00e5rt. Kylningen och stelningen av sm\u00e4lt aluminium kan krympa och deformera gjutningen, sandformen kan inte heller uppfylla den sn\u00e4va toleransen.<\/p>\r\n\r\n\r\n\r\n<h3 class=\"wp-block-heading\">Vad \u00e4r aluminium sandgjutningsform<\/h3>\r\n\r\n\r\n\r\n<p>Som en tillf\u00e4llig form anv\u00e4nds en aluminiumsandgjutform f\u00f6r att producera metallkomponenter med hj\u00e4lp av sandgjutningstekniken. Gjutformar tillverkas genom att packa en b\u00e4dd av sand runt ett m\u00f6nster som \u00e4r en kopia av den del som ska gjutas. Vanliga material som anv\u00e4nds f\u00f6r att g\u00f6ra designen inkluderar tr\u00e4, plast och metall. Efter att sandformen har byggts delas den p\u00e5 mitten och formens insida fylls med sm\u00e4lt aluminium. Gjutningen av aluminium \u00e4r klar n\u00e4r metallen, n\u00e4r den svalnar och stelnar, anpassar sig till formens konturer. N\u00e4r gjutningen \u00e4r klar kastas sandformen antingen bort eller omvandlas till ett nytt material. <\/p>\r\n\r\n\r\n\r\n<h2 class=\"wp-block-heading\">Processen f\u00f6r att skapa sandgjutning av aluminium<\/h2>\r\n\r\n\r\n\r\n<p>Processen f\u00f6r att skapa en sandform f\u00f6r aluminiumsandgjutning innefattar flera steg, inklusive m\u00f6nsterframst\u00e4llning, gjutning och gjutning.<\/p>\r\n\r\n\r\n\r\n<p>Det grundl\u00e4ggande steget \u00e4r att placera ett m\u00f6nster i sand f\u00f6r att skapa en form. Det b\u00f6r n\u00e4mnas att gjutformen har tv\u00e5 delar som delas av skiljelinjen. Cope \u00e4r den \u00f6vre halvan och draget \u00e4r den nedre halvan. Och som du vet finns det 2 huvudtyper av sand. Den ena kallas \"gr\u00f6n sand\" och den andra \u00e4r \"luftsand\". Den f\u00f6reg\u00e5ende \u00e4r en blandning av kiselsand, och den senare \u00e4r torr sand med annat material genom h\u00e4rdande lim.<\/p>\r\n\r\n\r\n\r\n<p>Ta sedan bort m\u00f6nstret och h\u00e4ll den sm\u00e4lta metallen i formen. Du kan anv\u00e4nda vibrationen och den mekaniska metoden f\u00f6r att ta bort m\u00f6nstret. Och cope \u00e4r separerad fr\u00e5n drag. Inom de mekaniska metoderna monteras sandblandningen f\u00f6r en formh\u00e5lighet. Enligt de olika typerna av sand \u00e4r f\u00f6r\u00e4ndringen som h\u00e4nde under denna process annorlunda. Oavsett, en stigare beh\u00f6vs f\u00f6r att h\u00e5lla \u00f6verskott av sm\u00e4lt material f\u00f6r att undvika h\u00e5len i huvudgjutningen.<\/p>\r\n\r\n\r\n\r\n<p>L\u00e5t sedan metallen svalna. I detta \u00f6gonblick har v\u00e4tskorna stelnat. Det \u00e4r dags f\u00f6r dig att bryta loss formen och ta bort gjutningen. Det \u00e4r sant att formen f\u00f6rst\u00f6rs i borttagningsprocessen. Sj\u00e4lva m\u00f6nstret kan dock \u00e5teranv\u00e4ndas f\u00f6r att producera nya\u00a0<strong><a href=\"https:\/\/aludiecasting.com\/sv\/sandgjutning-av-aluminium\/\">Sandgjutningsformar<\/a>.<\/strong>\u00a0Och om du vill ha en mer genomarbetad gjutning b\u00f6r ytorna poleras.<\/p>\r\n\r\n\r\n\r\n<h3 class=\"wp-block-heading\">Faktorer att t\u00e4nka p\u00e5 n\u00e4r man v\u00e4ljer en leverant\u00f6r av sandgjutning av aluminium<\/h3>\r\n\r\n\r\n\r\n<p>Det finns ett antal saker att t\u00e4nka p\u00e5 n\u00e4r man v\u00e4ljer en leverant\u00f6r av metallsandgjutning f\u00f6r produktion. M\u00e5nga komplicerade delar tillverkas med aluminiumsandgjutning, och att v\u00e4lja r\u00e4tt leverant\u00f6r kan f\u00f6r\u00e4ndra b\u00e5de kvaliteten och kostnaden. I det h\u00e4r blogginl\u00e4gget kommer vi att prata om de faktorer som g\u00e5r till att v\u00e4lja en aluminiumsandgjutningsk\u00e4lla. <br \/><br \/>N\u00e4r du letar efter en leverant\u00f6r av sandgjutning av aluminium \u00e4r erfarenhet och skicklighet mycket viktigt. Hitta ett f\u00f6retag som har gjort h\u00f6gkvalitativa metallgjutgods f\u00f6r m\u00e5nga olika typer av f\u00f6retag. Leverant\u00f6rer med mycket erfarenhet kan g\u00f6ra delar med sn\u00e4va specifikationer och komplicerade m\u00f6nster. <br \/><br \/>Leverant\u00f6rens f\u00f6rm\u00e5ga att tillverka saker \u00e4r ocks\u00e5 viktig. Se till att tj\u00e4nsteleverant\u00f6ren har de verktyg och material du beh\u00f6ver f\u00f6r gjutning. Den listar deras formstorlek, typ och f\u00f6rm\u00e5ga att uppfylla produktionsfrister. En annan sak du b\u00f6r g\u00f6ra \u00e4r att titta p\u00e5 leverant\u00f6rens kvalitetskontroll och certifieringar. Hitta en k\u00e4lla som \u00e4r ISO 9001-certifierad f\u00f6r att se till att de delar du k\u00f6per uppfyller de h\u00f6gsta standarderna f\u00f6r kvalitet och konsistens. <br \/><br \/>N\u00e4r du v\u00e4ljer en leverant\u00f6r av aluminiumsandgjutning b\u00f6r du ocks\u00e5 t\u00e4nka p\u00e5 hur mycket det kostar. Det \u00e4r inte bara viktigt att hitta en leverant\u00f6r med konkurrenskraftiga priser, utan ocks\u00e5 deras totala v\u00e4rde. Ledtider, kvalitetskontroll och kundservice \u00e4r alla saker vi t\u00e4nker p\u00e5. Det kan kosta dig mer i det l\u00e5nga loppet att k\u00f6pa fr\u00e5n billiga leverant\u00f6rer som sn\u00e5lar p\u00e5 kvalitet eller p\u00e5litlighet. Hitta en leverant\u00f6r som har ett rimligt f\u00f6rh\u00e5llande mellan pris och v\u00e4rde och h\u00e5ll dig borta fr\u00e5n dem som har f\u00f6r h\u00f6ga priser. <br \/><br \/>N\u00e4r du v\u00e4ljer en leverant\u00f6r av aluminiumsandgjutning \u00e4r kommunikation och kommunikation ocks\u00e5 mycket viktigt. Hitta en leverant\u00f6r som svarar snabbt, \u00e4r l\u00e4tt att komma i kontakt med och vill hj\u00e4lpa dig att ta reda p\u00e5 vad du beh\u00f6ver f\u00f6r gjutning. En som \u00e4r villig att hj\u00e4lpa dig med b\u00e5de design och produktion kan ge dig r\u00e4tt delar. <\/p>\r\n\r\n\r\n\r\n<p>F\u00f6r att k\u00f6pa Sandgjutning delar fr\u00e5n\u00a0<a href=\"https:\/\/aludiecasting.com\/sv\/sandgjutning-av-aluminium\/\"><em><strong>Sandgjutning Kina<\/strong><\/em><\/a>\u00a0kommer att vara det b\u00e4sta alternativet f\u00f6r din marknad, snabb leveranstid, h\u00f6g fr\u00e5ga, matchning, allt i en tj\u00e4nst vi kan erbjuda dig, skicka oss ett e-postmeddelande f\u00f6r att f\u00e5 pris.<\/p>\r\n<p>GC PRECISION MOLD CO.LTD, har tillhandah\u00e5llit kompletta gjutningsl\u00f6sningar inklusive h\u00f6gtrycksgjutning, gravitationsgjutning, sandgjutning etc. vi kommer att ta hand om ditt projekt f\u00f6r allt ansvar fr\u00e5n design till leverans. V\u00e5rt produktsortiment inkluderar\u00a0<a href=\"https:\/\/aludiecasting.com\/sv\/pressgjutning-av-aluminium\/\">Gjutning av aluminium<\/a>,\u00a0<a href=\"https:\/\/aludiecasting.com\/sv\/pressgjutning-av-aluminium-6065\/\"><strong>aluminium gravitation pressgjutning<\/strong><\/a>, CNC-bearbetning,\u00a0<a href=\"https:\/\/www.thediecasting.com\/magnesium-die-casting\/\" target=\"_blank\" rel=\"noopener\">pressgjutning av magnesium<\/a>,\u00a0<a href=\"https:\/\/aludiecasting.com\/sv\/gjutning-av-zink-i-vakuum\/\">pressgjutning av zink<\/a>, metallst\u00e4mplingskomponenter, svarvbearbetning, elektriska maskinkomponenter, br\u00e4nslepumpkomponenter, ledade gatubelysningshus, kylfl\u00e4nsprodukter etc.<\/p>\r\n<p>V\u00e5r tillverkningskapacitet f\u00f6r aluminium fr\u00e5n 10 gm till 30 kg till olika branscher, s\u00e4rskilt f\u00f6r gjutningsprocess f\u00f6r aluminiumgravitation, anv\u00e4nder vi toppmodern gjutningsprocess och sekund\u00e4ra bearbetningsm\u00f6jligheter. Vi har erbjudit volymtill\u00e4ggstj\u00e4nsten som pulverlackering, anodisering, m\u00e5lning och montering.<\/p>\r\n<p>GC MOLD har anv\u00e4nt den senaste tekniken, vi har tillverkat och levererat h\u00f6gkvalitativa aluminiumgravitationsgjutningsprodukter till v\u00e4rlden, vi har 6 gjutmaskiner med kapacitet fr\u00e5n 60 ton till 1000 ton f\u00f6r att tillverka gjutkomponenter, om du letar efter n\u00e5got\u00a0<strong>gjutning av aluminium eller gjutning av aluminium med gravitation<\/strong>\u00e4r du v\u00e4lkommen att skicka oss ditt krav p\u00e5 offert, vi kommer att erbjuda dig det b\u00e4sta priset inom 24 timmar.<\/p>\r\n\r\n<p>&nbsp;<\/p>\r\n\r\n<figure class=\"wp-block-gallery has-nested-images columns-4 is-cropped wp-block-gallery-1 is-layout-flex wp-block-gallery-is-layout-flex\">\r\n<figure class=\"wp-block-image size-large\"><img loading=\"lazy\" decoding=\"async\" width=\"480\" height=\"640\" data-id=\"12874\" class=\"wp-image-12874\" src=\"https:\/\/aludiecasting.com\/wp-content\/uploads\/2018\/10\/Sand-Casting-in-China.jpg\" alt=\"Sandgjutning i Kina\" title=\"\" srcset=\"https:\/\/aludiecasting.com\/wp-content\/uploads\/2018\/10\/Sand-Casting-in-China.jpg 480w, https:\/\/aludiecasting.com\/wp-content\/uploads\/2018\/10\/Sand-Casting-in-China-225x300.jpg 225w\" sizes=\"(max-width: 480px) 100vw, 480px\" \/>\r\n<figcaption class=\"wp-element-caption\"><a href=\"https:\/\/aludiecasting.com\/sv\/\">Sandgjutning i Kina<\/a><\/figcaption>\r\n<\/figure>\r\n\r\n\r\n\r\n<figure class=\"wp-block-image size-large\"><img loading=\"lazy\" decoding=\"async\" width=\"480\" height=\"640\" data-id=\"12879\" class=\"wp-image-12879\" src=\"https:\/\/aludiecasting.com\/wp-content\/uploads\/2018\/10\/sand-castings-china.jpg\" alt=\"sandgjutgods kina\" title=\"\" srcset=\"https:\/\/aludiecasting.com\/wp-content\/uploads\/2018\/10\/sand-castings-china.jpg 480w, https:\/\/aludiecasting.com\/wp-content\/uploads\/2018\/10\/sand-castings-china-225x300.jpg 225w\" sizes=\"(max-width: 480px) 100vw, 480px\" \/>\r\n<figcaption class=\"wp-element-caption\"><a href=\"https:\/\/aludiecasting.com\/sv\/\">Sandgjutning Kina<\/a><\/figcaption>\r\n<\/figure>\r\n\r\n\r\n\r\n<figure class=\"wp-block-image size-large\"><img loading=\"lazy\" decoding=\"async\" width=\"480\" height=\"640\" data-id=\"12867\" class=\"wp-image-12867\" src=\"https:\/\/aludiecasting.com\/wp-content\/uploads\/2018\/10\/china-sand-casting.jpg\" alt=\"sandgjutning i kina\" title=\"\" srcset=\"https:\/\/aludiecasting.com\/wp-content\/uploads\/2018\/10\/china-sand-casting.jpg 480w, https:\/\/aludiecasting.com\/wp-content\/uploads\/2018\/10\/china-sand-casting-225x300.jpg 225w\" sizes=\"(max-width: 480px) 100vw, 480px\" \/>\r\n<figcaption class=\"wp-element-caption\">Kina sandgjutning<\/figcaption>\r\n<\/figure>\r\n\r\n\r\n\r\n<figure class=\"wp-block-image size-large\"><img loading=\"lazy\" decoding=\"async\" data-id=\"12869\" class=\"alignnone wp-image-12869\" src=\"https:\/\/aludiecasting.com\/wp-content\/uploads\/2018\/10\/Chinese-sand-casting.jpg\" alt=\"Sandgjutning av aluminium\" width=\"480\" height=\"640\" title=\"\" srcset=\"https:\/\/aludiecasting.com\/wp-content\/uploads\/2018\/10\/Chinese-sand-casting.jpg 480w, https:\/\/aludiecasting.com\/wp-content\/uploads\/2018\/10\/Chinese-sand-casting-225x300.jpg 225w\" sizes=\"(max-width: 480px) 100vw, 480px\" \/>\r\n<figcaption class=\"wp-element-caption\">Kinesisk sandgjutning<\/figcaption>\r\n<\/figure>\r\n<\/figure>","protected":false},"excerpt":{"rendered":"<p>Have you seen a large metal made of iron, bronze, brass or aluminum with some featured patterns in the middle? Have you noticed a cavity of wood or metal? If you say yes, I think you have already got the idea of casting. The sand is a cast part produced by forming a mold from [&hellip;]<\/p>\n","protected":false},"author":1,"featured_media":0,"parent":0,"menu_order":0,"comment_status":"closed","ping_status":"closed","template":"","meta":{"_et_pb_use_builder":"off","_et_pb_old_content":"","_et_gb_content_width":"","footnotes":""},"class_list":["post-12046","page","type-page","status-publish","hentry"],"_links":{"self":[{"href":"https:\/\/aludiecasting.com\/sv\/wp-json\/wp\/v2\/pages\/12046","targetHints":{"allow":["GET"]}}],"collection":[{"href":"https:\/\/aludiecasting.com\/sv\/wp-json\/wp\/v2\/pages"}],"about":[{"href":"https:\/\/aludiecasting.com\/sv\/wp-json\/wp\/v2\/types\/page"}],"author":[{"embeddable":true,"href":"https:\/\/aludiecasting.com\/sv\/wp-json\/wp\/v2\/users\/1"}],"replies":[{"embeddable":true,"href":"https:\/\/aludiecasting.com\/sv\/wp-json\/wp\/v2\/comments?post=12046"}],"version-history":[{"count":0,"href":"https:\/\/aludiecasting.com\/sv\/wp-json\/wp\/v2\/pages\/12046\/revisions"}],"wp:attachment":[{"href":"https:\/\/aludiecasting.com\/sv\/wp-json\/wp\/v2\/media?parent=12046"}],"curies":[{"name":"wp","href":"https:\/\/api.w.org\/{rel}","templated":true}]}}