{"id":12046,"date":"2018-08-16T08:38:15","date_gmt":"2018-08-16T08:38:15","guid":{"rendered":"https:\/\/aludiecasting.com\/?page_id=12046"},"modified":"2024-03-09T04:57:50","modified_gmt":"2024-03-09T04:57:50","slug":"alumi%cc%87nyum-kum-dokum","status":"publish","type":"page","link":"https:\/\/aludiecasting.com\/tr\/alumi%cc%87nyum-kum-dokum\/","title":{"rendered":"al\u00fcmi\u0307nyum kum d\u00f6k\u00fcm"},"content":{"rendered":"<p>Demir, bronz, pirin\u00e7 veya al\u00fcminyumdan yap\u0131lm\u0131\u015f, ortas\u0131nda baz\u0131 desenleri olan b\u00fcy\u00fck bir metal g\u00f6rd\u00fcn\u00fcz m\u00fc? Ah\u015fap veya metalden bir oyuk fark ettiniz mi? Evet diyorsan\u0131z, d\u00f6k\u00fcm fikrini \u00e7oktan edindi\u011finizi d\u00fc\u015f\u00fcn\u00fcyorum. Kum, kum kar\u0131\u015f\u0131m\u0131ndan bir kal\u0131p olu\u015fturularak ve erimi\u015f s\u0131v\u0131 metalin kal\u0131ptaki bo\u015flu\u011fa d\u00f6k\u00fclmesiyle \u00fcretilen bir d\u00f6k\u00fcm par\u00e7as\u0131d\u0131r. So\u011futma i\u015fleminden sonra erimi\u015f metal kat\u0131la\u015fm\u0131\u015ft\u0131r. Sonunda, kal\u0131ptan yeni ayr\u0131lm\u0131\u015f bir kum d\u00f6k\u00fcm elde edilecektir. bu kum d\u00f6k\u00fcm, Al\u00fcminyum Bas\u0131n\u00e7l\u0131 D\u00f6k\u00fcmden farkl\u0131d\u0131r. Genel olarak konu\u015fursak, <strong><a href=\"https:\/\/aludiecasting.com\/tr\/alumi%cc%87nyum-kum-dokum\/\">Al\u00fcminyum kum d\u00f6k\u00fcm<\/a><\/strong>\u00a0a\u015fa\u011f\u0131daki gibi \u00fcretilir.<\/p>\r\n<h1>Al\u00fcminyum kum d\u00f6k\u00fcm nedir<\/h1>\r\n\r\n\r\n\r\n<p>Al\u00fcminyum kum d\u00f6k\u00fcm, erimi\u015f al\u00fcminyumu bir kum kal\u0131b\u0131na d\u00f6kerek al\u00fcminyum par\u00e7alar olu\u015fturma i\u015flemidir. Basit \u015fekillerden karma\u015f\u0131k geometrilere kadar \u00e7ok \u00e7e\u015fitli al\u00fcminyum par\u00e7alar \u00fcretmek i\u00e7in \u00e7ok y\u00f6nl\u00fc ve uygun maliyetli bir y\u00f6ntemdir. Bu makalede, al\u00fcminyum kum d\u00f6k\u00fcm\u00fcn\u00fcn faydalar\u0131n\u0131, kum kal\u0131plar\u0131 olu\u015fturma s\u00fcrecini ve bir al\u00fcminyum kum d\u00f6k\u00fcm tedarik\u00e7isi se\u00e7erken g\u00f6z \u00f6n\u00fcnde bulundurulmas\u0131 gereken fakt\u00f6rleri inceleyece\u011fiz.<\/p>\r\n\r\n\r\n\r\n<figure class=\"wp-block-image aligncenter size-full\"><a href=\"https:\/\/aludiecasting.com\/wp-content\/uploads\/2018\/10\/Sand-Casting-Manufacturer.jpg\"><img loading=\"lazy\" decoding=\"async\" width=\"847\" height=\"480\" class=\"wp-image-12875\" src=\"https:\/\/aludiecasting.com\/wp-content\/uploads\/2018\/10\/Sand-Casting-Manufacturer.jpg\" alt=\"Kum D\u00f6k\u00fcm \u00dcreticisi\" title=\"\" srcset=\"https:\/\/aludiecasting.com\/wp-content\/uploads\/2018\/10\/Sand-Casting-Manufacturer.jpg 847w, https:\/\/aludiecasting.com\/wp-content\/uploads\/2018\/10\/Sand-Casting-Manufacturer-300x170.jpg 300w, https:\/\/aludiecasting.com\/wp-content\/uploads\/2018\/10\/Sand-Casting-Manufacturer-768x435.jpg 768w\" sizes=\"(max-width: 847px) 100vw, 847px\" \/><\/a>\r\n<figcaption class=\"wp-element-caption\">al\u00fcmi\u0307nyum kum d\u00f6k\u00fcm<\/figcaption>\r\n<\/figure>\r\n\r\n\r\n\r\n<h2 class=\"wp-block-heading\">Al\u00fcminyum Kum D\u00f6k\u00fcm\u00fcn Faydalar\u0131<\/h2>\r\n<p><strong><em>Al\u00fcminyum kum d\u00f6k\u00fcm<\/em><\/strong> ile kar\u015f\u0131la\u015ft\u0131r\u0131ld\u0131\u011f\u0131nda \u00e7e\u015fitli avantajlar sunar <strong><em><a href=\"https:\/\/aludiecasting.com\/tr\/alumi%cc%87nyum-dokum\/\">al\u00fcmi\u0307nyum d\u00f6k\u00fcm<\/a><\/em><\/strong> ve kal\u0131c\u0131 kal\u0131p d\u00f6k\u00fcm\u00fc. Al\u00fcminyum kum d\u00f6k\u00fcm\u00fcn faydalar\u0131ndan baz\u0131lar\u0131 \u015funlard\u0131r:<\/p>\r\n<p>Esnekli\u011fi al\u00fcminyum kum d\u00f6k\u00fcm\u00fcn\u00fc harika k\u0131lar. G\u00fc\u00e7l\u00fc ve hafif al\u00fcminyum bir\u00e7ok \u015fekilde \u015fekillendirilebilir. Mikroskobik bile\u015fenlerden devasa yap\u0131lara kadar her \u015feyi in\u015fa eder. Al\u00fcminyum \u0131s\u0131y\u0131 iyi iletti\u011finden, d\u00f6k\u00fcmden sonra h\u0131zla so\u011fur. Bu da proje olu\u015fturmay\u0131 h\u0131zland\u0131r\u0131r ve teslim s\u00fcrelerini k\u0131salt\u0131r.<\/p>\r\n<p>Al\u00fcminyum kum d\u00f6k\u00fcm\u00fcn bir di\u011fer faydas\u0131 da uygun fiyatl\u0131 olmas\u0131d\u0131r. \u00c7elik ve demir al\u00fcminyumdan daha pahal\u0131d\u0131r. Bu da kaliteden \u00f6d\u00fcn vermeden maliyetten tasarruf etmek isteyen firmalar\u0131 cezbetmektedir. Al\u00fcminyum kum d\u00f6k\u00fcm\u00fc i\u00e7in k\u00fc\u00e7\u00fck alet ve ekipmanlara ihtiya\u00e7 duyulur, bu da \u00fcretim maliyetlerini d\u00fc\u015f\u00fcr\u00fcr.<\/p>\r\n<p>Al\u00fcminyum kum d\u00f6k\u00fcm\u00fc pahal\u0131d\u0131r ancak iyi y\u00fczey cilas\u0131 ve boyutland\u0131rma hassasiyeti sa\u011flar. Kum d\u00f6k\u00fcm karma\u015f\u0131k \u015fekiller ve geometriler olu\u015fturur. Bu, proje standard\u0131nda \u00fcr\u00fcnler sa\u011flar. Al\u00fcminyum kum d\u00f6k\u00fcm, i\u015fleme veya finisaj olmadan p\u00fcr\u00fczs\u00fcz \u00fcr\u00fcnler \u00fcretir.<\/p>\r\n<p>Kum d\u00f6k\u00fcm al\u00fcminyum \u00e7evre dostudur. Metalin 90%'den fazlas\u0131 geri d\u00f6n\u00fc\u015ft\u00fcr\u00fclebilir. Bu, eski metalin eritilmesini ve tekrar d\u00f6k\u00fclmesini kolayla\u015ft\u0131r\u0131r, at\u0131klar\u0131 azalt\u0131r ve kaynaklar\u0131 korur. Al\u00fcminyum kum d\u00f6k\u00fcm\u00fc, \u00e7evreye yard\u0131mc\u0131 olan geri d\u00f6n\u00fc\u015ft\u00fcr\u00fclebilir kum kullan\u0131r. <br \/><br \/><\/p>\r\n<h3>Al\u00fcminyum kum d\u00f6k\u00fcm\u00fcn dezavantajlar\u0131<\/h3>\r\n<p>Al\u00fcminyum kum d\u00f6k\u00fcm bir\u00e7ok avantaj sunar, ancak a\u015fa\u011f\u0131da listelenen baz\u0131 dezavantajlar\u0131 da vard\u0131r:<\/p>\r\n<p>Al\u00fcminyum kum d\u00f6k\u00fcm, kumdan yap\u0131lan kal\u0131p nedeniyle zay\u0131f y\u00fczey kalitesine sahiptir, yer\u00e7ekimi d\u00f6k\u00fcm ve di\u011fer kal\u0131p d\u00f6k\u00fcm i\u015flemlerine k\u0131yasla, kum d\u00f6k\u00fcm y\u00fczeyi \u00e7ok p\u00fcr\u00fczl\u00fc olacakt\u0131r.<\/p>\r\n<p>Bas\u0131n\u00e7l\u0131 d\u00f6k\u00fcm ve hassas d\u00f6k\u00fcm, daha fazla al\u00fcminyum kum d\u00f6k\u00fcm tasar\u0131m se\u00e7ene\u011fine izin verir. Kum d\u00f6k\u00fcm, temel kal\u0131plar i\u00e7in en iyisidir \u00e7\u00fcnk\u00fc kum kal\u0131plar\u0131 yaln\u0131zca \u00e7ok fazla ayr\u0131nt\u0131 ta\u015f\u0131yabilir. Karma\u015f\u0131k par\u00e7a end\u00fcstrileri i\u00e7in yeterli olmayabilir.<\/p>\r\n<p>Al\u00fcminyum kum d\u00f6k\u00fcm, di\u011fer d\u00f6k\u00fcm tekniklerine g\u00f6re daha d\u00fc\u015f\u00fck boyut ve y\u00fczey kalitesi hassasiyetine sahiptir. Kum kal\u0131plar\u0131 p\u00fcr\u00fczl\u00fc y\u00fczeyler ve boyutlar \u00fcretir, bu nedenle istenen sonucu elde etmek i\u00e7in ek i\u015fleme veya son i\u015flem gerektirebilirler. Bu durum \u00e7\u0131kt\u0131y\u0131 azaltabilir, maliyetleri art\u0131rabilir ve par\u00e7alar\u0131 bozabilir.<\/p>\r\n<p>Kumda al\u00fcminyum d\u00f6k\u00fcm\u00fc, \u00f6zellikle daha b\u00fcy\u00fck veya daha karma\u015f\u0131k \u00fcr\u00fcnler i\u00e7in zaman al\u0131r. Kum kal\u0131b\u0131n\u0131n haz\u0131rlanmas\u0131, erimi\u015f metalin d\u00f6k\u00fclmesi ve \u00fcr\u00fcn\u00fcn so\u011futulup sertle\u015ftirilmesi \u00fcretimi geciktirebilir. Bu durum, teslim tarihleri s\u0131k\u0131\u015f\u0131k olan veya h\u0131zl\u0131 geri d\u00f6n\u00fc\u015f yapan i\u015fletmeleri etkileyebilir.<\/p>\r\n<h3>Al\u00fcminyum kum d\u00f6k\u00fcm\u00fcn\u00fcn zorluklar\u0131<\/h3>\r\n<p>Al\u00fcminyum kum d\u00f6k\u00fcm\u00fcn\u00fcn zorluklar\u0131, d\u00f6k\u00fcm s\u00fcrecinin kalitesini ve verimlili\u011fini etkileyen \u00e7e\u015fitli fakt\u00f6rleri i\u00e7erebilir. Baz\u0131 yayg\u0131n zorluklar a\u015fa\u011f\u0131da listelenmi\u015ftir:<\/p>\r\n<p><strong>G\u00f6zeneklilik:<\/strong> G\u00f6zenekli al\u00fcminyum kum d\u00f6k\u00fcmlerin i\u00e7inde mikroskobik hava cepleri veya bo\u015fluklar bulunur. Havaland\u0131rmas\u0131 zay\u0131f olan kum kal\u0131b\u0131 g\u00f6zeneklilik yaratabilir.<\/p>\r\n<p><strong>Y\u00fczey kusurlar\u0131<\/strong>: Kal\u0131p kumdan yap\u0131ld\u0131\u011f\u0131ndan, y\u00fczey her zaman d\u00fc\u015f\u00fcn\u00fclmesi gereken bir konu olacakt\u0131r, zay\u0131f y\u00fczey kalitesi kum d\u00f6k\u00fcmlerin temel \u00f6zellikleridir<\/p>\r\n<p><strong>Boyutsal do\u011fruluk:<\/strong> Al\u00fcminyum kum d\u00f6k\u00fcm\u00fcnde hassasiyet zordur. Erimi\u015f al\u00fcminyumun so\u011fumas\u0131 ve kat\u0131la\u015fmas\u0131 d\u00f6k\u00fcm\u00fc k\u00fc\u00e7\u00fcltebilir ve deforme edebilir, kum kal\u0131p da s\u0131k\u0131 tolerans\u0131 kar\u015f\u0131layamaz.<\/p>\r\n\r\n\r\n\r\n<h3 class=\"wp-block-heading\">Al\u00fcminyum kum d\u00f6k\u00fcm kal\u0131b\u0131 nedir<\/h3>\r\n\r\n\r\n\r\n<p>Ge\u00e7ici bir kal\u0131p olarak, kum d\u00f6k\u00fcm tekni\u011fini kullanarak metal bile\u015fenler \u00fcretmek i\u00e7in bir al\u00fcminyum kum d\u00f6k\u00fcm kal\u0131b\u0131 kullan\u0131l\u0131r. Kal\u0131plar, d\u00f6k\u00fclecek par\u00e7an\u0131n bir kopyas\u0131 olan bir desenin etraf\u0131na bir kum yata\u011f\u0131n\u0131n paketlenmesiyle yap\u0131l\u0131r. Tasar\u0131m\u0131 yapmak i\u00e7in kullan\u0131lan yayg\u0131n malzemeler aras\u0131nda ah\u015fap, plastik ve metal bulunur. Kum kal\u0131p yap\u0131ld\u0131ktan sonra ikiye b\u00f6l\u00fcn\u00fcr ve kal\u0131b\u0131n i\u00e7i erimi\u015f al\u00fcminyum ile doldurulur. Al\u00fcminyumun d\u00f6k\u00fcm\u00fc, so\u011fuyup kat\u0131la\u015ft\u0131\u011f\u0131nda metal kal\u0131b\u0131n d\u0131\u015f hatlar\u0131na uydu\u011funda ger\u00e7ekle\u015ftirilir. D\u00f6k\u00fcm tamamland\u0131\u011f\u0131nda, kum kal\u0131p ya at\u0131l\u0131r ya da yeni bir malzemeye d\u00f6n\u00fc\u015ft\u00fcr\u00fcl\u00fcr. <\/p>\r\n\r\n\r\n\r\n<h2 class=\"wp-block-heading\">Al\u00fcminyum Kum Kal\u0131plama Olu\u015fturma S\u00fcreci<\/h2>\r\n\r\n\r\n\r\n<p>Al\u00fcminyum kum d\u00f6k\u00fcm i\u00e7in bir kum kal\u0131p olu\u015fturma s\u00fcreci, kal\u0131p yap\u0131m\u0131, kal\u0131plama ve d\u00f6k\u00fcm dahil olmak \u00fczere birka\u00e7 ad\u0131m i\u00e7erir.<\/p>\r\n\r\n\r\n\r\n<p>Temel ad\u0131m, bir kal\u0131p olu\u015fturmak i\u00e7in kumun i\u00e7ine bir desen yerle\u015ftirmektir. Kal\u0131b\u0131n, ay\u0131rma \u00e7izgisi ile b\u00f6l\u00fcnm\u00fc\u015f iki par\u00e7aya sahip oldu\u011fu belirtilmelidir. Ba\u015f k\u0131sm\u0131 \u00fcst yar\u0131, \u00e7ekme k\u0131sm\u0131 ise alt yar\u0131d\u0131r. Ve bildi\u011finiz gibi, 2 ana kum t\u00fcr\u00fc vard\u0131r. Biri \"ye\u015fil kum\", di\u011feri ise \"hava seti\" olarak adland\u0131r\u0131l\u0131r. Birincisi silis kumunun bir kar\u0131\u015f\u0131m\u0131d\u0131r ve ikincisi k\u00fcrleme yap\u0131\u015ft\u0131r\u0131c\u0131s\u0131 yoluyla di\u011fer malzemelerle kuru kumdur.<\/p>\r\n\r\n\r\n\r\n<p>Daha sonra kal\u0131b\u0131 \u00e7\u0131kar\u0131n ve eritilmi\u015f metali kal\u0131ba d\u00f6k\u00fcn. Kal\u0131b\u0131 \u00e7\u0131karmak i\u00e7in titre\u015fim ve mekanik y\u00f6ntemi kullanabilirsiniz. Ve ba\u015f s\u00fcr\u00fcklenmeden ayr\u0131l\u0131r. Mekanik y\u00f6ntemler dahilinde, kum kar\u0131\u015f\u0131m\u0131 bir kal\u0131p bo\u015flu\u011fu i\u00e7in birle\u015ftirilir. Farkl\u0131 kum t\u00fcrlerine g\u00f6re, bu i\u015flem s\u0131ras\u0131nda meydana gelen de\u011fi\u015fim farkl\u0131d\u0131r. Her ne olursa olsun, ana d\u00f6k\u00fcmdeki delikleri \u00f6nlemek i\u00e7in fazla erimi\u015f malzemeyi tutmak i\u00e7in bir y\u00fckselticiye ihtiya\u00e7 vard\u0131r.<\/p>\r\n\r\n\r\n\r\n<p>Ard\u0131ndan, metalin so\u011fumas\u0131n\u0131 bekleyin. \u015eu anda s\u0131v\u0131lar kat\u0131la\u015fm\u0131\u015f durumdad\u0131r. Kal\u0131b\u0131 k\u0131rma ve d\u00f6k\u00fcm\u00fc \u00e7\u0131karma zaman\u0131 gelmi\u015ftir. \u00c7\u0131karma i\u015flemi s\u0131ras\u0131nda kal\u0131b\u0131n tahrip oldu\u011fu do\u011frudur. Ancak, kal\u0131b\u0131n kendisi yeni kal\u0131plar \u00fcretmek i\u00e7in yeniden kullan\u0131labilir.\u00a0<strong><a href=\"https:\/\/aludiecasting.com\/tr\/alumi%cc%87nyum-kum-dokum\/\">kum d\u00f6k\u00fcm kal\u0131plar\u0131<\/a>.<\/strong>\u00a0Ve daha ayr\u0131nt\u0131l\u0131 bir d\u00f6k\u00fcm istiyorsan\u0131z, y\u00fczeyler parlat\u0131lmal\u0131d\u0131r.<\/p>\r\n\r\n\r\n\r\n<h3 class=\"wp-block-heading\">Al\u00fcminyum Kum D\u00f6k\u00fcm Tedarik\u00e7isi Se\u00e7erken Dikkat Edilmesi Gereken Fakt\u00f6rler<\/h3>\r\n\r\n\r\n\r\n<p>\u00dcretim i\u00e7in bir metal kum d\u00f6k\u00fcm tedarik\u00e7isi se\u00e7erken d\u00fc\u015f\u00fcn\u00fclmesi gereken bir dizi \u015fey vard\u0131r. Al\u00fcminyum kum d\u00f6k\u00fcm\u00fc ile bir\u00e7ok karma\u015f\u0131k par\u00e7a yap\u0131l\u0131r ve do\u011fru tedarik\u00e7iyi se\u00e7mek hem kaliteyi hem de maliyeti de\u011fi\u015ftirebilir. Bu blog yaz\u0131s\u0131nda, bir al\u00fcminyum kum d\u00f6k\u00fcm kayna\u011f\u0131 se\u00e7erken dikkate al\u0131nmas\u0131 gereken fakt\u00f6rlerden bahsedece\u011fiz. <br \/><br \/>Bir al\u00fcminyum kum d\u00f6k\u00fcm sa\u011flay\u0131c\u0131s\u0131 ararken, deneyim ve beceri \u00e7ok \u00f6nemlidir. Bir\u00e7ok farkl\u0131 i\u015fletme t\u00fcr\u00fc i\u00e7in y\u00fcksek kaliteli metal d\u00f6k\u00fcmler yapm\u0131\u015f bir \u015firket bulun. \u00c7ok fazla deneyime sahip tedarik\u00e7iler, s\u0131k\u0131 teknik \u00f6zelliklere ve karma\u015f\u0131k tasar\u0131mlara sahip par\u00e7alar yapabilir. <br \/><br \/>Tedarik\u00e7inin bir \u015feyler yapabilme becerisi de \u00f6nemlidir. Hizmet sa\u011flay\u0131c\u0131n\u0131n d\u00f6k\u00fcm i\u00e7in ihtiyac\u0131n\u0131z olan ara\u00e7 ve malzemelere sahip oldu\u011fundan emin olun. Kal\u0131p boyutlar\u0131n\u0131, t\u00fcr\u00fcn\u00fc ve \u00fcretim teslim tarihlerini kar\u015f\u0131lama becerilerini listeler. Yapman\u0131z gereken bir di\u011fer \u015fey de tedarik\u00e7inin kalite kontrol\u00fcne ve sertifikalar\u0131na bakmakt\u0131r. Sat\u0131n ald\u0131\u011f\u0131n\u0131z par\u00e7alar\u0131n kalite ve tutarl\u0131l\u0131k a\u00e7\u0131s\u0131ndan en y\u00fcksek standartlar\u0131 kar\u015f\u0131lad\u0131\u011f\u0131ndan emin olmak i\u00e7in ISO 9001 sertifikal\u0131 bir kaynak bulun. <br \/><br \/>Bir al\u00fcminyum kum d\u00f6k\u00fcm tedarik\u00e7isi se\u00e7erken, maliyetinin ne kadar oldu\u011funu da d\u00fc\u015f\u00fcnmelisiniz. Sadece rekabet\u00e7i fiyatlara sahip bir tedarik\u00e7i bulmak de\u011fil, ayn\u0131 zamanda genel de\u011ferleri de \u00f6nemlidir. Teslim s\u00fcreleri, kalite kontrol ve m\u00fc\u015fteri hizmetleri hepimizin d\u00fc\u015f\u00fcnd\u00fc\u011f\u00fc \u015feylerdir. Kaliteden veya g\u00fcvenilirlikten \u00f6d\u00fcn veren ucuz tedarik\u00e7ilerden sat\u0131n almak uzun vadede size daha pahal\u0131ya mal olabilir. Fiyat-de\u011fer oran\u0131 adil olan bir tedarik\u00e7i bulun ve fiyatlar\u0131 \u00e7ok y\u00fcksek olanlardan uzak durun. <br \/><br \/>Bir al\u00fcminyum kum d\u00f6k\u00fcm tedarik\u00e7isi se\u00e7erken, ileti\u015fim ve haberle\u015fme de \u00e7ok \u00f6nemlidir. H\u0131zl\u0131 yan\u0131t veren, ileti\u015fime ge\u00e7mesi kolay olan ve d\u00f6k\u00fcm i\u00e7in neye ihtiyac\u0131n\u0131z oldu\u011funu anlaman\u0131za yard\u0131mc\u0131 olmak isteyen bir tedarik\u00e7i bulun. Hem tasar\u0131m hem de \u00fcretim konusunda size yard\u0131mc\u0131 olmaya istekli olan bir tedarik\u00e7i size do\u011fru par\u00e7alar\u0131 sa\u011flayabilir. <\/p>\r\n\r\n\r\n\r\n<p>Kum D\u00f6k\u00fcm par\u00e7alar\u0131 sat\u0131n almak i\u00e7in\u00a0<a href=\"https:\/\/aludiecasting.com\/tr\/alumi%cc%87nyum-kum-dokum\/\"><em><strong>Kum D\u00f6k\u00fcm \u00c7in<\/strong><\/em><\/a>\u00a0pazar\u0131n\u0131z i\u00e7in en iyi se\u00e7enek olacak, h\u0131zl\u0131 teslimat s\u00fcresi, y\u00fcksek soru, e\u015fle\u015ftirme, size sunabilece\u011fimiz hepsi bir arada hizmet, fiyat almak i\u00e7in bize bir e-posta g\u00f6nderin.<\/p>\r\n<p>GC PRECISION MOLD CO.LTD, y\u00fcksek bas\u0131n\u00e7l\u0131 d\u00f6k\u00fcm, gravite d\u00f6k\u00fcm, kum d\u00f6k\u00fcm vb. dahil olmak \u00fczere komple d\u00f6k\u00fcm \u00e7\u00f6z\u00fcmleri sunmaktad\u0131r. Tasar\u0131mdan teslimata kadar t\u00fcm sorumluluklar i\u00e7in projenizle ilgilenece\u011fiz. \u00dcr\u00fcn yelpazemiz \u015funlar\u0131 i\u00e7erir\u00a0<a href=\"https:\/\/aludiecasting.com\/tr\/alumi%cc%87nyum-dokum\/\">Al\u00fcminyum Bas\u0131n\u00e7l\u0131 D\u00f6k\u00fcm<\/a>,\u00a0<a href=\"https:\/\/aludiecasting.com\/tr\/aluminyum-yercekimi-dokum-2\/\"><strong>al\u00fcminyum yer\u00e7ekimi d\u00f6k\u00fcm<\/strong><\/a>, CNC i\u015fleme,\u00a0<a href=\"https:\/\/www.thediecasting.com\/magnesium-die-casting\/\" target=\"_blank\" rel=\"noopener\">magnezyum d\u00f6k\u00fcm<\/a>,\u00a0<a href=\"https:\/\/aludiecasting.com\/tr\/vakumlu-ci%cc%87nko-dokum\/\">\u00e7i\u0307nko d\u00f6k\u00fcm<\/a>metal damgalama bile\u015fenleri, tornalama i\u015fleme, Elektrikli Makine Bile\u015fenleri, Yak\u0131t Pompalama Bile\u015fenleri, led sokak ayd\u0131nlatma muhafazas\u0131, \u0131s\u0131 emici \u00fcr\u00fcnler vb.<\/p>\r\n<p>\u00c7e\u015fitli end\u00fcstrilere 10 gm'dan 30 kg'a kadar al\u00fcminyum \u00fcretim kapasitemiz, \u00f6zellikle al\u00fcminyum yer\u00e7ekimi d\u00f6k\u00fcm i\u015flemi i\u00e7in son teknoloji d\u00f6k\u00fcm i\u015flemi ve ikincil i\u015fleme yeteneklerini kullan\u0131yoruz. Toz boya, eloksal, boyama ve montaj gibi hacimli ek hizmetler sunuyoruz.<\/p>\r\n<p>GC MOLD, en son teknolojiyi kullanarak, d\u00fcnyaya y\u00fcksek kaliteli Al\u00fcminyum yer\u00e7ekimi d\u00f6k\u00fcm \u00fcr\u00fcnleri \u00fcretiyor ve tedarik ediyoruz, 60 Ton ile 1000 Ton aras\u0131nda de\u011fi\u015fen kapasiteye sahip 6 d\u00f6k\u00fcm makinemiz var.\u00a0<strong>al\u00fcminyum d\u00f6k\u00fcm veya al\u00fcminyum gravite d\u00f6k\u00fcm<\/strong>Teklif i\u00e7in ihtiyac\u0131n\u0131z\u0131 bize g\u00f6nderebilirsiniz, size 24 saat i\u00e7inde en iyi fiyat\u0131 sunaca\u011f\u0131z.<\/p>\r\n\r\n<p>&nbsp;<\/p>\r\n\r\n<figure class=\"wp-block-gallery has-nested-images columns-4 is-cropped wp-block-gallery-1 is-layout-flex wp-block-gallery-is-layout-flex\">\r\n<figure class=\"wp-block-image size-large\"><img loading=\"lazy\" decoding=\"async\" width=\"480\" height=\"640\" data-id=\"12874\" class=\"wp-image-12874\" src=\"https:\/\/aludiecasting.com\/wp-content\/uploads\/2018\/10\/Sand-Casting-in-China.jpg\" alt=\"\u00c7in&#039;de Kum D\u00f6k\u00fcm\" title=\"\" srcset=\"https:\/\/aludiecasting.com\/wp-content\/uploads\/2018\/10\/Sand-Casting-in-China.jpg 480w, https:\/\/aludiecasting.com\/wp-content\/uploads\/2018\/10\/Sand-Casting-in-China-225x300.jpg 225w\" sizes=\"(max-width: 480px) 100vw, 480px\" \/>\r\n<figcaption class=\"wp-element-caption\"><a href=\"https:\/\/aludiecasting.com\/tr\/\">\u00c7in'de Kum D\u00f6k\u00fcm<\/a><\/figcaption>\r\n<\/figure>\r\n\r\n\r\n\r\n<figure class=\"wp-block-image size-large\"><img loading=\"lazy\" decoding=\"async\" width=\"480\" height=\"640\" data-id=\"12879\" class=\"wp-image-12879\" src=\"https:\/\/aludiecasting.com\/wp-content\/uploads\/2018\/10\/sand-castings-china.jpg\" alt=\"kum d\u00f6k\u00fcm \u00e7i\u0307n\" title=\"\" srcset=\"https:\/\/aludiecasting.com\/wp-content\/uploads\/2018\/10\/sand-castings-china.jpg 480w, https:\/\/aludiecasting.com\/wp-content\/uploads\/2018\/10\/sand-castings-china-225x300.jpg 225w\" sizes=\"(max-width: 480px) 100vw, 480px\" \/>\r\n<figcaption class=\"wp-element-caption\"><a href=\"https:\/\/aludiecasting.com\/tr\/\">Kum D\u00f6k\u00fcm \u00c7in<\/a><\/figcaption>\r\n<\/figure>\r\n\r\n\r\n\r\n<figure class=\"wp-block-image size-large\"><img loading=\"lazy\" decoding=\"async\" width=\"480\" height=\"640\" data-id=\"12867\" class=\"wp-image-12867\" src=\"https:\/\/aludiecasting.com\/wp-content\/uploads\/2018\/10\/china-sand-casting.jpg\" alt=\"\u00e7i\u0307n kum d\u00f6k\u00fcm\" title=\"\" srcset=\"https:\/\/aludiecasting.com\/wp-content\/uploads\/2018\/10\/china-sand-casting.jpg 480w, https:\/\/aludiecasting.com\/wp-content\/uploads\/2018\/10\/china-sand-casting-225x300.jpg 225w\" sizes=\"(max-width: 480px) 100vw, 480px\" \/>\r\n<figcaption class=\"wp-element-caption\">\u00c7in kum d\u00f6k\u00fcm<\/figcaption>\r\n<\/figure>\r\n\r\n\r\n\r\n<figure class=\"wp-block-image size-large\"><img loading=\"lazy\" decoding=\"async\" data-id=\"12869\" class=\"alignnone wp-image-12869\" src=\"https:\/\/aludiecasting.com\/wp-content\/uploads\/2018\/10\/Chinese-sand-casting.jpg\" alt=\"Al\u00fcminyum kum d\u00f6k\u00fcm\" width=\"480\" height=\"640\" title=\"\" srcset=\"https:\/\/aludiecasting.com\/wp-content\/uploads\/2018\/10\/Chinese-sand-casting.jpg 480w, https:\/\/aludiecasting.com\/wp-content\/uploads\/2018\/10\/Chinese-sand-casting-225x300.jpg 225w\" sizes=\"(max-width: 480px) 100vw, 480px\" \/>\r\n<figcaption class=\"wp-element-caption\">\u00c7in kum d\u00f6k\u00fcm\u00fc<\/figcaption>\r\n<\/figure>\r\n<\/figure>","protected":false},"excerpt":{"rendered":"<p>Have you seen a large metal made of iron, bronze, brass or aluminum with some featured patterns in the middle? Have you noticed a cavity of wood or metal? If you say yes, I think you have already got the idea of casting. The sand is a cast part produced by forming a mold from [&hellip;]<\/p>\n","protected":false},"author":1,"featured_media":0,"parent":0,"menu_order":0,"comment_status":"closed","ping_status":"closed","template":"","meta":{"_et_pb_use_builder":"off","_et_pb_old_content":"","_et_gb_content_width":"","footnotes":""},"class_list":["post-12046","page","type-page","status-publish","hentry"],"_links":{"self":[{"href":"https:\/\/aludiecasting.com\/tr\/wp-json\/wp\/v2\/pages\/12046","targetHints":{"allow":["GET"]}}],"collection":[{"href":"https:\/\/aludiecasting.com\/tr\/wp-json\/wp\/v2\/pages"}],"about":[{"href":"https:\/\/aludiecasting.com\/tr\/wp-json\/wp\/v2\/types\/page"}],"author":[{"embeddable":true,"href":"https:\/\/aludiecasting.com\/tr\/wp-json\/wp\/v2\/users\/1"}],"replies":[{"embeddable":true,"href":"https:\/\/aludiecasting.com\/tr\/wp-json\/wp\/v2\/comments?post=12046"}],"version-history":[{"count":0,"href":"https:\/\/aludiecasting.com\/tr\/wp-json\/wp\/v2\/pages\/12046\/revisions"}],"wp:attachment":[{"href":"https:\/\/aludiecasting.com\/tr\/wp-json\/wp\/v2\/media?parent=12046"}],"curies":[{"name":"wp","href":"https:\/\/api.w.org\/{rel}","templated":true}]}}